{"id":181435,"date":"2026-04-30T10:24:57","date_gmt":"2026-04-30T08:24:57","guid":{"rendered":"https:\/\/watchdeluxe.it\/prodotto\/longines-primaluna-fases-de-la-luna-ref-l81264876\/"},"modified":"2026-04-30T10:24:57","modified_gmt":"2026-04-30T08:24:57","slug":"longines-primaluna-fases-de-la-luna-ref-l81264876","status":"publish","type":"product","link":"https:\/\/watchdeluxe.it\/es\/prodotto\/longines-primaluna-fases-de-la-luna-ref-l81264876\/","title":{"rendered":"Longines PrimaLuna Fases de la Luna ref. L81264876"},"content":{"rendered":"<p>Longines PrimaLuna Fases de la Luna ref. L81264876<\/p>\n<ul>\n<li>Material de la caja: Acero inoxidable<\/li>\n<li>Di\u00e1metro de caja: 30 mm<\/li>\n<li>Grosor: 9,30 mm<\/li>\n<li>Movimiento: Cuarzo<\/li>\n<li>Estanqueidad: 3 bar (30 metros)<\/li>\n<li>Cristal: Cristal de zafiro resistente a los ara\u00f1azos<\/li>\n<li>Brazalete\/Correa: Acero inoxidable<\/li>\n<li>A\u00f1o de producci\u00f3n: Colecci\u00f3n actual<\/li>\n<\/ul>\n","protected":false},"excerpt":{"rendered":"<p>Reloj femenino de una elegancia et\u00e9rea y atemporal.<\/p>\n","protected":false},"featured_media":181436,"template":"","meta":{"_crdt_document":"","advanced_seo_description":"","jetpack_seo_html_title":"","jetpack_seo_noindex":false},"product_brand":[],"product_cat":[1923],"product_tag":[4551],"berocket_brand":[],"woo-feed-brand":[],"class_list":{"0":"post-181435","1":"product","2":"type-product","3":"status-publish","4":"has-post-thumbnail","6":"product_cat-longines","7":"product_tag-primaluna-2","9":"first","10":"instock","11":"sale","12":"taxable","13":"shipping-taxable","14":"purchasable","15":"product-type-simple"},"bundled_by":[],"bundle_stock_status":"instock","bundle_stock_quantity":1,"bundle_virtual":false,"bundle_layout":"","bundle_add_to_cart_form_location":"","bundle_editable_in_cart":false,"bundle_sold_individually_context":"","bundle_item_grouping":"","bundle_min_size":"","bundle_max_size":"","bundle_price":[],"bundled_items":[],"bundle_sell_ids":[],"group_of_quantity":0,"min_quantity":0,"max_quantity":"","exclude_order_quantity_value_rules":"no","exclude_category_quantity_rules":"no","combine_variations":"no","jetpack_sharing_enabled":true,"jetpack_likes_enabled":true,"_links":{"self":[{"href":"https:\/\/watchdeluxe.it\/es\/wp-json\/wp\/v2\/product\/181435","targetHints":{"allow":["GET"]}}],"collection":[{"href":"https:\/\/watchdeluxe.it\/es\/wp-json\/wp\/v2\/product"}],"about":[{"href":"https:\/\/watchdeluxe.it\/es\/wp-json\/wp\/v2\/types\/product"}],"wp:featuredmedia":[{"embeddable":true,"href":"https:\/\/watchdeluxe.it\/es\/wp-json\/wp\/v2\/media\/181436"}],"wp:attachment":[{"href":"https:\/\/watchdeluxe.it\/es\/wp-json\/wp\/v2\/media?parent=181435"}],"wp:term":[{"taxonomy":"product_brand","embeddable":true,"href":"https:\/\/watchdeluxe.it\/es\/wp-json\/wp\/v2\/product_brand?post=181435"},{"taxonomy":"product_cat","embeddable":true,"href":"https:\/\/watchdeluxe.it\/es\/wp-json\/wp\/v2\/product_cat?post=181435"},{"taxonomy":"product_tag","embeddable":true,"href":"https:\/\/watchdeluxe.it\/es\/wp-json\/wp\/v2\/product_tag?post=181435"},{"taxonomy":"berocket_brand","embeddable":true,"href":"https:\/\/watchdeluxe.it\/es\/wp-json\/wp\/v2\/berocket_brand?post=181435"},{"taxonomy":"woo-feed-brand","embeddable":true,"href":"https:\/\/watchdeluxe.it\/es\/wp-json\/wp\/v2\/woo-feed-brand?post=181435"}],"curies":[{"name":"wp","href":"https:\/\/api.w.org\/{rel}","templated":true}]}}