{"id":181301,"date":"2026-04-30T09:41:05","date_gmt":"2026-04-30T07:41:05","guid":{"rendered":"https:\/\/watchdeluxe.it\/prodotto\/longines-la-grande-classique-ref-l48664942\/"},"modified":"2026-04-30T09:42:00","modified_gmt":"2026-04-30T07:42:00","slug":"longines-la-grande-classique-ref-l48664942","status":"publish","type":"product","link":"https:\/\/watchdeluxe.it\/es\/prodotto\/longines-la-grande-classique-ref-l48664942\/","title":{"rendered":"Longines la grande classique ref. L48664942"},"content":{"rendered":"<p>Longines la grande classique ref. L48664942<\/p>\n<ul>\n<li>Material de la caja: Acero inoxidable<\/li>\n<li>Di\u00e1metro de la caja: 39 mm<\/li>\n<li>Grosor: 9,75 mm<\/li>\n<li>Movimiento: Mec\u00e1nico de cuerda autom\u00e1tica, calibre L888<\/li>\n<li>Estanqueidad: 3 bar (30 metros)<\/li>\n<li>Cristal: Cristal de zafiro resistente a los ara\u00f1azos<\/li>\n<li>Brazalete\/Correa: Correa de piel de caim\u00e1n azul<\/li>\n<\/ul>\n","protected":false},"excerpt":{"rendered":"<p>Elegante reloj autom\u00e1tico de dise\u00f1o cl\u00e1sico y sobrio<\/p>\n","protected":false},"featured_media":181291,"template":"","meta":{"_crdt_document":"","advanced_seo_description":"","jetpack_seo_html_title":"","jetpack_seo_noindex":false},"product_brand":[],"product_cat":[1923],"product_tag":[1619],"berocket_brand":[],"woo-feed-brand":[],"class_list":{"0":"post-181301","1":"product","2":"type-product","3":"status-publish","4":"has-post-thumbnail","6":"product_cat-longines","7":"product_tag-la-grande-classique","9":"first","10":"instock","11":"sale","12":"taxable","13":"shipping-taxable","14":"purchasable","15":"product-type-simple"},"bundled_by":[],"bundle_stock_status":"instock","bundle_stock_quantity":1,"bundle_virtual":false,"bundle_layout":"","bundle_add_to_cart_form_location":"","bundle_editable_in_cart":false,"bundle_sold_individually_context":"","bundle_item_grouping":"","bundle_min_size":"","bundle_max_size":"","bundle_price":[],"bundled_items":[],"bundle_sell_ids":[],"group_of_quantity":0,"min_quantity":0,"max_quantity":"","exclude_order_quantity_value_rules":"no","exclude_category_quantity_rules":"no","combine_variations":"no","jetpack_sharing_enabled":true,"jetpack_likes_enabled":true,"_links":{"self":[{"href":"https:\/\/watchdeluxe.it\/es\/wp-json\/wp\/v2\/product\/181301","targetHints":{"allow":["GET"]}}],"collection":[{"href":"https:\/\/watchdeluxe.it\/es\/wp-json\/wp\/v2\/product"}],"about":[{"href":"https:\/\/watchdeluxe.it\/es\/wp-json\/wp\/v2\/types\/product"}],"wp:featuredmedia":[{"embeddable":true,"href":"https:\/\/watchdeluxe.it\/es\/wp-json\/wp\/v2\/media\/181291"}],"wp:attachment":[{"href":"https:\/\/watchdeluxe.it\/es\/wp-json\/wp\/v2\/media?parent=181301"}],"wp:term":[{"taxonomy":"product_brand","embeddable":true,"href":"https:\/\/watchdeluxe.it\/es\/wp-json\/wp\/v2\/product_brand?post=181301"},{"taxonomy":"product_cat","embeddable":true,"href":"https:\/\/watchdeluxe.it\/es\/wp-json\/wp\/v2\/product_cat?post=181301"},{"taxonomy":"product_tag","embeddable":true,"href":"https:\/\/watchdeluxe.it\/es\/wp-json\/wp\/v2\/product_tag?post=181301"},{"taxonomy":"berocket_brand","embeddable":true,"href":"https:\/\/watchdeluxe.it\/es\/wp-json\/wp\/v2\/berocket_brand?post=181301"},{"taxonomy":"woo-feed-brand","embeddable":true,"href":"https:\/\/watchdeluxe.it\/es\/wp-json\/wp\/v2\/woo-feed-brand?post=181301"}],"curies":[{"name":"wp","href":"https:\/\/api.w.org\/{rel}","templated":true}]}}