{"id":181034,"date":"2026-04-14T09:27:54","date_gmt":"2026-04-14T07:27:54","guid":{"rendered":"https:\/\/watchdeluxe.it\/prodotto\/nomos-club-sport-neomatik-horas-del-mundo-azul-ref-790\/"},"modified":"2026-04-14T09:27:54","modified_gmt":"2026-04-14T07:27:54","slug":"nomos-club-sport-neomatik-horas-del-mundo-azul-ref-790","status":"publish","type":"product","link":"https:\/\/watchdeluxe.it\/es\/prodotto\/nomos-club-sport-neomatik-horas-del-mundo-azul-ref-790\/","title":{"rendered":"Nomos Club Sport neomatik horas del mundo azul ref. 790"},"content":{"rendered":"<p>Nomos Club Sport neomatik horas del mundo azul ref. 790<\/p>\n<ul>\n<li><strong>Modelo:<\/strong> Club Sport neomatik 40 horas del mundo azul<\/li>\n<li><strong>Movimiento:<\/strong> Calibre de manufactura DUW 3202 (autom\u00e1tico)<\/li>\n<li><strong>Complicaci\u00f3n:<\/strong> Horas del mundo con indicaci\u00f3n de 24 horas y disco de ciudades<\/li>\n<li><strong>Caja:<\/strong> Acero inoxidable, tripartita con corona a rosca<\/li>\n<li><strong>Di\u00e1metro:<\/strong> 40,0 mm<\/li>\n<li><strong>Grosor:<\/strong> 9,9 mm<\/li>\n<li><strong>Cristal:<\/strong> Cristal de zafiro abombado con revestimiento antirreflectante interno y externo<\/li>\n<li><strong>Hermeticidad:<\/strong> 10 atm (100 metros)<\/li>\n<li><strong>Esfera:<\/strong> Azul galv\u00e1nico con \u00edndices de Super-LumiNova blanca<\/li>\n<li><strong>Brazalete:<\/strong> Club Sport de acero inoxidable con cierre r\u00e1pido<\/li>\n<\/ul>\n","protected":false},"excerpt":{"rendered":"<p>La encarnaci\u00f3n de la elegancia cosmopolita: el NOMOS 790 Club Sport neomatik 40 Worldtimer combina una sofisticada complicaci\u00f3n de horas del mundo con un dise\u00f1o deportivo y ultraplano de manufactura alemana.<\/p>\n","protected":false},"featured_media":181029,"template":"","meta":{"_crdt_document":"","advanced_seo_description":"","jetpack_seo_html_title":"","jetpack_seo_noindex":false},"product_brand":[],"product_cat":[1919],"product_tag":[],"berocket_brand":[],"woo-feed-brand":[],"class_list":{"0":"post-181034","1":"product","2":"type-product","3":"status-publish","4":"has-post-thumbnail","6":"product_cat-nomos-glashutte","8":"first","9":"instock","10":"sale","11":"taxable","12":"shipping-taxable","13":"purchasable","14":"product-type-simple"},"bundled_by":[],"bundle_stock_status":"instock","bundle_stock_quantity":1,"bundle_virtual":false,"bundle_layout":"","bundle_add_to_cart_form_location":"","bundle_editable_in_cart":false,"bundle_sold_individually_context":"","bundle_item_grouping":"","bundle_min_size":"","bundle_max_size":"","bundle_price":[],"bundled_items":[],"bundle_sell_ids":[],"group_of_quantity":0,"min_quantity":0,"max_quantity":"","exclude_order_quantity_value_rules":"no","exclude_category_quantity_rules":"no","combine_variations":"no","jetpack_sharing_enabled":true,"jetpack_likes_enabled":true,"_links":{"self":[{"href":"https:\/\/watchdeluxe.it\/es\/wp-json\/wp\/v2\/product\/181034","targetHints":{"allow":["GET"]}}],"collection":[{"href":"https:\/\/watchdeluxe.it\/es\/wp-json\/wp\/v2\/product"}],"about":[{"href":"https:\/\/watchdeluxe.it\/es\/wp-json\/wp\/v2\/types\/product"}],"wp:featuredmedia":[{"embeddable":true,"href":"https:\/\/watchdeluxe.it\/es\/wp-json\/wp\/v2\/media\/181029"}],"wp:attachment":[{"href":"https:\/\/watchdeluxe.it\/es\/wp-json\/wp\/v2\/media?parent=181034"}],"wp:term":[{"taxonomy":"product_brand","embeddable":true,"href":"https:\/\/watchdeluxe.it\/es\/wp-json\/wp\/v2\/product_brand?post=181034"},{"taxonomy":"product_cat","embeddable":true,"href":"https:\/\/watchdeluxe.it\/es\/wp-json\/wp\/v2\/product_cat?post=181034"},{"taxonomy":"product_tag","embeddable":true,"href":"https:\/\/watchdeluxe.it\/es\/wp-json\/wp\/v2\/product_tag?post=181034"},{"taxonomy":"berocket_brand","embeddable":true,"href":"https:\/\/watchdeluxe.it\/es\/wp-json\/wp\/v2\/berocket_brand?post=181034"},{"taxonomy":"woo-feed-brand","embeddable":true,"href":"https:\/\/watchdeluxe.it\/es\/wp-json\/wp\/v2\/woo-feed-brand?post=181034"}],"curies":[{"name":"wp","href":"https:\/\/api.w.org\/{rel}","templated":true}]}}