{"id":179541,"date":"2026-04-25T10:08:16","date_gmt":"2026-04-25T08:08:16","guid":{"rendered":"https:\/\/watchdeluxe.it\/prodotto\/longines-hydroconquest-ref-l37803786\/"},"modified":"2026-04-25T10:08:16","modified_gmt":"2026-04-25T08:08:16","slug":"longines-hydroconquest-ref-l37803786","status":"publish","type":"product","link":"https:\/\/watchdeluxe.it\/es\/prodotto\/longines-hydroconquest-ref-l37803786\/","title":{"rendered":"Longines hydroconquest ref. L37803786"},"content":{"rendered":"<p>Longines hydroconquest ref. L37803786<\/p>\n<ul>\n<li><strong>Colecci\u00f3n:<\/strong> HydroConquest<\/li>\n<li><strong>Caja:<\/strong> Acero inoxidable y revestimiento PVD oro rosa<\/li>\n<li><strong>Di\u00e1metro:<\/strong> 39,00 mm<\/li>\n<li><strong>Bisel:<\/strong> Cer\u00e1mica gris giratoria unidireccional<\/li>\n<li><strong>Cristal:<\/strong> Zafiro resistente a los ara\u00f1azos con tratamiento antirreflejos multicapa en ambos lados<\/li>\n<li><strong>Esfera:<\/strong> Gris rayos de sol con \u00edndices y n\u00fameros \u00e1rabes aplicados<\/li>\n<li><strong>Movimiento:<\/strong> Mec\u00e1nico de carga autom\u00e1tica calibre L888<\/li>\n<li><strong>Reserva de marcha:<\/strong> Aproximadamente 72 horas<\/li>\n<li><strong>Impermeabilidad:<\/strong> Hasta 30 bar (300 metros)<\/li>\n<li><strong>Brazalete:<\/strong> Acero inoxidable y revestimiento PVD oro rosa<\/li>\n<\/ul>\n","protected":false},"excerpt":{"rendered":"<p>La uni\u00f3n perfecta entre la audacia deportiva y la elegancia atemporal: el Longines HydroConquest L37803786 cautiva con su bisel de cer\u00e1mica gris y los refinados detalles en PVD oro rosa.<\/p>\n","protected":false},"featured_media":179391,"template":"","meta":{"_crdt_document":"","advanced_seo_description":"","jetpack_seo_html_title":"","jetpack_seo_noindex":false},"product_brand":[],"product_cat":[1923],"product_tag":[3737],"berocket_brand":[],"woo-feed-brand":[],"class_list":{"0":"post-179541","1":"product","2":"type-product","3":"status-publish","4":"has-post-thumbnail","6":"product_cat-longines","7":"product_tag-hydroconquest-2","9":"first","10":"instock","11":"sale","12":"taxable","13":"shipping-taxable","14":"purchasable","15":"product-type-simple"},"bundled_by":[],"bundle_stock_status":"instock","bundle_stock_quantity":1,"bundle_virtual":false,"bundle_layout":"","bundle_add_to_cart_form_location":"","bundle_editable_in_cart":false,"bundle_sold_individually_context":"","bundle_item_grouping":"","bundle_min_size":"","bundle_max_size":"","bundle_price":[],"bundled_items":[],"bundle_sell_ids":[],"group_of_quantity":0,"min_quantity":0,"max_quantity":"","exclude_order_quantity_value_rules":"no","exclude_category_quantity_rules":"no","combine_variations":"no","jetpack_sharing_enabled":true,"jetpack_likes_enabled":true,"_links":{"self":[{"href":"https:\/\/watchdeluxe.it\/es\/wp-json\/wp\/v2\/product\/179541","targetHints":{"allow":["GET"]}}],"collection":[{"href":"https:\/\/watchdeluxe.it\/es\/wp-json\/wp\/v2\/product"}],"about":[{"href":"https:\/\/watchdeluxe.it\/es\/wp-json\/wp\/v2\/types\/product"}],"wp:featuredmedia":[{"embeddable":true,"href":"https:\/\/watchdeluxe.it\/es\/wp-json\/wp\/v2\/media\/179391"}],"wp:attachment":[{"href":"https:\/\/watchdeluxe.it\/es\/wp-json\/wp\/v2\/media?parent=179541"}],"wp:term":[{"taxonomy":"product_brand","embeddable":true,"href":"https:\/\/watchdeluxe.it\/es\/wp-json\/wp\/v2\/product_brand?post=179541"},{"taxonomy":"product_cat","embeddable":true,"href":"https:\/\/watchdeluxe.it\/es\/wp-json\/wp\/v2\/product_cat?post=179541"},{"taxonomy":"product_tag","embeddable":true,"href":"https:\/\/watchdeluxe.it\/es\/wp-json\/wp\/v2\/product_tag?post=179541"},{"taxonomy":"berocket_brand","embeddable":true,"href":"https:\/\/watchdeluxe.it\/es\/wp-json\/wp\/v2\/berocket_brand?post=179541"},{"taxonomy":"woo-feed-brand","embeddable":true,"href":"https:\/\/watchdeluxe.it\/es\/wp-json\/wp\/v2\/woo-feed-brand?post=179541"}],"curies":[{"name":"wp","href":"https:\/\/api.w.org\/{rel}","templated":true}]}}