{"id":179511,"date":"2026-04-25T09:56:01","date_gmt":"2026-04-25T07:56:01","guid":{"rendered":"https:\/\/watchdeluxe.it\/prodotto\/longines-legend-diver-ref-l37744302\/"},"modified":"2026-04-25T09:56:01","modified_gmt":"2026-04-25T07:56:01","slug":"longines-legend-diver-ref-l37744302","status":"publish","type":"product","link":"https:\/\/watchdeluxe.it\/es\/prodotto\/longines-legend-diver-ref-l37744302\/","title":{"rendered":"Longines legend diver ref. L37744302"},"content":{"rendered":"<p>Longines legend diver ref. L37744302<\/p>\n<ul>\n<li><strong>Caja:<\/strong> Acero inoxidable de 42 mm con acabado pulido<\/li>\n<li><strong>Movimiento:<\/strong> Mec\u00e1nico de carga autom\u00e1tica calibre L888<\/li>\n<li><strong>Reserva de marcha:<\/strong> Autonom\u00eda extendida hasta aproximadamente 72 horas<\/li>\n<li><strong>Impermeabilidad:<\/strong> Garantizada hasta 30 bar (300 metros)<\/li>\n<li><strong>Cristal:<\/strong> Zafiro antirrayas abombado con tratamiento antirreflejos multicapa<\/li>\n<li><strong>Bisel:<\/strong> Rehaut interno giratorio para el control de las inmersiones<\/li>\n<li><strong>Esfera:<\/strong> Beige degradado con \u00edndices en Swiss Super-LumiNova\u00ae<\/li>\n<li><strong>Coronas:<\/strong> Dos coronas atornilladas para la m\u00e1xima seguridad subacu\u00e1tica<\/li>\n<li><strong>Fondo:<\/strong> Atornillado con grabado del ic\u00f3nico s\u00edmbolo del buceador<\/li>\n<li><strong>Correa:<\/strong> Material sint\u00e9tico beige con hebilla de acero<\/li>\n<\/ul>\n","protected":false},"excerpt":{"rendered":"<p>El Longines Legend Diver L3.774.4.30.2 es un icono del dise\u00f1o subacu\u00e1tico vintage, reinterpretado con la excelencia mec\u00e1nica suiza para una elegancia sin l\u00edmites.<\/p>\n","protected":false},"featured_media":179385,"template":"","meta":{"_crdt_document":"","advanced_seo_description":"","jetpack_seo_html_title":"","jetpack_seo_noindex":false},"product_brand":[],"product_cat":[1923],"product_tag":[1423],"berocket_brand":[],"woo-feed-brand":[],"class_list":{"0":"post-179511","1":"product","2":"type-product","3":"status-publish","4":"has-post-thumbnail","6":"product_cat-longines","7":"product_tag-diver","9":"first","10":"instock","11":"sale","12":"taxable","13":"shipping-taxable","14":"purchasable","15":"product-type-simple"},"bundled_by":[],"bundle_stock_status":"instock","bundle_stock_quantity":1,"bundle_virtual":false,"bundle_layout":"","bundle_add_to_cart_form_location":"","bundle_editable_in_cart":false,"bundle_sold_individually_context":"","bundle_item_grouping":"","bundle_min_size":"","bundle_max_size":"","bundle_price":[],"bundled_items":[],"bundle_sell_ids":[],"group_of_quantity":0,"min_quantity":0,"max_quantity":"","exclude_order_quantity_value_rules":"no","exclude_category_quantity_rules":"no","combine_variations":"no","jetpack_sharing_enabled":true,"jetpack_likes_enabled":true,"_links":{"self":[{"href":"https:\/\/watchdeluxe.it\/es\/wp-json\/wp\/v2\/product\/179511","targetHints":{"allow":["GET"]}}],"collection":[{"href":"https:\/\/watchdeluxe.it\/es\/wp-json\/wp\/v2\/product"}],"about":[{"href":"https:\/\/watchdeluxe.it\/es\/wp-json\/wp\/v2\/types\/product"}],"wp:featuredmedia":[{"embeddable":true,"href":"https:\/\/watchdeluxe.it\/es\/wp-json\/wp\/v2\/media\/179385"}],"wp:attachment":[{"href":"https:\/\/watchdeluxe.it\/es\/wp-json\/wp\/v2\/media?parent=179511"}],"wp:term":[{"taxonomy":"product_brand","embeddable":true,"href":"https:\/\/watchdeluxe.it\/es\/wp-json\/wp\/v2\/product_brand?post=179511"},{"taxonomy":"product_cat","embeddable":true,"href":"https:\/\/watchdeluxe.it\/es\/wp-json\/wp\/v2\/product_cat?post=179511"},{"taxonomy":"product_tag","embeddable":true,"href":"https:\/\/watchdeluxe.it\/es\/wp-json\/wp\/v2\/product_tag?post=179511"},{"taxonomy":"berocket_brand","embeddable":true,"href":"https:\/\/watchdeluxe.it\/es\/wp-json\/wp\/v2\/berocket_brand?post=179511"},{"taxonomy":"woo-feed-brand","embeddable":true,"href":"https:\/\/watchdeluxe.it\/es\/wp-json\/wp\/v2\/woo-feed-brand?post=179511"}],"curies":[{"name":"wp","href":"https:\/\/api.w.org\/{rel}","templated":true}]}}