{"id":179333,"date":"2026-04-25T09:36:38","date_gmt":"2026-04-25T07:36:38","guid":{"rendered":"https:\/\/watchdeluxe.it\/prodotto\/longines-elegant-ref-l49114112\/"},"modified":"2026-04-25T09:36:38","modified_gmt":"2026-04-25T07:36:38","slug":"longines-elegant-ref-l49114112","status":"publish","type":"product","link":"https:\/\/watchdeluxe.it\/es\/prodotto\/longines-elegant-ref-l49114112\/","title":{"rendered":"Longines elegant ref. L49114112"},"content":{"rendered":"<p>Longines elegant ref. L49114112<\/p>\n<ul>\n<li><strong>Material:<\/strong> Acero inoxidable<\/li>\n<li><strong>Cristal:<\/strong> Zafiro antiara\u00f1azos<\/li>\n<li><strong>Dimensiones:<\/strong> 41,00 mm<\/li>\n<li><strong>Fondo:<\/strong> Transparente de cristal de zafiro<\/li>\n<li><strong>Esfera:<\/strong> Blanca mate con n\u00fameros romanos pintados<\/li>\n<li><strong>Movimiento:<\/strong> Mec\u00e1nico de carga autom\u00e1tica calibre L888<\/li>\n<li><strong>Reserva de marcha:<\/strong> Aproximadamente 72 horas<\/li>\n<li><strong>Funciones:<\/strong> Horas, minutos, segundos e indicador de fecha<\/li>\n<li><strong>Correa:<\/strong> Piel de alig\u00e1tor negra<\/li>\n<li><strong>Impermeabilidad:<\/strong> Hasta 3 bar (30 metros)<\/li>\n<\/ul>\n","protected":false},"excerpt":{"rendered":"<p>Ep\u00edtome de una clase atemporal, el Longines Elegant L49114112 fusiona la est\u00e9tica cl\u00e1sica con la precisi\u00f3n del movimiento autom\u00e1tico L888 en una refinada caja de 41 mm.<\/p>\n","protected":false},"featured_media":179245,"template":"","meta":{"_crdt_document":"","advanced_seo_description":"","jetpack_seo_html_title":"","jetpack_seo_noindex":false},"product_brand":[],"product_cat":[1923],"product_tag":[1427],"berocket_brand":[],"woo-feed-brand":[],"class_list":{"0":"post-179333","1":"product","2":"type-product","3":"status-publish","4":"has-post-thumbnail","6":"product_cat-longines","7":"product_tag-elegant","9":"first","10":"instock","11":"sale","12":"taxable","13":"shipping-taxable","14":"purchasable","15":"product-type-simple"},"bundled_by":[],"bundle_stock_status":"instock","bundle_stock_quantity":1,"bundle_virtual":false,"bundle_layout":"","bundle_add_to_cart_form_location":"","bundle_editable_in_cart":false,"bundle_sold_individually_context":"","bundle_item_grouping":"","bundle_min_size":"","bundle_max_size":"","bundle_price":[],"bundled_items":[],"bundle_sell_ids":[],"group_of_quantity":0,"min_quantity":0,"max_quantity":"","exclude_order_quantity_value_rules":"no","exclude_category_quantity_rules":"no","combine_variations":"no","jetpack_sharing_enabled":true,"jetpack_likes_enabled":true,"_links":{"self":[{"href":"https:\/\/watchdeluxe.it\/es\/wp-json\/wp\/v2\/product\/179333","targetHints":{"allow":["GET"]}}],"collection":[{"href":"https:\/\/watchdeluxe.it\/es\/wp-json\/wp\/v2\/product"}],"about":[{"href":"https:\/\/watchdeluxe.it\/es\/wp-json\/wp\/v2\/types\/product"}],"wp:featuredmedia":[{"embeddable":true,"href":"https:\/\/watchdeluxe.it\/es\/wp-json\/wp\/v2\/media\/179245"}],"wp:attachment":[{"href":"https:\/\/watchdeluxe.it\/es\/wp-json\/wp\/v2\/media?parent=179333"}],"wp:term":[{"taxonomy":"product_brand","embeddable":true,"href":"https:\/\/watchdeluxe.it\/es\/wp-json\/wp\/v2\/product_brand?post=179333"},{"taxonomy":"product_cat","embeddable":true,"href":"https:\/\/watchdeluxe.it\/es\/wp-json\/wp\/v2\/product_cat?post=179333"},{"taxonomy":"product_tag","embeddable":true,"href":"https:\/\/watchdeluxe.it\/es\/wp-json\/wp\/v2\/product_tag?post=179333"},{"taxonomy":"berocket_brand","embeddable":true,"href":"https:\/\/watchdeluxe.it\/es\/wp-json\/wp\/v2\/berocket_brand?post=179333"},{"taxonomy":"woo-feed-brand","embeddable":true,"href":"https:\/\/watchdeluxe.it\/es\/wp-json\/wp\/v2\/woo-feed-brand?post=179333"}],"curies":[{"name":"wp","href":"https:\/\/api.w.org\/{rel}","templated":true}]}}