{"id":179191,"date":"2026-04-24T18:02:14","date_gmt":"2026-04-24T16:02:14","guid":{"rendered":"https:\/\/watchdeluxe.it\/prodotto\/montblanc-estilografica-great-characters-homage-to-queen-special-edition-ref-131976\/"},"modified":"2026-04-24T18:02:14","modified_gmt":"2026-04-24T16:02:14","slug":"montblanc-estilografica-great-characters-homage-to-queen-special-edition-ref-131976","status":"publish","type":"product","link":"https:\/\/watchdeluxe.it\/es\/prodotto\/montblanc-estilografica-great-characters-homage-to-queen-special-edition-ref-131976\/","title":{"rendered":"Montblanc estilogr\u00e1fica great characters homage to queen special edition ref. 131976"},"content":{"rendered":"<p>Montblanc estilogr\u00e1fica great characters homage to queen special edition ref. 131976<\/p>\n<ul>\n<li><strong>Colecci\u00f3n:<\/strong> Great Characters<\/li>\n<li><strong>Tema:<\/strong> Homenaje a la banda de rock Queen<\/li>\n<li><strong>Material:<\/strong> Resina azul de alta calidad con acabados chapados en oro amarillo<\/li>\n<li><strong>Plum\u00edn:<\/strong> Oro de 14 K (585) realizado a mano con grabado especial<\/li>\n<li><strong>Clip:<\/strong> Dise\u00f1o inspirado en el c\u00e9lebre soporte del micr\u00f3fono de Freddie Mercury<\/li>\n<li><strong>Capuch\u00f3n:<\/strong> Silueta inspirada en la corona real que llevaba Mercury durante la gira<\/li>\n<li><strong>Detalle del Cono:<\/strong> Estr\u00edas inspiradas en los potenci\u00f3metros de la guitarra &#8216;Red Special&#8217;<\/li>\n<li><strong>Simbolismo:<\/strong> Grabados de instrumentos musicales (guitarra, bajo, bater\u00eda) en el cuerpo y el capuch\u00f3n<\/li>\n<li><strong>Dimensiones:<\/strong> Aprox. 145,5 x 15,6 mm<\/li>\n<li><strong>Peso:<\/strong> Aprox. 52,65 g<\/li>\n<\/ul>\n","protected":false},"excerpt":{"rendered":"<p>Montblanc estilogr\u00e1fica great characters homage to queen special edition ref. 131976 Colecci\u00f3n: Great Characters Tema: Homenaje a la banda de rock Queen Material: Resina azul de alta calidad con acabados chapados en oro amarillo Plum\u00edn: Oro de 14 K (585) realizado a mano con grabado especial Clip: Dise\u00f1o inspirado en el c\u00e9lebre soporte del micr\u00f3fono [&hellip;]<\/p>\n","protected":false},"featured_media":179181,"template":"","meta":{"_crdt_document":"","advanced_seo_description":"","jetpack_seo_html_title":"","jetpack_seo_noindex":false},"product_brand":[],"product_cat":[1929],"product_tag":[1452],"berocket_brand":[],"woo-feed-brand":[],"class_list":{"0":"post-179191","1":"product","2":"type-product","3":"status-publish","4":"has-post-thumbnail","6":"product_cat-montblanc","7":"product_tag-penne","9":"first","10":"instock","11":"sale","12":"taxable","13":"shipping-taxable","14":"purchasable","15":"product-type-simple"},"bundled_by":[],"bundle_stock_status":"instock","bundle_stock_quantity":1,"bundle_virtual":false,"bundle_layout":"","bundle_add_to_cart_form_location":"","bundle_editable_in_cart":false,"bundle_sold_individually_context":"","bundle_item_grouping":"","bundle_min_size":"","bundle_max_size":"","bundle_price":[],"bundled_items":[],"bundle_sell_ids":[],"group_of_quantity":0,"min_quantity":0,"max_quantity":"","exclude_order_quantity_value_rules":"no","exclude_category_quantity_rules":"no","combine_variations":"no","jetpack_sharing_enabled":true,"jetpack_likes_enabled":true,"_links":{"self":[{"href":"https:\/\/watchdeluxe.it\/es\/wp-json\/wp\/v2\/product\/179191","targetHints":{"allow":["GET"]}}],"collection":[{"href":"https:\/\/watchdeluxe.it\/es\/wp-json\/wp\/v2\/product"}],"about":[{"href":"https:\/\/watchdeluxe.it\/es\/wp-json\/wp\/v2\/types\/product"}],"wp:featuredmedia":[{"embeddable":true,"href":"https:\/\/watchdeluxe.it\/es\/wp-json\/wp\/v2\/media\/179181"}],"wp:attachment":[{"href":"https:\/\/watchdeluxe.it\/es\/wp-json\/wp\/v2\/media?parent=179191"}],"wp:term":[{"taxonomy":"product_brand","embeddable":true,"href":"https:\/\/watchdeluxe.it\/es\/wp-json\/wp\/v2\/product_brand?post=179191"},{"taxonomy":"product_cat","embeddable":true,"href":"https:\/\/watchdeluxe.it\/es\/wp-json\/wp\/v2\/product_cat?post=179191"},{"taxonomy":"product_tag","embeddable":true,"href":"https:\/\/watchdeluxe.it\/es\/wp-json\/wp\/v2\/product_tag?post=179191"},{"taxonomy":"berocket_brand","embeddable":true,"href":"https:\/\/watchdeluxe.it\/es\/wp-json\/wp\/v2\/berocket_brand?post=179191"},{"taxonomy":"woo-feed-brand","embeddable":true,"href":"https:\/\/watchdeluxe.it\/es\/wp-json\/wp\/v2\/woo-feed-brand?post=179191"}],"curies":[{"name":"wp","href":"https:\/\/api.w.org\/{rel}","templated":true}]}}