{"id":179091,"date":"2026-04-24T17:10:58","date_gmt":"2026-04-24T15:10:58","guid":{"rendered":"https:\/\/watchdeluxe.it\/prodotto\/montblanc-star-legacy-nicolas-rieussec-ref-133232\/"},"modified":"2026-04-24T17:10:58","modified_gmt":"2026-04-24T15:10:58","slug":"montblanc-star-legacy-nicolas-rieussec-ref-133232","status":"publish","type":"product","link":"https:\/\/watchdeluxe.it\/es\/prodotto\/montblanc-star-legacy-nicolas-rieussec-ref-133232\/","title":{"rendered":"Montblanc Star Legacy Nicolas Rieussec ref. 133232"},"content":{"rendered":"<p>Montblanc Star Legacy Nicolas Rieussec ref. 133232\n<\/p>\n<ul>\n<li><strong>Movimiento:<\/strong> Calibre de manufactura MB R200, cron\u00f3grafo monopulsador autom\u00e1tico<\/li>\n<li><strong>Edici\u00f3n limitada:<\/strong> Ejemplar exclusivo limitado a 500 piezas en el mundo<\/li>\n<li><strong>Caja:<\/strong> Acero noble de 43 mm con acabado pulido<\/li>\n<li><strong>Funciones:<\/strong> Cron\u00f3grafo monopulsador, segundo huso horario e indicador d\u00eda\/noche<\/li>\n<li><strong>Esfera:<\/strong> Negra con blueprint luminiscente Meisterst\u00fcck y detalles con acabado en oro rosa<\/li>\n<li><strong>Cristal:<\/strong> Zafiro abombado con doble tratamiento antirreflectante<\/li>\n<li><strong>Fondo de caja:<\/strong> Cristal de zafiro transparente con masa oscilante inspirada en la caligraf\u00eda<\/li>\n<li><strong>Complicaciones:<\/strong> Discos giratorios abombados para los contadores de 60 segundos y 30 minutos<\/li>\n<li><strong>Correa:<\/strong> Piel de becerro negra con grabado de caim\u00e1n y sistema intercambiable<\/li>\n<li><strong>Hermeticidad:<\/strong> Hasta 5 bar (aprox. 50 metros)<\/li>\n<\/ul>\n","protected":false},"excerpt":{"rendered":"<p>Una obra maestra en edici\u00f3n limitada que celebra los 100 a\u00f1os de la ic\u00f3nica Meisterst\u00fcck, fusionando el arte de la escritura con la alta relojer\u00eda suiza en un dise\u00f1o Nicolas Rieussec sin precedentes.<\/p>\n","protected":false},"featured_media":179083,"template":"","meta":{"_crdt_document":"","advanced_seo_description":"","jetpack_seo_html_title":"","jetpack_seo_noindex":false},"product_brand":[],"product_cat":[1929],"product_tag":[1616],"berocket_brand":[],"woo-feed-brand":[],"class_list":{"0":"post-179091","1":"product","2":"type-product","3":"status-publish","4":"has-post-thumbnail","6":"product_cat-montblanc","7":"product_tag-star-legacy","9":"first","10":"instock","11":"taxable","12":"shipping-taxable","13":"purchasable","14":"product-type-simple"},"bundled_by":[],"bundle_stock_status":"instock","bundle_stock_quantity":1,"bundle_virtual":false,"bundle_layout":"","bundle_add_to_cart_form_location":"","bundle_editable_in_cart":false,"bundle_sold_individually_context":"","bundle_item_grouping":"","bundle_min_size":"","bundle_max_size":"","bundle_price":[],"bundled_items":[],"bundle_sell_ids":[],"group_of_quantity":0,"min_quantity":0,"max_quantity":"","exclude_order_quantity_value_rules":"no","exclude_category_quantity_rules":"no","combine_variations":"no","jetpack_sharing_enabled":true,"jetpack_likes_enabled":true,"_links":{"self":[{"href":"https:\/\/watchdeluxe.it\/es\/wp-json\/wp\/v2\/product\/179091","targetHints":{"allow":["GET"]}}],"collection":[{"href":"https:\/\/watchdeluxe.it\/es\/wp-json\/wp\/v2\/product"}],"about":[{"href":"https:\/\/watchdeluxe.it\/es\/wp-json\/wp\/v2\/types\/product"}],"wp:featuredmedia":[{"embeddable":true,"href":"https:\/\/watchdeluxe.it\/es\/wp-json\/wp\/v2\/media\/179083"}],"wp:attachment":[{"href":"https:\/\/watchdeluxe.it\/es\/wp-json\/wp\/v2\/media?parent=179091"}],"wp:term":[{"taxonomy":"product_brand","embeddable":true,"href":"https:\/\/watchdeluxe.it\/es\/wp-json\/wp\/v2\/product_brand?post=179091"},{"taxonomy":"product_cat","embeddable":true,"href":"https:\/\/watchdeluxe.it\/es\/wp-json\/wp\/v2\/product_cat?post=179091"},{"taxonomy":"product_tag","embeddable":true,"href":"https:\/\/watchdeluxe.it\/es\/wp-json\/wp\/v2\/product_tag?post=179091"},{"taxonomy":"berocket_brand","embeddable":true,"href":"https:\/\/watchdeluxe.it\/es\/wp-json\/wp\/v2\/berocket_brand?post=179091"},{"taxonomy":"woo-feed-brand","embeddable":true,"href":"https:\/\/watchdeluxe.it\/es\/wp-json\/wp\/v2\/woo-feed-brand?post=179091"}],"curies":[{"name":"wp","href":"https:\/\/api.w.org\/{rel}","templated":true}]}}