{"id":178861,"date":"2026-04-24T15:27:39","date_gmt":"2026-04-24T13:27:39","guid":{"rendered":"https:\/\/watchdeluxe.it\/prodotto\/mido-ocean-star-gmt-ref-m0266291104100\/"},"modified":"2026-04-24T15:27:39","modified_gmt":"2026-04-24T13:27:39","slug":"mido-ocean-star-gmt-ref-m0266291104100","status":"publish","type":"product","link":"https:\/\/watchdeluxe.it\/es\/prodotto\/mido-ocean-star-gmt-ref-m0266291104100\/","title":{"rendered":"Mido Ocean Star GMT ref. M0266291104100"},"content":{"rendered":"<p>Mido Ocean Star GMT ref. M0266291104100<\/p>\n<ul>\n<li><strong>Colecci\u00f3n:<\/strong> Ocean Star<\/li>\n<li><strong>Movimiento:<\/strong> Autom\u00e1tico Mido Calibre 80 (base ETA C07.661)<\/li>\n<li><strong>Reserva de marcha:<\/strong> Hasta 80 h<\/li>\n<li><strong>Material de la caja:<\/strong> Acero inoxidable 316L y bisel de cer\u00e1mica azul<\/li>\n<li><strong>Di\u00e1metro:<\/strong> 44 mm<\/li>\n<li><strong>Cristal:<\/strong> Zafiro con tratamiento antirreflejos en ambas caras<\/li>\n<li><strong>Impermeabilidad:<\/strong> 20 bar (200 m \/ 660 ft) con corona roscada<\/li>\n<li><strong>Funciones:<\/strong> GMT (segundo huso horario) y fecha<\/li>\n<li><strong>Correa:<\/strong> Brazalete de acero con extensi\u00f3n de buceo y correa extra NATO<\/li>\n<li><strong>Fondo:<\/strong> Roscado con grabado de los husos horarios mundiales<\/li>\n<\/ul>\n","protected":false},"excerpt":{"rendered":"<p>La excelencia n\u00e1utica se une a la precisi\u00f3n cosmopolita en este reloj GMT, perfecto para quienes desaf\u00edan los oc\u00e9anos y cruzan los husos horarios con un estilo impecable.<\/p>\n","protected":false},"featured_media":178855,"template":"","meta":{"_crdt_document":"","advanced_seo_description":"","jetpack_seo_html_title":"","jetpack_seo_noindex":false},"product_brand":[],"product_cat":[1922],"product_tag":[3739],"berocket_brand":[],"woo-feed-brand":[],"class_list":{"0":"post-178861","1":"product","2":"type-product","3":"status-publish","4":"has-post-thumbnail","6":"product_cat-mido","7":"product_tag-ocean-star-2","9":"first","10":"instock","11":"sale","12":"taxable","13":"shipping-taxable","14":"purchasable","15":"product-type-simple"},"bundled_by":[],"bundle_stock_status":"instock","bundle_stock_quantity":1,"bundle_virtual":false,"bundle_layout":"","bundle_add_to_cart_form_location":"","bundle_editable_in_cart":false,"bundle_sold_individually_context":"","bundle_item_grouping":"","bundle_min_size":"","bundle_max_size":"","bundle_price":[],"bundled_items":[],"bundle_sell_ids":[],"group_of_quantity":0,"min_quantity":0,"max_quantity":"","exclude_order_quantity_value_rules":"no","exclude_category_quantity_rules":"no","combine_variations":"no","jetpack_sharing_enabled":true,"jetpack_likes_enabled":true,"_links":{"self":[{"href":"https:\/\/watchdeluxe.it\/es\/wp-json\/wp\/v2\/product\/178861","targetHints":{"allow":["GET"]}}],"collection":[{"href":"https:\/\/watchdeluxe.it\/es\/wp-json\/wp\/v2\/product"}],"about":[{"href":"https:\/\/watchdeluxe.it\/es\/wp-json\/wp\/v2\/types\/product"}],"wp:featuredmedia":[{"embeddable":true,"href":"https:\/\/watchdeluxe.it\/es\/wp-json\/wp\/v2\/media\/178855"}],"wp:attachment":[{"href":"https:\/\/watchdeluxe.it\/es\/wp-json\/wp\/v2\/media?parent=178861"}],"wp:term":[{"taxonomy":"product_brand","embeddable":true,"href":"https:\/\/watchdeluxe.it\/es\/wp-json\/wp\/v2\/product_brand?post=178861"},{"taxonomy":"product_cat","embeddable":true,"href":"https:\/\/watchdeluxe.it\/es\/wp-json\/wp\/v2\/product_cat?post=178861"},{"taxonomy":"product_tag","embeddable":true,"href":"https:\/\/watchdeluxe.it\/es\/wp-json\/wp\/v2\/product_tag?post=178861"},{"taxonomy":"berocket_brand","embeddable":true,"href":"https:\/\/watchdeluxe.it\/es\/wp-json\/wp\/v2\/berocket_brand?post=178861"},{"taxonomy":"woo-feed-brand","embeddable":true,"href":"https:\/\/watchdeluxe.it\/es\/wp-json\/wp\/v2\/woo-feed-brand?post=178861"}],"curies":[{"name":"wp","href":"https:\/\/api.w.org\/{rel}","templated":true}]}}