{"id":178799,"date":"2026-04-24T15:19:52","date_gmt":"2026-04-24T13:19:52","guid":{"rendered":"https:\/\/watchdeluxe.it\/prodotto\/mido-ocean-star-tribute-gradient-ref-m0268301708100\/"},"modified":"2026-04-24T15:19:52","modified_gmt":"2026-04-24T13:19:52","slug":"mido-ocean-star-tribute-gradient-ref-m0268301708100","status":"publish","type":"product","link":"https:\/\/watchdeluxe.it\/es\/prodotto\/mido-ocean-star-tribute-gradient-ref-m0268301708100\/","title":{"rendered":"Mido Ocean Star Tribute Gradient ref. M0268301708100"},"content":{"rendered":"<p>Mido Ocean Star Tribute Gradient ref. M0268301708100<\/p>\n<ul>\n<li><strong>Colecci\u00f3n:<\/strong> Ocean Star Tribute<\/li>\n<li><strong>Movimiento:<\/strong> Autom\u00e1tico Mido Calibre 80 (base ETA C07.621)<\/li>\n<li><strong>Reserva de marcha:<\/strong> Hasta 80 h<\/li>\n<li><strong>Material de la Caja:<\/strong> Acero inoxidable 316L<\/li>\n<li><strong>Di\u00e1metro:<\/strong> 40,50 mm<\/li>\n<li><strong>Cristal:<\/strong> Cristal de zafiro abombado antirrayas<\/li>\n<li><strong>Impermeabilidad:<\/strong> 20 bar (200 m \/ 660 ft) con corona roscada<\/li>\n<li><strong>Esfera:<\/strong> Gris degradado con \u00edndices aplicados y Super-LumiNova\u00ae<\/li>\n<li><strong>Correa:<\/strong> Goma negra con textura de estilo vintage y hebilla de hebij\u00f3n<\/li>\n<li><strong>Funciones:<\/strong> Calendario con indicaci\u00f3n de d\u00eda y fecha<\/li>\n<\/ul>\n","protected":false},"excerpt":{"rendered":"<p>La elegancia vintage se une a la innovaci\u00f3n suiza en este tributo al legado submarino de Mido, un reloj que captura la esencia de los a\u00f1os 60 con un rendimiento moderno. Una obra maestra de dise\u00f1o y precisi\u00f3n, lista para acompa\u00f1arle desde las profundidades marinas hasta la vida urbana. <\/p>\n","protected":false},"featured_media":178787,"template":"","meta":{"_crdt_document":"","advanced_seo_description":"","jetpack_seo_html_title":"","jetpack_seo_noindex":false},"product_brand":[],"product_cat":[1922],"product_tag":[3739],"berocket_brand":[],"woo-feed-brand":[],"class_list":{"0":"post-178799","1":"product","2":"type-product","3":"status-publish","4":"has-post-thumbnail","6":"product_cat-mido","7":"product_tag-ocean-star-2","9":"first","10":"instock","11":"sale","12":"taxable","13":"shipping-taxable","14":"purchasable","15":"product-type-simple"},"bundled_by":[],"bundle_stock_status":"instock","bundle_stock_quantity":1,"bundle_virtual":false,"bundle_layout":"","bundle_add_to_cart_form_location":"","bundle_editable_in_cart":false,"bundle_sold_individually_context":"","bundle_item_grouping":"","bundle_min_size":"","bundle_max_size":"","bundle_price":[],"bundled_items":[],"bundle_sell_ids":[],"group_of_quantity":0,"min_quantity":0,"max_quantity":"","exclude_order_quantity_value_rules":"no","exclude_category_quantity_rules":"no","combine_variations":"no","jetpack_sharing_enabled":true,"jetpack_likes_enabled":true,"_links":{"self":[{"href":"https:\/\/watchdeluxe.it\/es\/wp-json\/wp\/v2\/product\/178799","targetHints":{"allow":["GET"]}}],"collection":[{"href":"https:\/\/watchdeluxe.it\/es\/wp-json\/wp\/v2\/product"}],"about":[{"href":"https:\/\/watchdeluxe.it\/es\/wp-json\/wp\/v2\/types\/product"}],"wp:featuredmedia":[{"embeddable":true,"href":"https:\/\/watchdeluxe.it\/es\/wp-json\/wp\/v2\/media\/178787"}],"wp:attachment":[{"href":"https:\/\/watchdeluxe.it\/es\/wp-json\/wp\/v2\/media?parent=178799"}],"wp:term":[{"taxonomy":"product_brand","embeddable":true,"href":"https:\/\/watchdeluxe.it\/es\/wp-json\/wp\/v2\/product_brand?post=178799"},{"taxonomy":"product_cat","embeddable":true,"href":"https:\/\/watchdeluxe.it\/es\/wp-json\/wp\/v2\/product_cat?post=178799"},{"taxonomy":"product_tag","embeddable":true,"href":"https:\/\/watchdeluxe.it\/es\/wp-json\/wp\/v2\/product_tag?post=178799"},{"taxonomy":"berocket_brand","embeddable":true,"href":"https:\/\/watchdeluxe.it\/es\/wp-json\/wp\/v2\/berocket_brand?post=178799"},{"taxonomy":"woo-feed-brand","embeddable":true,"href":"https:\/\/watchdeluxe.it\/es\/wp-json\/wp\/v2\/woo-feed-brand?post=178799"}],"curies":[{"name":"wp","href":"https:\/\/api.w.org\/{rel}","templated":true}]}}