{"id":178715,"date":"2026-04-24T15:14:59","date_gmt":"2026-04-24T13:14:59","guid":{"rendered":"https:\/\/watchdeluxe.it\/prodotto\/mido-baroncelli-big-date-ref-m0274263604300\/"},"modified":"2026-04-24T15:14:59","modified_gmt":"2026-04-24T13:14:59","slug":"mido-baroncelli-big-date-ref-m0274263604300","status":"publish","type":"product","link":"https:\/\/watchdeluxe.it\/es\/prodotto\/mido-baroncelli-big-date-ref-m0274263604300\/","title":{"rendered":"Mido baroncelli big date ref. M0274263604300"},"content":{"rendered":"<p>Mido baroncelli big date ref. M0274263604300<\/p>\n<ul>\n<li><strong>Colecci\u00f3n:<\/strong> Baroncelli<\/li>\n<li><strong>Movimiento:<\/strong> Autom\u00e1tico Mido Calibre 80 (base ETA C07.651)<\/li>\n<li><strong>Reserva de marcha:<\/strong> Hasta 80 h<\/li>\n<li><strong>Material de la Caja:<\/strong> Acero inoxidable con tratamiento PVD oro rosa<\/li>\n<li><strong>Di\u00e1metro:<\/strong> 40 mm<\/li>\n<li><strong>Grosor:<\/strong> 10,38 mm<\/li>\n<li><strong>Cristal:<\/strong> Zafiro con tratamiento antirreflejos en ambas caras<\/li>\n<li><strong>Esfera:<\/strong> Azul satinada con acabado soleil e \u00edndices romanos<\/li>\n<li><strong>Complicaciones:<\/strong> Gran Fecha (Big Date) de doble ventana a las 6<\/li>\n<li><strong>Fondo:<\/strong> Transparente de cristal de zafiro con movimiento a la vista<\/li>\n<li><strong>Impermeabilidad:<\/strong> 3 bar (30 metros)<\/li>\n<\/ul>\n","protected":false},"excerpt":{"rendered":"<p>El Mido Baroncelli Big Date Limited Edition encarna la excelencia de la relojer\u00eda suiza con un dise\u00f1o sofisticado en oro rosa y una reserva de marcha extraordinaria. Una obra maestra de equilibrio est\u00e9tico y precisi\u00f3n mec\u00e1nica, dedicada a los verdaderos conocedores del estilo. <\/p>\n","protected":false},"featured_media":178703,"template":"","meta":{"_crdt_document":"","advanced_seo_description":"","jetpack_seo_html_title":"","jetpack_seo_noindex":false},"product_brand":[],"product_cat":[1922],"product_tag":[1515],"berocket_brand":[],"woo-feed-brand":[],"class_list":{"0":"post-178715","1":"product","2":"type-product","3":"status-publish","4":"has-post-thumbnail","6":"product_cat-mido","7":"product_tag-baroncelli","9":"first","10":"instock","11":"sale","12":"taxable","13":"shipping-taxable","14":"purchasable","15":"product-type-simple"},"bundled_by":[],"bundle_stock_status":"instock","bundle_stock_quantity":1,"bundle_virtual":false,"bundle_layout":"","bundle_add_to_cart_form_location":"","bundle_editable_in_cart":false,"bundle_sold_individually_context":"","bundle_item_grouping":"","bundle_min_size":"","bundle_max_size":"","bundle_price":[],"bundled_items":[],"bundle_sell_ids":[],"group_of_quantity":0,"min_quantity":0,"max_quantity":"","exclude_order_quantity_value_rules":"no","exclude_category_quantity_rules":"no","combine_variations":"no","jetpack_sharing_enabled":true,"jetpack_likes_enabled":true,"_links":{"self":[{"href":"https:\/\/watchdeluxe.it\/es\/wp-json\/wp\/v2\/product\/178715","targetHints":{"allow":["GET"]}}],"collection":[{"href":"https:\/\/watchdeluxe.it\/es\/wp-json\/wp\/v2\/product"}],"about":[{"href":"https:\/\/watchdeluxe.it\/es\/wp-json\/wp\/v2\/types\/product"}],"wp:featuredmedia":[{"embeddable":true,"href":"https:\/\/watchdeluxe.it\/es\/wp-json\/wp\/v2\/media\/178703"}],"wp:attachment":[{"href":"https:\/\/watchdeluxe.it\/es\/wp-json\/wp\/v2\/media?parent=178715"}],"wp:term":[{"taxonomy":"product_brand","embeddable":true,"href":"https:\/\/watchdeluxe.it\/es\/wp-json\/wp\/v2\/product_brand?post=178715"},{"taxonomy":"product_cat","embeddable":true,"href":"https:\/\/watchdeluxe.it\/es\/wp-json\/wp\/v2\/product_cat?post=178715"},{"taxonomy":"product_tag","embeddable":true,"href":"https:\/\/watchdeluxe.it\/es\/wp-json\/wp\/v2\/product_tag?post=178715"},{"taxonomy":"berocket_brand","embeddable":true,"href":"https:\/\/watchdeluxe.it\/es\/wp-json\/wp\/v2\/berocket_brand?post=178715"},{"taxonomy":"woo-feed-brand","embeddable":true,"href":"https:\/\/watchdeluxe.it\/es\/wp-json\/wp\/v2\/woo-feed-brand?post=178715"}],"curies":[{"name":"wp","href":"https:\/\/api.w.org\/{rel}","templated":true}]}}