{"id":178422,"date":"2026-04-24T09:49:10","date_gmt":"2026-04-24T07:49:10","guid":{"rendered":"https:\/\/watchdeluxe.it\/prodotto\/hamilton-khaki-field-ref-h70455940\/"},"modified":"2026-04-24T09:49:10","modified_gmt":"2026-04-24T07:49:10","slug":"hamilton-khaki-field-ref-h70455940","status":"publish","type":"product","link":"https:\/\/watchdeluxe.it\/es\/prodotto\/hamilton-khaki-field-ref-h70455940\/","title":{"rendered":"Hamilton Khaki Field ref. H70455940"},"content":{"rendered":"<p>Hamilton Khaki Field ref. H70455940<\/p>\n<ul>\n<li><strong>Referencia:<\/strong> H70455940<\/li>\n<li><strong>Calibre:<\/strong> H-10 autom\u00e1tico<\/li>\n<li><strong>Reserva de marcha:<\/strong> 80 horas<\/li>\n<li><strong>Material de la caja:<\/strong> Acero inoxidable<\/li>\n<li><strong>Di\u00e1metro:<\/strong> 38 mm<\/li>\n<li><strong>Cristal:<\/strong> Zafiro antiara\u00f1azos<\/li>\n<li><strong>Resistencia al agua:<\/strong> 10 bar (100 m)<\/li>\n<li><strong>Correa:<\/strong> NATO de tejido azul<\/li>\n<li><strong>Tecnolog\u00eda:<\/strong> Espiral de Nivachron\u2122 antimagn\u00e9tica<\/li>\n<li><strong>Fondo de caja:<\/strong> Transparente<\/li>\n<\/ul>\n","protected":false},"excerpt":{"rendered":"<p>El ic\u00f3nico esp\u00edritu militar de Hamilton se une a la elegancia del azul profundo en un reloj autom\u00e1tico robusto, preciso y listo para cualquier aventura.<\/p>\n","protected":false},"featured_media":178164,"template":"","meta":{"_crdt_document":"","advanced_seo_description":"","jetpack_seo_html_title":"","jetpack_seo_noindex":false},"product_brand":[],"product_cat":[1915],"product_tag":[1387],"berocket_brand":[],"woo-feed-brand":[],"class_list":{"0":"post-178422","1":"product","2":"type-product","3":"status-publish","4":"has-post-thumbnail","6":"product_cat-hamilton","7":"product_tag-khaki","9":"first","10":"instock","11":"sale","12":"taxable","13":"shipping-taxable","14":"purchasable","15":"product-type-simple"},"bundled_by":[],"bundle_stock_status":"instock","bundle_stock_quantity":1,"bundle_virtual":false,"bundle_layout":"","bundle_add_to_cart_form_location":"","bundle_editable_in_cart":false,"bundle_sold_individually_context":"","bundle_item_grouping":"","bundle_min_size":"","bundle_max_size":"","bundle_price":[],"bundled_items":[],"bundle_sell_ids":[],"group_of_quantity":0,"min_quantity":0,"max_quantity":"","exclude_order_quantity_value_rules":"no","exclude_category_quantity_rules":"no","combine_variations":"no","jetpack_sharing_enabled":true,"jetpack_likes_enabled":true,"_links":{"self":[{"href":"https:\/\/watchdeluxe.it\/es\/wp-json\/wp\/v2\/product\/178422","targetHints":{"allow":["GET"]}}],"collection":[{"href":"https:\/\/watchdeluxe.it\/es\/wp-json\/wp\/v2\/product"}],"about":[{"href":"https:\/\/watchdeluxe.it\/es\/wp-json\/wp\/v2\/types\/product"}],"wp:featuredmedia":[{"embeddable":true,"href":"https:\/\/watchdeluxe.it\/es\/wp-json\/wp\/v2\/media\/178164"}],"wp:attachment":[{"href":"https:\/\/watchdeluxe.it\/es\/wp-json\/wp\/v2\/media?parent=178422"}],"wp:term":[{"taxonomy":"product_brand","embeddable":true,"href":"https:\/\/watchdeluxe.it\/es\/wp-json\/wp\/v2\/product_brand?post=178422"},{"taxonomy":"product_cat","embeddable":true,"href":"https:\/\/watchdeluxe.it\/es\/wp-json\/wp\/v2\/product_cat?post=178422"},{"taxonomy":"product_tag","embeddable":true,"href":"https:\/\/watchdeluxe.it\/es\/wp-json\/wp\/v2\/product_tag?post=178422"},{"taxonomy":"berocket_brand","embeddable":true,"href":"https:\/\/watchdeluxe.it\/es\/wp-json\/wp\/v2\/berocket_brand?post=178422"},{"taxonomy":"woo-feed-brand","embeddable":true,"href":"https:\/\/watchdeluxe.it\/es\/wp-json\/wp\/v2\/woo-feed-brand?post=178422"}],"curies":[{"name":"wp","href":"https:\/\/api.w.org\/{rel}","templated":true}]}}