{"id":177840,"date":"2026-04-22T15:53:21","date_gmt":"2026-04-22T13:53:21","guid":{"rendered":"https:\/\/watchdeluxe.it\/prodotto\/oris-big-crown-propilot-big-day-date-ref-75277604065-0732205lc\/"},"modified":"2026-04-22T15:53:21","modified_gmt":"2026-04-22T13:53:21","slug":"oris-big-crown-propilot-big-day-date-ref-75277604065-0732205lc","status":"publish","type":"product","link":"https:\/\/watchdeluxe.it\/es\/prodotto\/oris-big-crown-propilot-big-day-date-ref-75277604065-0732205lc\/","title":{"rendered":"Oris big crown propilot big day date ref. 75277604065-0732205LC"},"content":{"rendered":"<p>Oris big crown propilot big day date ref. 75277604065-0732205LC<\/p>\n<ul>\n<li><strong>Referencia:<\/strong> 01 752 7760 4065-07 3 22 05LC<\/li>\n<li><strong>Caja:<\/strong> Acero inoxidable multicomponente, di\u00e1metro 44,00 mm<\/li>\n<li><strong>Movimiento:<\/strong> Calibre Oris 752 (base SW 220-1) de carga autom\u00e1tica<\/li>\n<li><strong>Funciones:<\/strong> Horas, minutos y segundos centrales, ventanas Day-Date ampliadas a las 3<\/li>\n<li><strong>Reserva de marcha:<\/strong> 38 horas con frecuencia de 28.800 A\/h (4 Hz)<\/li>\n<li><strong>Cristal:<\/strong> Zafiro abombado en ambas caras con tratamiento antirreflejos interno<\/li>\n<li><strong>Fondo:<\/strong> Acero inoxidable atornillado con ventana de cristal mineral transparente<\/li>\n<li><strong>Esfera:<\/strong> Azul con cifras y agujas tratadas en Super-LumiNova\u00ae BG W9 Grade A<\/li>\n<li><strong>Correa:<\/strong> Tejido gris con hebilla desplegable patentada inspirada en los cinturones de seguridad<\/li>\n<li><strong>Impermeabilidad:<\/strong> Resistente hasta 10 bar (100 metros)<\/li>\n<\/ul>\n","protected":false},"excerpt":{"rendered":"<p>Un icono de la aviaci\u00f3n moderna que fusiona precisi\u00f3n suiza y funcionalidad t\u00e9cnica extrema, definido por una esfera azul intenso y una legibilidad superior.<\/p>\n","protected":false},"featured_media":177834,"template":"","meta":{"_crdt_document":"","advanced_seo_description":"","jetpack_seo_html_title":"","jetpack_seo_noindex":false},"product_brand":[],"product_cat":[1928],"product_tag":[4078],"berocket_brand":[],"woo-feed-brand":[],"class_list":{"0":"post-177840","1":"product","2":"type-product","3":"status-publish","4":"has-post-thumbnail","6":"product_cat-oris","7":"product_tag-big-crown-2","9":"first","10":"instock","11":"sale","12":"taxable","13":"shipping-taxable","14":"purchasable","15":"product-type-simple"},"bundled_by":[],"bundle_stock_status":"instock","bundle_stock_quantity":1,"bundle_virtual":false,"bundle_layout":"","bundle_add_to_cart_form_location":"","bundle_editable_in_cart":false,"bundle_sold_individually_context":"","bundle_item_grouping":"","bundle_min_size":"","bundle_max_size":"","bundle_price":[],"bundled_items":[],"bundle_sell_ids":[],"group_of_quantity":0,"min_quantity":0,"max_quantity":"","exclude_order_quantity_value_rules":"no","exclude_category_quantity_rules":"no","combine_variations":"no","jetpack_sharing_enabled":true,"jetpack_likes_enabled":true,"_links":{"self":[{"href":"https:\/\/watchdeluxe.it\/es\/wp-json\/wp\/v2\/product\/177840","targetHints":{"allow":["GET"]}}],"collection":[{"href":"https:\/\/watchdeluxe.it\/es\/wp-json\/wp\/v2\/product"}],"about":[{"href":"https:\/\/watchdeluxe.it\/es\/wp-json\/wp\/v2\/types\/product"}],"wp:featuredmedia":[{"embeddable":true,"href":"https:\/\/watchdeluxe.it\/es\/wp-json\/wp\/v2\/media\/177834"}],"wp:attachment":[{"href":"https:\/\/watchdeluxe.it\/es\/wp-json\/wp\/v2\/media?parent=177840"}],"wp:term":[{"taxonomy":"product_brand","embeddable":true,"href":"https:\/\/watchdeluxe.it\/es\/wp-json\/wp\/v2\/product_brand?post=177840"},{"taxonomy":"product_cat","embeddable":true,"href":"https:\/\/watchdeluxe.it\/es\/wp-json\/wp\/v2\/product_cat?post=177840"},{"taxonomy":"product_tag","embeddable":true,"href":"https:\/\/watchdeluxe.it\/es\/wp-json\/wp\/v2\/product_tag?post=177840"},{"taxonomy":"berocket_brand","embeddable":true,"href":"https:\/\/watchdeluxe.it\/es\/wp-json\/wp\/v2\/berocket_brand?post=177840"},{"taxonomy":"woo-feed-brand","embeddable":true,"href":"https:\/\/watchdeluxe.it\/es\/wp-json\/wp\/v2\/woo-feed-brand?post=177840"}],"curies":[{"name":"wp","href":"https:\/\/api.w.org\/{rel}","templated":true}]}}