{"id":177768,"date":"2026-04-22T15:37:14","date_gmt":"2026-04-22T13:37:14","guid":{"rendered":"https:\/\/watchdeluxe.it\/prodotto\/oris-artelier-ref-78177294031-0752165fc\/"},"modified":"2026-04-22T15:37:14","modified_gmt":"2026-04-22T13:37:14","slug":"oris-artelier-ref-78177294031-0752165fc","status":"publish","type":"product","link":"https:\/\/watchdeluxe.it\/es\/prodotto\/oris-artelier-ref-78177294031-0752165fc\/","title":{"rendered":"Oris artelier ref. 78177294031-0752165FC"},"content":{"rendered":"<p>Oris artelier ref. 78177294031-0752165FC<\/p>\n<ul>\n<li><strong>Colecci\u00f3n:<\/strong> Oris Artelier<\/li>\n<li><strong>Movimiento:<\/strong> Oris 781 autom\u00e1tico, base SW 200-1<\/li>\n<li><strong>Funciones:<\/strong> Horas, minutos, segundos, fecha, d\u00eda de la semana, segunda zona horaria (24h) y fases lunares<\/li>\n<li><strong>Caja:<\/strong> Acero inoxidable multipiezas (40,00 mm)<\/li>\n<li><strong>Cristal:<\/strong> Zafiro, curvado en ambos lados, con tratamiento antirreflejos interno<\/li>\n<li><strong>Fondo:<\/strong> Acero inoxidable, atornillado, con cristal mineral transparente<\/li>\n<li><strong>Esfera:<\/strong> Plateada con \u00edndices y agujas aplicadas<\/li>\n<li><strong>Correa:<\/strong> Piel marr\u00f3n oscuro con cierre desplegable de acero<\/li>\n<li><strong>Reserva de marcha:<\/strong> 38 horas<\/li>\n<li><strong>Hermeticidad:<\/strong> 5 bar (50 metros)<\/li>\n<\/ul>\n","protected":false},"excerpt":{"rendered":"<p>El Oris Artelier Complication es el emblema de la elegancia mec\u00e1nica, uniendo la precisi\u00f3n suiza a complicaciones astron\u00f3micas de encanto atemporal. Un reloj sofisticado pensado para quienes desean distinguirse con estilo y tecnicidad superior. <\/p>\n","protected":false},"featured_media":177762,"template":"","meta":{"_crdt_document":"","advanced_seo_description":"","jetpack_seo_html_title":"","jetpack_seo_noindex":false},"product_brand":[],"product_cat":[1928],"product_tag":[1823],"berocket_brand":[],"woo-feed-brand":[],"class_list":{"0":"post-177768","1":"product","2":"type-product","3":"status-publish","4":"has-post-thumbnail","6":"product_cat-oris","7":"product_tag-artelier-date","9":"first","10":"instock","11":"sale","12":"taxable","13":"shipping-taxable","14":"purchasable","15":"product-type-simple"},"bundled_by":[],"bundle_stock_status":"instock","bundle_stock_quantity":1,"bundle_virtual":false,"bundle_layout":"","bundle_add_to_cart_form_location":"","bundle_editable_in_cart":false,"bundle_sold_individually_context":"","bundle_item_grouping":"","bundle_min_size":"","bundle_max_size":"","bundle_price":[],"bundled_items":[],"bundle_sell_ids":[],"group_of_quantity":0,"min_quantity":0,"max_quantity":"","exclude_order_quantity_value_rules":"no","exclude_category_quantity_rules":"no","combine_variations":"no","jetpack_sharing_enabled":true,"jetpack_likes_enabled":true,"_links":{"self":[{"href":"https:\/\/watchdeluxe.it\/es\/wp-json\/wp\/v2\/product\/177768","targetHints":{"allow":["GET"]}}],"collection":[{"href":"https:\/\/watchdeluxe.it\/es\/wp-json\/wp\/v2\/product"}],"about":[{"href":"https:\/\/watchdeluxe.it\/es\/wp-json\/wp\/v2\/types\/product"}],"wp:featuredmedia":[{"embeddable":true,"href":"https:\/\/watchdeluxe.it\/es\/wp-json\/wp\/v2\/media\/177762"}],"wp:attachment":[{"href":"https:\/\/watchdeluxe.it\/es\/wp-json\/wp\/v2\/media?parent=177768"}],"wp:term":[{"taxonomy":"product_brand","embeddable":true,"href":"https:\/\/watchdeluxe.it\/es\/wp-json\/wp\/v2\/product_brand?post=177768"},{"taxonomy":"product_cat","embeddable":true,"href":"https:\/\/watchdeluxe.it\/es\/wp-json\/wp\/v2\/product_cat?post=177768"},{"taxonomy":"product_tag","embeddable":true,"href":"https:\/\/watchdeluxe.it\/es\/wp-json\/wp\/v2\/product_tag?post=177768"},{"taxonomy":"berocket_brand","embeddable":true,"href":"https:\/\/watchdeluxe.it\/es\/wp-json\/wp\/v2\/berocket_brand?post=177768"},{"taxonomy":"woo-feed-brand","embeddable":true,"href":"https:\/\/watchdeluxe.it\/es\/wp-json\/wp\/v2\/woo-feed-brand?post=177768"}],"curies":[{"name":"wp","href":"https:\/\/api.w.org\/{rel}","templated":true}]}}