{"id":177640,"date":"2026-04-22T11:45:08","date_gmt":"2026-04-22T09:45:08","guid":{"rendered":"https:\/\/watchdeluxe.it\/prodotto\/omega-seamaster-aqua-terra-150-34-mm-ref-220-15-34-20-55-001\/"},"modified":"2026-04-22T11:47:41","modified_gmt":"2026-04-22T09:47:41","slug":"omega-seamaster-aqua-terra-150-34-mm-ref-220-15-34-20-55-001","status":"publish","type":"product","link":"https:\/\/watchdeluxe.it\/es\/prodotto\/omega-seamaster-aqua-terra-150-34-mm-ref-220-15-34-20-55-001\/","title":{"rendered":"Omega Seamaster Aqua Terra 150 34 mm ref. 220.15.34.20.55.001"},"content":{"rendered":"<p>Omega Seamaster Aqua Terra 150 34 mm ref. 220.15.34.20.55.001<\/p>\n<ul>\n<li><strong>Referencia:<\/strong> 220.15.34.20.55.001<\/li>\n<li><strong>Movimiento:<\/strong> OMEGA Calibre 8800 Co-Axial Master Chronometer certificado METAS.<\/li>\n<li><strong>Caja:<\/strong> Acero inoxidable de 34 mm con bisel engastado con diamantes.<\/li>\n<li><strong>Esfera:<\/strong> Madreperla blanca perlada con 11 \u00edndices de diamante.<\/li>\n<li><strong>Cristal:<\/strong> Cristal de zafiro convexo, resistente a los ara\u00f1azos y con tratamiento antirreflejos en ambas caras.<\/li>\n<li><strong>Resistencia al agua:<\/strong> 15 bar (150 metros \/ 500 pies).<\/li>\n<li><strong>Caracter\u00edsticas:<\/strong> Resistente a campos magn\u00e9ticos de hasta 15.000 gauss.<\/li>\n<li><strong>Reserva de marcha:<\/strong> 55 horas con carga autom\u00e1tica bidireccional.<\/li>\n<li><strong>Fondo de caja:<\/strong> Transparente de cristal de zafiro para admirar el movimiento.<\/li>\n<li><strong>Brazalete:<\/strong> Acero inoxidable integrado con acabado pulido y cepillado.<\/li>\n<\/ul>\n","protected":false},"excerpt":{"rendered":"<p>El OMEGA Seamaster Aqua Terra 150M es la combinaci\u00f3n perfecta entre la elegancia resplandeciente de los diamantes y la precisi\u00f3n t\u00e9cnica de vanguardia. Una obra maestra en madreperla y acero dise\u00f1ada para quienes buscan un reloj de encanto atemporal. <\/p>\n","protected":false},"featured_media":177632,"template":"","meta":{"_crdt_document":"","advanced_seo_description":"","jetpack_seo_html_title":"","jetpack_seo_noindex":false},"product_brand":[],"product_cat":[1921],"product_tag":[3961],"berocket_brand":[],"woo-feed-brand":[],"class_list":{"0":"post-177640","1":"product","2":"type-product","3":"status-publish","4":"has-post-thumbnail","6":"product_cat-omega","7":"product_tag-seamaster-2","9":"first","10":"instock","11":"sale","12":"taxable","13":"shipping-taxable","14":"purchasable","15":"product-type-simple"},"bundled_by":[],"bundle_stock_status":"instock","bundle_stock_quantity":1,"bundle_virtual":false,"bundle_layout":"","bundle_add_to_cart_form_location":"","bundle_editable_in_cart":false,"bundle_sold_individually_context":"","bundle_item_grouping":"","bundle_min_size":"","bundle_max_size":"","bundle_price":[],"bundled_items":[],"bundle_sell_ids":[],"group_of_quantity":0,"min_quantity":0,"max_quantity":"","exclude_order_quantity_value_rules":"no","exclude_category_quantity_rules":"no","combine_variations":"no","jetpack_sharing_enabled":true,"jetpack_likes_enabled":true,"_links":{"self":[{"href":"https:\/\/watchdeluxe.it\/es\/wp-json\/wp\/v2\/product\/177640","targetHints":{"allow":["GET"]}}],"collection":[{"href":"https:\/\/watchdeluxe.it\/es\/wp-json\/wp\/v2\/product"}],"about":[{"href":"https:\/\/watchdeluxe.it\/es\/wp-json\/wp\/v2\/types\/product"}],"wp:featuredmedia":[{"embeddable":true,"href":"https:\/\/watchdeluxe.it\/es\/wp-json\/wp\/v2\/media\/177632"}],"wp:attachment":[{"href":"https:\/\/watchdeluxe.it\/es\/wp-json\/wp\/v2\/media?parent=177640"}],"wp:term":[{"taxonomy":"product_brand","embeddable":true,"href":"https:\/\/watchdeluxe.it\/es\/wp-json\/wp\/v2\/product_brand?post=177640"},{"taxonomy":"product_cat","embeddable":true,"href":"https:\/\/watchdeluxe.it\/es\/wp-json\/wp\/v2\/product_cat?post=177640"},{"taxonomy":"product_tag","embeddable":true,"href":"https:\/\/watchdeluxe.it\/es\/wp-json\/wp\/v2\/product_tag?post=177640"},{"taxonomy":"berocket_brand","embeddable":true,"href":"https:\/\/watchdeluxe.it\/es\/wp-json\/wp\/v2\/berocket_brand?post=177640"},{"taxonomy":"woo-feed-brand","embeddable":true,"href":"https:\/\/watchdeluxe.it\/es\/wp-json\/wp\/v2\/woo-feed-brand?post=177640"}],"curies":[{"name":"wp","href":"https:\/\/api.w.org\/{rel}","templated":true}]}}