{"id":177470,"date":"2026-04-22T10:26:54","date_gmt":"2026-04-22T08:26:54","guid":{"rendered":"https:\/\/watchdeluxe.it\/prodotto\/omega-speedmaster-moonwatch-ref-311-30-42-30-01-006\/"},"modified":"2026-04-22T10:26:54","modified_gmt":"2026-04-22T08:26:54","slug":"omega-speedmaster-moonwatch-ref-311-30-42-30-01-006","status":"publish","type":"product","link":"https:\/\/watchdeluxe.it\/es\/prodotto\/omega-speedmaster-moonwatch-ref-311-30-42-30-01-006\/","title":{"rendered":"Omega Speedmaster Moonwatch ref. 311.30.42.30.01.006"},"content":{"rendered":"<p>Omega Speedmaster Moonwatch ref. 311.30.42.30.01.006<\/p>\n<ul>\n<li><strong>Referencia:<\/strong> 311.30.42.30.01.006<\/li>\n<li><strong>Movimiento:<\/strong> Calibre OMEGA 1863, cron\u00f3grafo de cuerda manual con acabado rodiado<\/li>\n<li><strong>Material de la Caja:<\/strong> Acero inoxidable 316L<\/li>\n<li><strong>Di\u00e1metro:<\/strong> 42 mm<\/li>\n<li><strong>Cristal:<\/strong> Zafiro abombado resistente a los ara\u00f1azos con tratamiento antirreflejos interno<\/li>\n<li><strong>Fondo:<\/strong> Transparente de cristal de zafiro para visi\u00f3n del movimiento<\/li>\n<li><strong>Reserva de marcha:<\/strong> 48 horas<\/li>\n<li><strong>Estanqueidad:<\/strong> 5 bar (50 metros \/ 167 pies)<\/li>\n<li><strong>Esfera:<\/strong> Negra con segundero peque\u00f1o, contadores de 30 minutos y 12 horas<\/li>\n<li><strong>Funciones:<\/strong> Cron\u00f3grafo, Taqu\u00edmetro, Segundero peque\u00f1o<\/li>\n<\/ul>\n","protected":false},"excerpt":{"rendered":"<p>El icono legendario que conquist\u00f3 la Luna, ahora con el encanto del \u00abSapphire Sandwich\u00bb para admirar el coraz\u00f3n del calibre 1863.<\/p>\n","protected":false},"featured_media":177460,"template":"","meta":{"_crdt_document":"","advanced_seo_description":"","jetpack_seo_html_title":"","jetpack_seo_noindex":false},"product_brand":[],"product_cat":[1921],"product_tag":[3718],"berocket_brand":[],"woo-feed-brand":[],"class_list":{"0":"post-177470","1":"product","2":"type-product","3":"status-publish","4":"has-post-thumbnail","6":"product_cat-omega","7":"product_tag-speedmaster-2","9":"first","10":"instock","11":"sale","12":"taxable","13":"shipping-taxable","14":"purchasable","15":"product-type-simple"},"bundled_by":[],"bundle_stock_status":"instock","bundle_stock_quantity":1,"bundle_virtual":false,"bundle_layout":"","bundle_add_to_cart_form_location":"","bundle_editable_in_cart":false,"bundle_sold_individually_context":"","bundle_item_grouping":"","bundle_min_size":"","bundle_max_size":"","bundle_price":[],"bundled_items":[],"bundle_sell_ids":[],"group_of_quantity":0,"min_quantity":0,"max_quantity":"","exclude_order_quantity_value_rules":"no","exclude_category_quantity_rules":"no","combine_variations":"no","jetpack_sharing_enabled":true,"jetpack_likes_enabled":true,"_links":{"self":[{"href":"https:\/\/watchdeluxe.it\/es\/wp-json\/wp\/v2\/product\/177470","targetHints":{"allow":["GET"]}}],"collection":[{"href":"https:\/\/watchdeluxe.it\/es\/wp-json\/wp\/v2\/product"}],"about":[{"href":"https:\/\/watchdeluxe.it\/es\/wp-json\/wp\/v2\/types\/product"}],"wp:featuredmedia":[{"embeddable":true,"href":"https:\/\/watchdeluxe.it\/es\/wp-json\/wp\/v2\/media\/177460"}],"wp:attachment":[{"href":"https:\/\/watchdeluxe.it\/es\/wp-json\/wp\/v2\/media?parent=177470"}],"wp:term":[{"taxonomy":"product_brand","embeddable":true,"href":"https:\/\/watchdeluxe.it\/es\/wp-json\/wp\/v2\/product_brand?post=177470"},{"taxonomy":"product_cat","embeddable":true,"href":"https:\/\/watchdeluxe.it\/es\/wp-json\/wp\/v2\/product_cat?post=177470"},{"taxonomy":"product_tag","embeddable":true,"href":"https:\/\/watchdeluxe.it\/es\/wp-json\/wp\/v2\/product_tag?post=177470"},{"taxonomy":"berocket_brand","embeddable":true,"href":"https:\/\/watchdeluxe.it\/es\/wp-json\/wp\/v2\/berocket_brand?post=177470"},{"taxonomy":"woo-feed-brand","embeddable":true,"href":"https:\/\/watchdeluxe.it\/es\/wp-json\/wp\/v2\/woo-feed-brand?post=177470"}],"curies":[{"name":"wp","href":"https:\/\/api.w.org\/{rel}","templated":true}]}}