{"id":177407,"date":"2026-04-22T10:12:39","date_gmt":"2026-04-22T08:12:39","guid":{"rendered":"https:\/\/watchdeluxe.it\/prodotto\/omega-speedmaster-mark-2-ref-327-20-43-50-01-001\/"},"modified":"2026-04-22T10:12:39","modified_gmt":"2026-04-22T08:12:39","slug":"omega-speedmaster-mark-2-ref-327-20-43-50-01-001","status":"publish","type":"product","link":"https:\/\/watchdeluxe.it\/es\/prodotto\/omega-speedmaster-mark-2-ref-327-20-43-50-01-001\/","title":{"rendered":"Omega speedmaster mark 2 ref. 327.20.43.50.01.001"},"content":{"rendered":"<p>Omega speedmaster mark 2 ref. 327.20.43.50.01.001<\/p>\n<ul>\n<li><strong>Referencia:<\/strong> 327.20.43.50.01.001<\/li>\n<li><strong>Movimiento:<\/strong> Calibre OMEGA 3330 autom\u00e1tico con escape Co-Axial<\/li>\n<li><strong>Materiales:<\/strong> Acero inoxidable y oro Sedna\u2122 de 18 K<\/li>\n<li><strong>Dimensiones de la Caja:<\/strong> 42,4 x 46,2 mm<\/li>\n<li><strong>Esfera:<\/strong> Gris mate con escala taquim\u00e9trica iluminada<\/li>\n<li><strong>Cristal:<\/strong> Zafiro plano resistente a los ara\u00f1azos con tratamiento antirreflejos interno<\/li>\n<li><strong>Reserva de marcha:<\/strong> 52 horas<\/li>\n<li><strong>Resistencia al agua:<\/strong> 10 bar (100 metros \/ 330 pies)<\/li>\n<li><strong>Funciones:<\/strong> Cron\u00f3grafo, cron\u00f3metro certificado COSC, fecha y peque\u00f1os segundos<\/li>\n<li><strong>Caracter\u00edstica especial:<\/strong> Espiral de silicio Si14 para una resistencia superior a los golpes<\/li>\n<\/ul>\n","protected":false},"excerpt":{"rendered":"<p>Un icono del automovilismo reinterpretado con la sofisticaci\u00f3n del oro Sedna\u2122 de 18 K y la vanguardia del calibre Co-Axial 3330. El Speedmaster Mark II combina un dise\u00f1o aerodin\u00e1mico vintage con prestaciones cronom\u00e9tricas de excelencia. <\/p>\n","protected":false},"featured_media":177399,"template":"","meta":{"_crdt_document":"","advanced_seo_description":"","jetpack_seo_html_title":"","jetpack_seo_noindex":false},"product_brand":[],"product_cat":[1921],"product_tag":[3718],"berocket_brand":[],"woo-feed-brand":[],"class_list":{"0":"post-177407","1":"product","2":"type-product","3":"status-publish","4":"has-post-thumbnail","6":"product_cat-omega","7":"product_tag-speedmaster-2","9":"first","10":"instock","11":"sale","12":"taxable","13":"shipping-taxable","14":"purchasable","15":"product-type-simple"},"bundled_by":[],"bundle_stock_status":"instock","bundle_stock_quantity":1,"bundle_virtual":false,"bundle_layout":"","bundle_add_to_cart_form_location":"","bundle_editable_in_cart":false,"bundle_sold_individually_context":"","bundle_item_grouping":"","bundle_min_size":"","bundle_max_size":"","bundle_price":[],"bundled_items":[],"bundle_sell_ids":[],"group_of_quantity":0,"min_quantity":0,"max_quantity":"","exclude_order_quantity_value_rules":"no","exclude_category_quantity_rules":"no","combine_variations":"no","jetpack_sharing_enabled":true,"jetpack_likes_enabled":true,"_links":{"self":[{"href":"https:\/\/watchdeluxe.it\/es\/wp-json\/wp\/v2\/product\/177407","targetHints":{"allow":["GET"]}}],"collection":[{"href":"https:\/\/watchdeluxe.it\/es\/wp-json\/wp\/v2\/product"}],"about":[{"href":"https:\/\/watchdeluxe.it\/es\/wp-json\/wp\/v2\/types\/product"}],"wp:featuredmedia":[{"embeddable":true,"href":"https:\/\/watchdeluxe.it\/es\/wp-json\/wp\/v2\/media\/177399"}],"wp:attachment":[{"href":"https:\/\/watchdeluxe.it\/es\/wp-json\/wp\/v2\/media?parent=177407"}],"wp:term":[{"taxonomy":"product_brand","embeddable":true,"href":"https:\/\/watchdeluxe.it\/es\/wp-json\/wp\/v2\/product_brand?post=177407"},{"taxonomy":"product_cat","embeddable":true,"href":"https:\/\/watchdeluxe.it\/es\/wp-json\/wp\/v2\/product_cat?post=177407"},{"taxonomy":"product_tag","embeddable":true,"href":"https:\/\/watchdeluxe.it\/es\/wp-json\/wp\/v2\/product_tag?post=177407"},{"taxonomy":"berocket_brand","embeddable":true,"href":"https:\/\/watchdeluxe.it\/es\/wp-json\/wp\/v2\/berocket_brand?post=177407"},{"taxonomy":"woo-feed-brand","embeddable":true,"href":"https:\/\/watchdeluxe.it\/es\/wp-json\/wp\/v2\/woo-feed-brand?post=177407"}],"curies":[{"name":"wp","href":"https:\/\/api.w.org\/{rel}","templated":true}]}}