{"id":177089,"date":"2026-04-17T12:04:25","date_gmt":"2026-04-17T10:04:25","guid":{"rendered":"https:\/\/watchdeluxe.it\/prodotto\/omega-de-ville-prestige-ref-434-13-40-20-03-001\/"},"modified":"2026-04-17T12:04:25","modified_gmt":"2026-04-17T10:04:25","slug":"omega-de-ville-prestige-ref-434-13-40-20-03-001","status":"publish","type":"product","link":"https:\/\/watchdeluxe.it\/es\/prodotto\/omega-de-ville-prestige-ref-434-13-40-20-03-001\/","title":{"rendered":"Omega de ville prestige ref. 434.13.40.20.03.001"},"content":{"rendered":"<p>Omega de ville prestige ref. 434.13.40.20.03.001<\/p>\n<ul>\n<li><strong>Referencia:<\/strong> 434.13.40.20.03.001<\/li>\n<li><strong>Movimiento:<\/strong> Calibre OMEGA 8800 Co-Axial Master Chronometer<\/li>\n<li><strong>Material de la caja:<\/strong> Acero inoxidable<\/li>\n<li><strong>Di\u00e1metro:<\/strong> 40 mm<\/li>\n<li><strong>Esfera:<\/strong> Azul PVD abombada con acabado cepillado en rayos de sol<\/li>\n<li><strong>Cristal:<\/strong> Cristal de zafiro convexo resistente a los ara\u00f1azos con tratamiento antirreflejos interno<\/li>\n<li><strong>Correa:<\/strong> Piel azul con hebilla de hebij\u00f3n<\/li>\n<li><strong>Autonom\u00eda:<\/strong> 55 horas de reserva de marcha<\/li>\n<li><strong>Resistencia:<\/strong> Antimagn\u00e9tico hasta 15.000 gauss<\/li>\n<li><strong>Certificaci\u00f3n:<\/strong> Master Chronometer certificado por METAS<\/li>\n<\/ul>\n","protected":false},"excerpt":{"rendered":"<p>Un icono de elegancia atemporal que fusiona la precisi\u00f3n del movimiento Master Chronometer con un dise\u00f1o refinado en acero y piel azul. El De Ville Prestige es la elecci\u00f3n definitiva para quienes buscan un lujo discreto y prestaciones de excelencia. <\/p>\n","protected":false},"featured_media":177079,"template":"","meta":{"_crdt_document":"","advanced_seo_description":"","jetpack_seo_html_title":"","jetpack_seo_noindex":false},"product_brand":[],"product_cat":[1921],"product_tag":[],"berocket_brand":[],"woo-feed-brand":[],"class_list":{"0":"post-177089","1":"product","2":"type-product","3":"status-publish","4":"has-post-thumbnail","6":"product_cat-omega","8":"first","9":"instock","10":"sale","11":"taxable","12":"shipping-taxable","13":"purchasable","14":"product-type-simple"},"bundled_by":[],"bundle_stock_status":"instock","bundle_stock_quantity":1,"bundle_virtual":false,"bundle_layout":"","bundle_add_to_cart_form_location":"","bundle_editable_in_cart":false,"bundle_sold_individually_context":"","bundle_item_grouping":"","bundle_min_size":"","bundle_max_size":"","bundle_price":[],"bundled_items":[],"bundle_sell_ids":[],"group_of_quantity":0,"min_quantity":0,"max_quantity":"","exclude_order_quantity_value_rules":"no","exclude_category_quantity_rules":"no","combine_variations":"no","jetpack_sharing_enabled":true,"jetpack_likes_enabled":true,"_links":{"self":[{"href":"https:\/\/watchdeluxe.it\/es\/wp-json\/wp\/v2\/product\/177089","targetHints":{"allow":["GET"]}}],"collection":[{"href":"https:\/\/watchdeluxe.it\/es\/wp-json\/wp\/v2\/product"}],"about":[{"href":"https:\/\/watchdeluxe.it\/es\/wp-json\/wp\/v2\/types\/product"}],"wp:featuredmedia":[{"embeddable":true,"href":"https:\/\/watchdeluxe.it\/es\/wp-json\/wp\/v2\/media\/177079"}],"wp:attachment":[{"href":"https:\/\/watchdeluxe.it\/es\/wp-json\/wp\/v2\/media?parent=177089"}],"wp:term":[{"taxonomy":"product_brand","embeddable":true,"href":"https:\/\/watchdeluxe.it\/es\/wp-json\/wp\/v2\/product_brand?post=177089"},{"taxonomy":"product_cat","embeddable":true,"href":"https:\/\/watchdeluxe.it\/es\/wp-json\/wp\/v2\/product_cat?post=177089"},{"taxonomy":"product_tag","embeddable":true,"href":"https:\/\/watchdeluxe.it\/es\/wp-json\/wp\/v2\/product_tag?post=177089"},{"taxonomy":"berocket_brand","embeddable":true,"href":"https:\/\/watchdeluxe.it\/es\/wp-json\/wp\/v2\/berocket_brand?post=177089"},{"taxonomy":"woo-feed-brand","embeddable":true,"href":"https:\/\/watchdeluxe.it\/es\/wp-json\/wp\/v2\/woo-feed-brand?post=177089"}],"curies":[{"name":"wp","href":"https:\/\/api.w.org\/{rel}","templated":true}]}}