{"id":177000,"date":"2026-04-17T11:42:25","date_gmt":"2026-04-17T09:42:25","guid":{"rendered":"https:\/\/watchdeluxe.it\/prodotto\/omega-de-ville-tresor-ref-435-13-40-21-03-002\/"},"modified":"2026-04-17T11:42:25","modified_gmt":"2026-04-17T09:42:25","slug":"omega-de-ville-tresor-ref-435-13-40-21-03-002","status":"publish","type":"product","link":"https:\/\/watchdeluxe.it\/es\/prodotto\/omega-de-ville-tresor-ref-435-13-40-21-03-002\/","title":{"rendered":"Omega de ville tresor ref. 435.13.40.21.03.002"},"content":{"rendered":"<p>Omega de ville tresor ref. 435.13.40.21.03.002<\/p>\n<ul>\n<li><strong>Colecci\u00f3n:<\/strong> De Ville Tr\u00e9sor<\/li>\n<li><strong>Movimiento:<\/strong> OMEGA 8926 de cuerda manual con escape Co-Axial<\/li>\n<li><strong>Caja:<\/strong> Acero inoxidable pulido, di\u00e1metro 40 mm<\/li>\n<li><strong>Esfera:<\/strong> Azul abombada con acabado cepillado y peque\u00f1os segundos a las 6<\/li>\n<li><strong>Detalles:<\/strong> Agujas e \u00edndices abombados en oro blanco de 18 K<\/li>\n<li><strong>Cristal:<\/strong> Zafiro abombado resistente a los ara\u00f1azos con tratamiento antirreflejos en ambos lados<\/li>\n<li><strong>Certificaci\u00f3n:<\/strong> Master Chronometer certificado por METAS<\/li>\n<li><strong>Resistencia magn\u00e9tica:<\/strong> Superior a 15.000 gauss<\/li>\n<li><strong>Reserva de marcha:<\/strong> 72 horas<\/li>\n<li><strong>Correa:<\/strong> Piel azul de alta calidad con hebilla de ardill\u00f3n<\/li>\n<\/ul>\n","protected":false},"excerpt":{"rendered":"<p>La elegancia atemporal se encuentra con la excelencia mec\u00e1nica en el De Ville Tr\u00e9sor, una obra maestra de precisi\u00f3n Master Chronometer con una refinada esfera azul y acabados en oro blanco de 18 K.<\/p>\n","protected":false},"featured_media":176989,"template":"","meta":{"_crdt_document":"","advanced_seo_description":"","jetpack_seo_html_title":"","jetpack_seo_noindex":false},"product_brand":[],"product_cat":[1921],"product_tag":[1425],"berocket_brand":[],"woo-feed-brand":[],"class_list":{"0":"post-177000","1":"product","2":"type-product","3":"status-publish","4":"has-post-thumbnail","6":"product_cat-omega","7":"product_tag-de-ville","9":"first","10":"instock","11":"sale","12":"taxable","13":"shipping-taxable","14":"purchasable","15":"product-type-simple"},"bundled_by":[],"bundle_stock_status":"instock","bundle_stock_quantity":1,"bundle_virtual":false,"bundle_layout":"","bundle_add_to_cart_form_location":"","bundle_editable_in_cart":false,"bundle_sold_individually_context":"","bundle_item_grouping":"","bundle_min_size":"","bundle_max_size":"","bundle_price":[],"bundled_items":[],"bundle_sell_ids":[],"group_of_quantity":0,"min_quantity":0,"max_quantity":"","exclude_order_quantity_value_rules":"no","exclude_category_quantity_rules":"no","combine_variations":"no","jetpack_sharing_enabled":true,"jetpack_likes_enabled":true,"_links":{"self":[{"href":"https:\/\/watchdeluxe.it\/es\/wp-json\/wp\/v2\/product\/177000","targetHints":{"allow":["GET"]}}],"collection":[{"href":"https:\/\/watchdeluxe.it\/es\/wp-json\/wp\/v2\/product"}],"about":[{"href":"https:\/\/watchdeluxe.it\/es\/wp-json\/wp\/v2\/types\/product"}],"wp:featuredmedia":[{"embeddable":true,"href":"https:\/\/watchdeluxe.it\/es\/wp-json\/wp\/v2\/media\/176989"}],"wp:attachment":[{"href":"https:\/\/watchdeluxe.it\/es\/wp-json\/wp\/v2\/media?parent=177000"}],"wp:term":[{"taxonomy":"product_brand","embeddable":true,"href":"https:\/\/watchdeluxe.it\/es\/wp-json\/wp\/v2\/product_brand?post=177000"},{"taxonomy":"product_cat","embeddable":true,"href":"https:\/\/watchdeluxe.it\/es\/wp-json\/wp\/v2\/product_cat?post=177000"},{"taxonomy":"product_tag","embeddable":true,"href":"https:\/\/watchdeluxe.it\/es\/wp-json\/wp\/v2\/product_tag?post=177000"},{"taxonomy":"berocket_brand","embeddable":true,"href":"https:\/\/watchdeluxe.it\/es\/wp-json\/wp\/v2\/berocket_brand?post=177000"},{"taxonomy":"woo-feed-brand","embeddable":true,"href":"https:\/\/watchdeluxe.it\/es\/wp-json\/wp\/v2\/woo-feed-brand?post=177000"}],"curies":[{"name":"wp","href":"https:\/\/api.w.org\/{rel}","templated":true}]}}