{"id":176985,"date":"2026-04-17T11:39:57","date_gmt":"2026-04-17T09:39:57","guid":{"rendered":"https:\/\/watchdeluxe.it\/prodotto\/omega-de-ville-tresor-ref-435-13-40-21-06-001\/"},"modified":"2026-04-17T11:39:57","modified_gmt":"2026-04-17T09:39:57","slug":"omega-de-ville-tresor-ref-435-13-40-21-06-001","status":"publish","type":"product","link":"https:\/\/watchdeluxe.it\/es\/prodotto\/omega-de-ville-tresor-ref-435-13-40-21-06-001\/","title":{"rendered":"Omega De Ville Tr\u00e9sor ref. 435.13.40.21.06.001"},"content":{"rendered":"<p>Omega De Ville Tr\u00e9sor ref. 435.13.40.21.06.001<\/p>\n<ul>\n<li><strong>Colecci\u00f3n:<\/strong> De Ville Tr\u00e9sor<\/li>\n<li><strong>Caja:<\/strong> Acero inoxidable pulido<\/li>\n<li><strong>Di\u00e1metro:<\/strong> 40 mm<\/li>\n<li><strong>Esfera:<\/strong> Gris abombada con peque\u00f1o segundero a las 6<\/li>\n<li><strong>Detalles:<\/strong> Agujas e \u00edndices abombados en oro blanco de 18K<\/li>\n<li><strong>Movimiento:<\/strong> Calibre OMEGA 8926 de cuerda manual<\/li>\n<li><strong>Certificaci\u00f3n:<\/strong> Master Chronometer certificado por METAS<\/li>\n<li><strong>Reserva de marcha:<\/strong> 72 horas<\/li>\n<li><strong>Resistencia magn\u00e9tica:<\/strong> Hasta 15.000 gauss<\/li>\n<li><strong>Cristal:<\/strong> Zafiro abombado resistente a los ara\u00f1azos con tratamiento antirreflejos<\/li>\n<li><strong>Correa:<\/strong> Piel gris de alta calidad<\/li>\n<\/ul>\n","protected":false},"excerpt":{"rendered":"<p>La elegancia atemporal del De Ville Tr\u00e9sor se viste de acero y gris, ofreciendo una precisi\u00f3n Master Chronometer certificada en un dise\u00f1o ultraplano.<\/p>\n","protected":false},"featured_media":176977,"template":"","meta":{"_crdt_document":"","advanced_seo_description":"","jetpack_seo_html_title":"","jetpack_seo_noindex":false},"product_brand":[],"product_cat":[1921],"product_tag":[1425],"berocket_brand":[],"woo-feed-brand":[],"class_list":{"0":"post-176985","1":"product","2":"type-product","3":"status-publish","4":"has-post-thumbnail","6":"product_cat-omega","7":"product_tag-de-ville","9":"first","10":"instock","11":"sale","12":"taxable","13":"shipping-taxable","14":"purchasable","15":"product-type-simple"},"bundled_by":[],"bundle_stock_status":"instock","bundle_stock_quantity":1,"bundle_virtual":false,"bundle_layout":"","bundle_add_to_cart_form_location":"","bundle_editable_in_cart":false,"bundle_sold_individually_context":"","bundle_item_grouping":"","bundle_min_size":"","bundle_max_size":"","bundle_price":[],"bundled_items":[],"bundle_sell_ids":[],"group_of_quantity":0,"min_quantity":0,"max_quantity":"","exclude_order_quantity_value_rules":"no","exclude_category_quantity_rules":"no","combine_variations":"no","jetpack_sharing_enabled":true,"jetpack_likes_enabled":true,"_links":{"self":[{"href":"https:\/\/watchdeluxe.it\/es\/wp-json\/wp\/v2\/product\/176985","targetHints":{"allow":["GET"]}}],"collection":[{"href":"https:\/\/watchdeluxe.it\/es\/wp-json\/wp\/v2\/product"}],"about":[{"href":"https:\/\/watchdeluxe.it\/es\/wp-json\/wp\/v2\/types\/product"}],"wp:featuredmedia":[{"embeddable":true,"href":"https:\/\/watchdeluxe.it\/es\/wp-json\/wp\/v2\/media\/176977"}],"wp:attachment":[{"href":"https:\/\/watchdeluxe.it\/es\/wp-json\/wp\/v2\/media?parent=176985"}],"wp:term":[{"taxonomy":"product_brand","embeddable":true,"href":"https:\/\/watchdeluxe.it\/es\/wp-json\/wp\/v2\/product_brand?post=176985"},{"taxonomy":"product_cat","embeddable":true,"href":"https:\/\/watchdeluxe.it\/es\/wp-json\/wp\/v2\/product_cat?post=176985"},{"taxonomy":"product_tag","embeddable":true,"href":"https:\/\/watchdeluxe.it\/es\/wp-json\/wp\/v2\/product_tag?post=176985"},{"taxonomy":"berocket_brand","embeddable":true,"href":"https:\/\/watchdeluxe.it\/es\/wp-json\/wp\/v2\/berocket_brand?post=176985"},{"taxonomy":"woo-feed-brand","embeddable":true,"href":"https:\/\/watchdeluxe.it\/es\/wp-json\/wp\/v2\/woo-feed-brand?post=176985"}],"curies":[{"name":"wp","href":"https:\/\/api.w.org\/{rel}","templated":true}]}}