{"id":176933,"date":"2026-04-17T11:28:37","date_gmt":"2026-04-17T09:28:37","guid":{"rendered":"https:\/\/watchdeluxe.it\/prodotto\/omega-constellation-globemaster-39-mm-oro-sedna-ref-130-53-39-21-02-001\/"},"modified":"2026-04-17T11:28:37","modified_gmt":"2026-04-17T09:28:37","slug":"omega-constellation-globemaster-39-mm-oro-sedna-ref-130-53-39-21-02-001","status":"publish","type":"product","link":"https:\/\/watchdeluxe.it\/es\/prodotto\/omega-constellation-globemaster-39-mm-oro-sedna-ref-130-53-39-21-02-001\/","title":{"rendered":"Omega Constellation Globemaster 39 mm, oro Sedna ref. 130.53.39.21.02.001"},"content":{"rendered":"<p>Omega Constellation Globemaster 39 mm, oro Sedna ref. 130.53.39.21.02.001<\/p>\n<ul>\n<li><strong>Colecci\u00f3n:<\/strong> Constellation Globemaster<\/li>\n<li><strong>Material de la caja:<\/strong> Oro Sedna\u2122 de 18K con bisel estriado<\/li>\n<li><strong>Di\u00e1metro:<\/strong> 39 mm<\/li>\n<li><strong>Esfera:<\/strong> Plateada opalina estilo &#8220;Pie Pan&#8221;<\/li>\n<li><strong>Movimiento:<\/strong> OMEGA 8901 Co-Axial Master Chronometer<\/li>\n<li><strong>Reserva de marcha:<\/strong> 60 horas (carga autom\u00e1tica bidireccional)<\/li>\n<li><strong>Resistencia magn\u00e9tica:<\/strong> Superior a 15 000 gauss<\/li>\n<li><strong>Cristal:<\/strong> Cristal de zafiro convexo resistente a los ara\u00f1azos<\/li>\n<li><strong>Correa:<\/strong> Piel marr\u00f3n de alta calidad<\/li>\n<li><strong>Estanqueidad:<\/strong> 10 bar (100 metros \/ 330 pies)<\/li>\n<\/ul>\n","protected":false},"excerpt":{"rendered":"<p>El OMEGA Globemaster en oro Sedna\u2122 de 18K es el primer Master Chronometer del mundo, un icono de precisi\u00f3n que fusiona el legendario dise\u00f1o &#8220;Pie Pan&#8221; con la tecnolog\u00eda antimagn\u00e9tica m\u00e1s avanzada.<\/p>\n","protected":false},"featured_media":176927,"template":"","meta":{"_crdt_document":"","advanced_seo_description":"","jetpack_seo_html_title":"","jetpack_seo_noindex":false},"product_brand":[],"product_cat":[1921],"product_tag":[1426],"berocket_brand":[],"woo-feed-brand":[],"class_list":{"0":"post-176933","1":"product","2":"type-product","3":"status-publish","4":"has-post-thumbnail","6":"product_cat-omega","7":"product_tag-constellation","9":"first","10":"instock","11":"sale","12":"taxable","13":"shipping-taxable","14":"purchasable","15":"product-type-simple"},"bundled_by":[],"bundle_stock_status":"instock","bundle_stock_quantity":1,"bundle_virtual":false,"bundle_layout":"","bundle_add_to_cart_form_location":"","bundle_editable_in_cart":false,"bundle_sold_individually_context":"","bundle_item_grouping":"","bundle_min_size":"","bundle_max_size":"","bundle_price":[],"bundled_items":[],"bundle_sell_ids":[],"group_of_quantity":0,"min_quantity":0,"max_quantity":"","exclude_order_quantity_value_rules":"no","exclude_category_quantity_rules":"no","combine_variations":"no","jetpack_sharing_enabled":true,"jetpack_likes_enabled":true,"_links":{"self":[{"href":"https:\/\/watchdeluxe.it\/es\/wp-json\/wp\/v2\/product\/176933","targetHints":{"allow":["GET"]}}],"collection":[{"href":"https:\/\/watchdeluxe.it\/es\/wp-json\/wp\/v2\/product"}],"about":[{"href":"https:\/\/watchdeluxe.it\/es\/wp-json\/wp\/v2\/types\/product"}],"wp:featuredmedia":[{"embeddable":true,"href":"https:\/\/watchdeluxe.it\/es\/wp-json\/wp\/v2\/media\/176927"}],"wp:attachment":[{"href":"https:\/\/watchdeluxe.it\/es\/wp-json\/wp\/v2\/media?parent=176933"}],"wp:term":[{"taxonomy":"product_brand","embeddable":true,"href":"https:\/\/watchdeluxe.it\/es\/wp-json\/wp\/v2\/product_brand?post=176933"},{"taxonomy":"product_cat","embeddable":true,"href":"https:\/\/watchdeluxe.it\/es\/wp-json\/wp\/v2\/product_cat?post=176933"},{"taxonomy":"product_tag","embeddable":true,"href":"https:\/\/watchdeluxe.it\/es\/wp-json\/wp\/v2\/product_tag?post=176933"},{"taxonomy":"berocket_brand","embeddable":true,"href":"https:\/\/watchdeluxe.it\/es\/wp-json\/wp\/v2\/berocket_brand?post=176933"},{"taxonomy":"woo-feed-brand","embeddable":true,"href":"https:\/\/watchdeluxe.it\/es\/wp-json\/wp\/v2\/woo-feed-brand?post=176933"}],"curies":[{"name":"wp","href":"https:\/\/api.w.org\/{rel}","templated":true}]}}