{"id":176911,"date":"2026-04-17T11:24:26","date_gmt":"2026-04-17T09:24:26","guid":{"rendered":"https:\/\/watchdeluxe.it\/prodotto\/omega-constellation-cuarzo-ref-131-10-28-60-03-001\/"},"modified":"2026-04-17T11:24:26","modified_gmt":"2026-04-17T09:24:26","slug":"omega-constellation-cuarzo-ref-131-10-28-60-03-001","status":"publish","type":"product","link":"https:\/\/watchdeluxe.it\/es\/prodotto\/omega-constellation-cuarzo-ref-131-10-28-60-03-001\/","title":{"rendered":"Omega constellation cuarzo ref. 131.10.28.60.03.001"},"content":{"rendered":"<p>Omega constellation cuarzo ref. 131.10.28.60.03.001<\/p>\n<ul>\n<li><strong>Referencia:<\/strong> 131.10.28.60.03.001<\/li>\n<li><strong>Colecci\u00f3n:<\/strong> Constellation Manhattan<\/li>\n<li><strong>Caja:<\/strong> Acero inoxidable de 28 mm<\/li>\n<li><strong>Esfera:<\/strong> Azul cepillado con rayos de sol e \u00edndices aplicados<\/li>\n<li><strong>Movimiento:<\/strong> OMEGA 4061 de cuarzo con funci\u00f3n &#8216;Long Life&#8217;<\/li>\n<li><strong>Cristal:<\/strong> Zafiro abombado resistente a los ara\u00f1azos con tratamiento antirreflejos en la cara interna<\/li>\n<li><strong>Bisel:<\/strong> Acero con n\u00fameros romanos grabados<\/li>\n<li><strong>Estanqueidad:<\/strong> 3 bar (30 metros \/ 100 pies)<\/li>\n<li><strong>Brazalete:<\/strong> Acero con cierre desplegable y ajuste de confort<\/li>\n<li><strong>Autonom\u00eda:<\/strong> Bater\u00eda con duraci\u00f3n de hasta 48 meses<\/li>\n<\/ul>\n","protected":false},"excerpt":{"rendered":"<p>La encarnaci\u00f3n de la elegancia moderna: un reloj Constellation en acero con una magn\u00e9tica esfera azul, dedicado a quienes exigen precisi\u00f3n y estilo ic\u00f3nico.<\/p>\n","protected":false},"featured_media":176912,"template":"","meta":{"_crdt_document":"","advanced_seo_description":"","jetpack_seo_html_title":"","jetpack_seo_noindex":false},"product_brand":[],"product_cat":[2276],"product_tag":[2974],"berocket_brand":[],"woo-feed-brand":[],"class_list":{"0":"post-176911","1":"product","2":"type-product","3":"status-publish","4":"has-post-thumbnail","6":"product_cat-omega-es","7":"product_tag-constelacion","9":"first","10":"instock","11":"sale","12":"taxable","13":"shipping-taxable","14":"purchasable","15":"product-type-simple"},"bundled_by":[],"bundle_stock_status":"instock","bundle_stock_quantity":1,"bundle_virtual":false,"bundle_layout":"","bundle_add_to_cart_form_location":"","bundle_editable_in_cart":false,"bundle_sold_individually_context":"","bundle_item_grouping":"","bundle_min_size":"","bundle_max_size":"","bundle_price":[],"bundled_items":[],"bundle_sell_ids":[],"group_of_quantity":0,"min_quantity":0,"max_quantity":"","exclude_order_quantity_value_rules":"no","exclude_category_quantity_rules":"no","combine_variations":"no","jetpack_sharing_enabled":true,"jetpack_likes_enabled":true,"_links":{"self":[{"href":"https:\/\/watchdeluxe.it\/es\/wp-json\/wp\/v2\/product\/176911","targetHints":{"allow":["GET"]}}],"collection":[{"href":"https:\/\/watchdeluxe.it\/es\/wp-json\/wp\/v2\/product"}],"about":[{"href":"https:\/\/watchdeluxe.it\/es\/wp-json\/wp\/v2\/types\/product"}],"wp:featuredmedia":[{"embeddable":true,"href":"https:\/\/watchdeluxe.it\/es\/wp-json\/wp\/v2\/media\/176912"}],"wp:attachment":[{"href":"https:\/\/watchdeluxe.it\/es\/wp-json\/wp\/v2\/media?parent=176911"}],"wp:term":[{"taxonomy":"product_brand","embeddable":true,"href":"https:\/\/watchdeluxe.it\/es\/wp-json\/wp\/v2\/product_brand?post=176911"},{"taxonomy":"product_cat","embeddable":true,"href":"https:\/\/watchdeluxe.it\/es\/wp-json\/wp\/v2\/product_cat?post=176911"},{"taxonomy":"product_tag","embeddable":true,"href":"https:\/\/watchdeluxe.it\/es\/wp-json\/wp\/v2\/product_tag?post=176911"},{"taxonomy":"berocket_brand","embeddable":true,"href":"https:\/\/watchdeluxe.it\/es\/wp-json\/wp\/v2\/berocket_brand?post=176911"},{"taxonomy":"woo-feed-brand","embeddable":true,"href":"https:\/\/watchdeluxe.it\/es\/wp-json\/wp\/v2\/woo-feed-brand?post=176911"}],"curies":[{"name":"wp","href":"https:\/\/api.w.org\/{rel}","templated":true}]}}