{"id":176799,"date":"2026-04-17T10:39:59","date_gmt":"2026-04-17T08:39:59","guid":{"rendered":"https:\/\/watchdeluxe.it\/prodotto\/omega-constellation-41-mm-ref-131-33-41-21-04-001\/"},"modified":"2026-04-17T10:42:05","modified_gmt":"2026-04-17T08:42:05","slug":"omega-constellation-41-mm-ref-131-33-41-21-04-001","status":"publish","type":"product","link":"https:\/\/watchdeluxe.it\/es\/prodotto\/omega-constellation-41-mm-ref-131-33-41-21-04-001\/","title":{"rendered":"Omega constellation 41 mm ref. 131.33.41.21.04.001"},"content":{"rendered":"<p>Omega constellation 41 mm ref. 131.33.41.21.04.001<\/p>\n<ul>\n<li><strong>Movimiento:<\/strong> OMEGA 8900 Co-Axial Master Chronometer de carga autom\u00e1tica<\/li>\n<li><strong>Caja:<\/strong> Acero inoxidable, di\u00e1metro 41 mm con fondo de cristal de zafiro<\/li>\n<li><strong>Bisel:<\/strong> Cer\u00e1mica azul pulida con n\u00fameros romanos en esmalte Grand Feu blanco<\/li>\n<li><strong>Esfera:<\/strong> Cer\u00e1mica blanca con \u00edndices y agujas azuladas<\/li>\n<li><strong>Correa:<\/strong> Piel azul con interior de caucho y cierre desplegable<\/li>\n<li><strong>Cristal:<\/strong> Cristal de zafiro abombado antiara\u00f1azos con tratamiento antirreflejos en ambos lados<\/li>\n<li><strong>Certificaci\u00f3n:<\/strong> Master Chronometer certificado METAS, resistente a campos magn\u00e9ticos<\/li>\n<li><strong>Resistencia Magn\u00e9tica:<\/strong> Hasta 15.000 gauss<\/li>\n<li><strong>Reserva de Marcha:<\/strong> 60 horas gracias a los dos barriles montados en serie<\/li>\n<li><strong>Estanqueidad:<\/strong> 5 bar (50 metros \/ 167 pies)<\/li>\n<\/ul>\n","protected":false},"excerpt":{"rendered":"<p>Una obra maestra de dise\u00f1o definida por las ic\u00f3nicas garras y el bisel de cer\u00e1mica azul, donde la maestr\u00eda artesanal se encuentra con la precisi\u00f3n insuperable del calibre Master Chronometer.<\/p>\n","protected":false},"featured_media":176793,"template":"","meta":{"_crdt_document":"","advanced_seo_description":"","jetpack_seo_html_title":"","jetpack_seo_noindex":false},"product_brand":[],"product_cat":[1921],"product_tag":[1426],"berocket_brand":[],"woo-feed-brand":[],"class_list":{"0":"post-176799","1":"product","2":"type-product","3":"status-publish","4":"has-post-thumbnail","6":"product_cat-omega","7":"product_tag-constellation","9":"first","10":"instock","11":"sale","12":"taxable","13":"shipping-taxable","14":"purchasable","15":"product-type-simple"},"bundled_by":[],"bundle_stock_status":"instock","bundle_stock_quantity":1,"bundle_virtual":false,"bundle_layout":"","bundle_add_to_cart_form_location":"","bundle_editable_in_cart":false,"bundle_sold_individually_context":"","bundle_item_grouping":"","bundle_min_size":"","bundle_max_size":"","bundle_price":[],"bundled_items":[],"bundle_sell_ids":[],"group_of_quantity":0,"min_quantity":0,"max_quantity":"","exclude_order_quantity_value_rules":"no","exclude_category_quantity_rules":"no","combine_variations":"no","jetpack_sharing_enabled":true,"jetpack_likes_enabled":true,"_links":{"self":[{"href":"https:\/\/watchdeluxe.it\/es\/wp-json\/wp\/v2\/product\/176799","targetHints":{"allow":["GET"]}}],"collection":[{"href":"https:\/\/watchdeluxe.it\/es\/wp-json\/wp\/v2\/product"}],"about":[{"href":"https:\/\/watchdeluxe.it\/es\/wp-json\/wp\/v2\/types\/product"}],"wp:featuredmedia":[{"embeddable":true,"href":"https:\/\/watchdeluxe.it\/es\/wp-json\/wp\/v2\/media\/176793"}],"wp:attachment":[{"href":"https:\/\/watchdeluxe.it\/es\/wp-json\/wp\/v2\/media?parent=176799"}],"wp:term":[{"taxonomy":"product_brand","embeddable":true,"href":"https:\/\/watchdeluxe.it\/es\/wp-json\/wp\/v2\/product_brand?post=176799"},{"taxonomy":"product_cat","embeddable":true,"href":"https:\/\/watchdeluxe.it\/es\/wp-json\/wp\/v2\/product_cat?post=176799"},{"taxonomy":"product_tag","embeddable":true,"href":"https:\/\/watchdeluxe.it\/es\/wp-json\/wp\/v2\/product_tag?post=176799"},{"taxonomy":"berocket_brand","embeddable":true,"href":"https:\/\/watchdeluxe.it\/es\/wp-json\/wp\/v2\/berocket_brand?post=176799"},{"taxonomy":"woo-feed-brand","embeddable":true,"href":"https:\/\/watchdeluxe.it\/es\/wp-json\/wp\/v2\/woo-feed-brand?post=176799"}],"curies":[{"name":"wp","href":"https:\/\/api.w.org\/{rel}","templated":true}]}}