{"id":176462,"date":"2026-04-16T15:14:17","date_gmt":"2026-04-16T13:14:17","guid":{"rendered":"https:\/\/watchdeluxe.it\/prodotto\/maurice-lacroix-aikon-automatico-42-mm-ai6008-pvb00-330-2\/"},"modified":"2026-04-16T15:14:17","modified_gmt":"2026-04-16T13:14:17","slug":"maurice-lacroix-aikon-automatico-42-mm-ai6008-pvb00-330-2","status":"publish","type":"product","link":"https:\/\/watchdeluxe.it\/es\/prodotto\/maurice-lacroix-aikon-automatico-42-mm-ai6008-pvb00-330-2\/","title":{"rendered":"Maurice Lacroix Aikon Autom\u00e1tico 42 mm AI6008-PVB00-330-2"},"content":{"rendered":"<p>Maurice Lacroix Aikon Autom\u00e1tico 42 mm AI6008-PVB00-330-2<\/p>\n<ul>\n<li><strong>Modelo:<\/strong> AIKON Automatic 42mm Gunmetal PVD Limited Edition<\/li>\n<li><strong>Movimiento:<\/strong> Mec\u00e1nico de carga autom\u00e1tica, calibre suizo ML115<\/li>\n<li><strong>Caja:<\/strong> Acero inoxidable con refinado tratamiento PVD Gunmetal<\/li>\n<li><strong>Di\u00e1metro:<\/strong> 42 mm<\/li>\n<li><strong>Esfera:<\/strong> Gunmetal con motivo Clous de Paris e \u00edndices luminiscentes<\/li>\n<li><strong>Hermeticidad:<\/strong> 20 ATM (200 metros)<\/li>\n<li><strong>Reserva de marcha:<\/strong> 38 horas con frecuencia de 28.800 alternancias\/hora<\/li>\n<li><strong>Cristal:<\/strong> Cristal de zafiro con doble tratamiento antirreflejos<\/li>\n<li><strong>Correa:<\/strong> De caucho negro con logotipo M y sistema de cambio r\u00e1pido Easy Change<\/li>\n<li><strong>Fondo de caja:<\/strong> Transparente de zafiro con movimiento a la vista decorado con Perlage<\/li>\n<\/ul>\n","protected":false},"excerpt":{"rendered":"<p>La elegancia metropolitana se une a la audacia del PVD gunmetal en esta exclusiva pieza de edici\u00f3n limitada de Maurice Lacroix. Un guardatiempos autom\u00e1tico de car\u00e1cter decidido, dise\u00f1ado para quienes viven la ciudad con estilo y precisi\u00f3n. <\/p>\n","protected":false},"featured_media":176463,"template":"","meta":{"_crdt_document":"","advanced_seo_description":"","jetpack_seo_html_title":"","jetpack_seo_noindex":false},"product_brand":[],"product_cat":[1937],"product_tag":[1482],"berocket_brand":[],"woo-feed-brand":[],"class_list":{"0":"post-176462","1":"product","2":"type-product","3":"status-publish","4":"has-post-thumbnail","6":"product_cat-maurice-lacroix","7":"product_tag-aikon","9":"first","10":"instock","11":"sale","12":"taxable","13":"shipping-taxable","14":"purchasable","15":"product-type-simple"},"bundled_by":[],"bundle_stock_status":"instock","bundle_stock_quantity":1,"bundle_virtual":false,"bundle_layout":"","bundle_add_to_cart_form_location":"","bundle_editable_in_cart":false,"bundle_sold_individually_context":"","bundle_item_grouping":"","bundle_min_size":"","bundle_max_size":"","bundle_price":[],"bundled_items":[],"bundle_sell_ids":[],"group_of_quantity":0,"min_quantity":0,"max_quantity":"","exclude_order_quantity_value_rules":"no","exclude_category_quantity_rules":"no","combine_variations":"no","jetpack_sharing_enabled":true,"jetpack_likes_enabled":true,"_links":{"self":[{"href":"https:\/\/watchdeluxe.it\/es\/wp-json\/wp\/v2\/product\/176462","targetHints":{"allow":["GET"]}}],"collection":[{"href":"https:\/\/watchdeluxe.it\/es\/wp-json\/wp\/v2\/product"}],"about":[{"href":"https:\/\/watchdeluxe.it\/es\/wp-json\/wp\/v2\/types\/product"}],"wp:featuredmedia":[{"embeddable":true,"href":"https:\/\/watchdeluxe.it\/es\/wp-json\/wp\/v2\/media\/176463"}],"wp:attachment":[{"href":"https:\/\/watchdeluxe.it\/es\/wp-json\/wp\/v2\/media?parent=176462"}],"wp:term":[{"taxonomy":"product_brand","embeddable":true,"href":"https:\/\/watchdeluxe.it\/es\/wp-json\/wp\/v2\/product_brand?post=176462"},{"taxonomy":"product_cat","embeddable":true,"href":"https:\/\/watchdeluxe.it\/es\/wp-json\/wp\/v2\/product_cat?post=176462"},{"taxonomy":"product_tag","embeddable":true,"href":"https:\/\/watchdeluxe.it\/es\/wp-json\/wp\/v2\/product_tag?post=176462"},{"taxonomy":"berocket_brand","embeddable":true,"href":"https:\/\/watchdeluxe.it\/es\/wp-json\/wp\/v2\/berocket_brand?post=176462"},{"taxonomy":"woo-feed-brand","embeddable":true,"href":"https:\/\/watchdeluxe.it\/es\/wp-json\/wp\/v2\/woo-feed-brand?post=176462"}],"curies":[{"name":"wp","href":"https:\/\/api.w.org\/{rel}","templated":true}]}}