{"id":176080,"date":"2026-04-15T11:27:47","date_gmt":"2026-04-15T09:27:47","guid":{"rendered":"https:\/\/watchdeluxe.it\/prodotto\/hublot-unico-king-gold-blue-44mm-ref-421-ox-5180-rx\/"},"modified":"2026-04-15T16:47:38","modified_gmt":"2026-04-15T14:47:38","slug":"hublot-unico-king-gold-blue-44mm-ref-421-ox-5180-rx","status":"publish","type":"product","link":"https:\/\/watchdeluxe.it\/es\/prodotto\/hublot-unico-king-gold-blue-44mm-ref-421-ox-5180-rx\/","title":{"rendered":"Hublot unico king gold blue 44mm ref. 421.OX.5180.RX"},"content":{"rendered":"<p>Hublot unico king gold blue 44mm ref. 421.OX.5180.RX<\/p>\n<ul>\n<li><strong>Referencia:<\/strong> 421.OX.5180.RX<\/li>\n<li><strong>Caja:<\/strong> Oro King Gold 18K satinado y pulido<\/li>\n<li><strong>Di\u00e1metro:<\/strong> 44 mm<\/li>\n<li><strong>Movimiento:<\/strong> HUB1280 UNICO de manufactura, cron\u00f3grafo flyback de carga autom\u00e1tica<\/li>\n<li><strong>Reserva de marcha:<\/strong> 72 horas<\/li>\n<li><strong>Esfera:<\/strong> Azul mate esqueletizada con rueda de columnas a la vista<\/li>\n<li><strong>Bisel:<\/strong> Oro King Gold de 18 K con 6 tornillos de titanio en forma de H<\/li>\n<li><strong>Correa:<\/strong> Caucho azul estructurado a rayas<\/li>\n<li><strong>Cierre:<\/strong> Hebilla desplegable en oro King Gold 18K y titanio chapado en negro<\/li>\n<li><strong>Impermeabilidad:<\/strong> 100 metros (10 ATM)<\/li>\n<\/ul>\n","protected":false},"excerpt":{"rendered":"<p>La encarnaci\u00f3n de la audacia Hublot: un cron\u00f3grafo flyback que fusiona el exclusivo oro King Gold 18K con un dise\u00f1o esqueletizado de azul magn\u00e9tico.<\/p>\n","protected":false},"featured_media":176044,"template":"","meta":{"_crdt_document":"","advanced_seo_description":"","jetpack_seo_html_title":"","jetpack_seo_noindex":false},"product_brand":[],"product_cat":[1917],"product_tag":[3722],"berocket_brand":[],"woo-feed-brand":[],"class_list":{"0":"post-176080","1":"product","2":"type-product","3":"status-publish","4":"has-post-thumbnail","6":"product_cat-hublot","7":"product_tag-big-bang-2","9":"first","10":"instock","11":"sale","12":"taxable","13":"shipping-taxable","14":"purchasable","15":"product-type-simple"},"bundled_by":[],"bundle_stock_status":"instock","bundle_stock_quantity":1,"bundle_virtual":false,"bundle_layout":"","bundle_add_to_cart_form_location":"","bundle_editable_in_cart":false,"bundle_sold_individually_context":"","bundle_item_grouping":"","bundle_min_size":"","bundle_max_size":"","bundle_price":[],"bundled_items":[],"bundle_sell_ids":[],"group_of_quantity":0,"min_quantity":0,"max_quantity":"","exclude_order_quantity_value_rules":"no","exclude_category_quantity_rules":"no","combine_variations":"no","jetpack_sharing_enabled":true,"jetpack_likes_enabled":true,"_links":{"self":[{"href":"https:\/\/watchdeluxe.it\/es\/wp-json\/wp\/v2\/product\/176080","targetHints":{"allow":["GET"]}}],"collection":[{"href":"https:\/\/watchdeluxe.it\/es\/wp-json\/wp\/v2\/product"}],"about":[{"href":"https:\/\/watchdeluxe.it\/es\/wp-json\/wp\/v2\/types\/product"}],"wp:featuredmedia":[{"embeddable":true,"href":"https:\/\/watchdeluxe.it\/es\/wp-json\/wp\/v2\/media\/176044"}],"wp:attachment":[{"href":"https:\/\/watchdeluxe.it\/es\/wp-json\/wp\/v2\/media?parent=176080"}],"wp:term":[{"taxonomy":"product_brand","embeddable":true,"href":"https:\/\/watchdeluxe.it\/es\/wp-json\/wp\/v2\/product_brand?post=176080"},{"taxonomy":"product_cat","embeddable":true,"href":"https:\/\/watchdeluxe.it\/es\/wp-json\/wp\/v2\/product_cat?post=176080"},{"taxonomy":"product_tag","embeddable":true,"href":"https:\/\/watchdeluxe.it\/es\/wp-json\/wp\/v2\/product_tag?post=176080"},{"taxonomy":"berocket_brand","embeddable":true,"href":"https:\/\/watchdeluxe.it\/es\/wp-json\/wp\/v2\/berocket_brand?post=176080"},{"taxonomy":"woo-feed-brand","embeddable":true,"href":"https:\/\/watchdeluxe.it\/es\/wp-json\/wp\/v2\/woo-feed-brand?post=176080"}],"curies":[{"name":"wp","href":"https:\/\/api.w.org\/{rel}","templated":true}]}}