{"id":175968,"date":"2026-04-15T11:00:59","date_gmt":"2026-04-15T09:00:59","guid":{"rendered":"https:\/\/watchdeluxe.it\/prodotto\/hublot-big-bang-diamantes-ref-485-se-2210-rw-1204\/"},"modified":"2026-04-15T11:00:59","modified_gmt":"2026-04-15T09:00:59","slug":"hublot-big-bang-diamantes-ref-485-se-2210-rw-1204","status":"publish","type":"product","link":"https:\/\/watchdeluxe.it\/es\/prodotto\/hublot-big-bang-diamantes-ref-485-se-2210-rw-1204\/","title":{"rendered":"Hublot Big Bang diamantes ref. 485.SE.2210.RW.1204"},"content":{"rendered":"<p>Hublot Big Bang diamantes ref. 485.SE.2210.RW.1204<\/p>\n<ul>\n<li><strong>Referencia:<\/strong> 485.SE.2210.RW.1204<\/li>\n<li><strong>Caja:<\/strong> Acero inoxidable pulido y satinado de 33 mm<\/li>\n<li><strong>Bisel:<\/strong> Acero pulido engastado con 36 diamantes (aprox. 0,76 ct)<\/li>\n<li><strong>Esfera:<\/strong> Blanco mate con 11 \u00edndices de diamantes engastados<\/li>\n<li><strong>Movimiento:<\/strong> Calibre HUB1120 de carga autom\u00e1tica<\/li>\n<li><strong>Reserva de marcha:<\/strong> 40 horas<\/li>\n<li><strong>Cristal:<\/strong> Zafiro con tratamiento antirreflejos multicapa<\/li>\n<li><strong>Correa:<\/strong> Caucho blanco estructurado con rayas<\/li>\n<li><strong>Sistema de cierre:<\/strong> Hebilla desplegable de acero inoxidable<\/li>\n<li><strong>Impermeabilidad:<\/strong> 100 metros (10 ATM)<\/li>\n<li><strong>Funciones especiales:<\/strong> Sistema One Click para el intercambio inmediato de la correa<\/li>\n<\/ul>\n","protected":false},"excerpt":{"rendered":"<p>La esencia del lujo contempor\u00e1neo en un dise\u00f1o ic\u00f3nico realzado por diamantes pur\u00edsimos. Una obra maestra de la micromec\u00e1nica que fusiona acero y luz, perfecta para la mujer que no acepta compromisos entre estilo y precisi\u00f3n. <\/p>\n","protected":false},"featured_media":175962,"template":"","meta":{"_crdt_document":"","advanced_seo_description":"","jetpack_seo_html_title":"","jetpack_seo_noindex":false},"product_brand":[],"product_cat":[1917],"product_tag":[3889],"berocket_brand":[],"woo-feed-brand":[],"class_list":{"0":"post-175968","1":"product","2":"type-product","3":"status-publish","4":"has-post-thumbnail","6":"product_cat-hublot","7":"product_tag-classic-fusion-2","9":"first","10":"instock","11":"sale","12":"taxable","13":"shipping-taxable","14":"purchasable","15":"product-type-simple"},"bundled_by":[],"bundle_stock_status":"instock","bundle_stock_quantity":1,"bundle_virtual":false,"bundle_layout":"","bundle_add_to_cart_form_location":"","bundle_editable_in_cart":false,"bundle_sold_individually_context":"","bundle_item_grouping":"","bundle_min_size":"","bundle_max_size":"","bundle_price":[],"bundled_items":[],"bundle_sell_ids":[],"group_of_quantity":0,"min_quantity":0,"max_quantity":"","exclude_order_quantity_value_rules":"no","exclude_category_quantity_rules":"no","combine_variations":"no","exclude_global_add_ons":[],"addons":[],"jetpack_sharing_enabled":true,"jetpack_likes_enabled":true,"_links":{"self":[{"href":"https:\/\/watchdeluxe.it\/es\/wp-json\/wp\/v2\/product\/175968","targetHints":{"allow":["GET"]}}],"collection":[{"href":"https:\/\/watchdeluxe.it\/es\/wp-json\/wp\/v2\/product"}],"about":[{"href":"https:\/\/watchdeluxe.it\/es\/wp-json\/wp\/v2\/types\/product"}],"wp:featuredmedia":[{"embeddable":true,"href":"https:\/\/watchdeluxe.it\/es\/wp-json\/wp\/v2\/media\/175962"}],"wp:attachment":[{"href":"https:\/\/watchdeluxe.it\/es\/wp-json\/wp\/v2\/media?parent=175968"}],"wp:term":[{"taxonomy":"product_brand","embeddable":true,"href":"https:\/\/watchdeluxe.it\/es\/wp-json\/wp\/v2\/product_brand?post=175968"},{"taxonomy":"product_cat","embeddable":true,"href":"https:\/\/watchdeluxe.it\/es\/wp-json\/wp\/v2\/product_cat?post=175968"},{"taxonomy":"product_tag","embeddable":true,"href":"https:\/\/watchdeluxe.it\/es\/wp-json\/wp\/v2\/product_tag?post=175968"},{"taxonomy":"berocket_brand","embeddable":true,"href":"https:\/\/watchdeluxe.it\/es\/wp-json\/wp\/v2\/berocket_brand?post=175968"},{"taxonomy":"woo-feed-brand","embeddable":true,"href":"https:\/\/watchdeluxe.it\/es\/wp-json\/wp\/v2\/woo-feed-brand?post=175968"}],"curies":[{"name":"wp","href":"https:\/\/api.w.org\/{rel}","templated":true}]}}