{"id":175902,"date":"2026-04-15T10:27:44","date_gmt":"2026-04-15T08:27:44","guid":{"rendered":"https:\/\/watchdeluxe.it\/prodotto\/hublot-classic-fusion-chronograph-titanium-king-gold-45mm-ref-521-no-1181-rx\/"},"modified":"2026-04-15T10:27:44","modified_gmt":"2026-04-15T08:27:44","slug":"hublot-classic-fusion-chronograph-titanium-king-gold-45mm-ref-521-no-1181-rx","status":"publish","type":"product","link":"https:\/\/watchdeluxe.it\/es\/prodotto\/hublot-classic-fusion-chronograph-titanium-king-gold-45mm-ref-521-no-1181-rx\/","title":{"rendered":"Hublot Classic Fusion Chronograph Titanium King Gold 45mm ref. 521.NO.1181.RX"},"content":{"rendered":"<p>Hublot Classic Fusion Chronograph Titanium King Gold 45mm ref. 521.NO.1181.RX<\/p>\n<ul>\n<li><strong>Referencia:<\/strong> 521.NO.1181.RX<\/li>\n<li><strong>Di\u00e1metro:<\/strong> 45 mm<\/li>\n<li><strong>Caja:<\/strong> Titanio con acabados satinados y pulidos<\/li>\n<li><strong>Bisel:<\/strong> Oro King Gold de 18 K con 6 tornillos de titanio en forma de H<\/li>\n<li><strong>Movimiento:<\/strong> Calibre HUB1143 cron\u00f3grafo de carga autom\u00e1tica<\/li>\n<li><strong>Funciones:<\/strong> Cron\u00f3grafo y fecha a las 6 horas<\/li>\n<li><strong>Reserva de marcha:<\/strong> Aproximadamente 42 horas<\/li>\n<li><strong>Esfera:<\/strong> Negro mate con \u00edndices y agujas en tono dorado<\/li>\n<li><strong>Correa:<\/strong> Goma negra estructurada con hebilla desplegable<\/li>\n<li><strong>Estanqueidad:<\/strong> 50 metros (5 ATM)<\/li>\n<\/ul>\n","protected":false},"excerpt":{"rendered":"<p>La uni\u00f3n sublime entre la innovaci\u00f3n del titanio y la majestuosidad del oro King Gold de 18 qt en un cron\u00f3grafo de pura excelencia. El Art of Fusion de Hublot se expresa en cada detalle de este guardatiempos ic\u00f3nico y atemporal. <\/p>\n","protected":false},"featured_media":175900,"template":"","meta":{"_crdt_document":"","advanced_seo_description":"","jetpack_seo_html_title":"","jetpack_seo_noindex":false},"product_brand":[],"product_cat":[1917],"product_tag":[3889],"berocket_brand":[],"woo-feed-brand":[],"class_list":{"0":"post-175902","1":"product","2":"type-product","3":"status-publish","4":"has-post-thumbnail","6":"product_cat-hublot","7":"product_tag-classic-fusion-2","9":"first","10":"instock","11":"sale","12":"taxable","13":"shipping-taxable","14":"purchasable","15":"product-type-simple"},"bundled_by":[],"bundle_stock_status":"instock","bundle_stock_quantity":1,"bundle_virtual":false,"bundle_layout":"","bundle_add_to_cart_form_location":"","bundle_editable_in_cart":false,"bundle_sold_individually_context":"","bundle_item_grouping":"","bundle_min_size":"","bundle_max_size":"","bundle_price":[],"bundled_items":[],"bundle_sell_ids":[],"group_of_quantity":0,"min_quantity":0,"max_quantity":"","exclude_order_quantity_value_rules":"no","exclude_category_quantity_rules":"no","combine_variations":"no","exclude_global_add_ons":[],"addons":[],"jetpack_sharing_enabled":true,"jetpack_likes_enabled":true,"_links":{"self":[{"href":"https:\/\/watchdeluxe.it\/es\/wp-json\/wp\/v2\/product\/175902","targetHints":{"allow":["GET"]}}],"collection":[{"href":"https:\/\/watchdeluxe.it\/es\/wp-json\/wp\/v2\/product"}],"about":[{"href":"https:\/\/watchdeluxe.it\/es\/wp-json\/wp\/v2\/types\/product"}],"wp:featuredmedia":[{"embeddable":true,"href":"https:\/\/watchdeluxe.it\/es\/wp-json\/wp\/v2\/media\/175900"}],"wp:attachment":[{"href":"https:\/\/watchdeluxe.it\/es\/wp-json\/wp\/v2\/media?parent=175902"}],"wp:term":[{"taxonomy":"product_brand","embeddable":true,"href":"https:\/\/watchdeluxe.it\/es\/wp-json\/wp\/v2\/product_brand?post=175902"},{"taxonomy":"product_cat","embeddable":true,"href":"https:\/\/watchdeluxe.it\/es\/wp-json\/wp\/v2\/product_cat?post=175902"},{"taxonomy":"product_tag","embeddable":true,"href":"https:\/\/watchdeluxe.it\/es\/wp-json\/wp\/v2\/product_tag?post=175902"},{"taxonomy":"berocket_brand","embeddable":true,"href":"https:\/\/watchdeluxe.it\/es\/wp-json\/wp\/v2\/berocket_brand?post=175902"},{"taxonomy":"woo-feed-brand","embeddable":true,"href":"https:\/\/watchdeluxe.it\/es\/wp-json\/wp\/v2\/woo-feed-brand?post=175902"}],"curies":[{"name":"wp","href":"https:\/\/api.w.org\/{rel}","templated":true}]}}