{"id":175610,"date":"2026-04-14T17:07:09","date_gmt":"2026-04-14T15:07:09","guid":{"rendered":"https:\/\/watchdeluxe.it\/prodotto\/hamilton-khaki-aviation-pilot-day-date-ref-h64635140\/"},"modified":"2026-04-14T17:07:09","modified_gmt":"2026-04-14T15:07:09","slug":"hamilton-khaki-aviation-pilot-day-date-ref-h64635140","status":"publish","type":"product","link":"https:\/\/watchdeluxe.it\/es\/prodotto\/hamilton-khaki-aviation-pilot-day-date-ref-h64635140\/","title":{"rendered":"Hamilton Khaki Aviation Pilot Day Date ref. H64635140"},"content":{"rendered":"<p>Hamilton Khaki Aviation Pilot Day Date ref. H64635140<\/p>\n<ul>\n<li><strong>Referencia:<\/strong> H64635140<\/li>\n<li><strong>Movimiento:<\/strong> Autom\u00e1tico Calibre H-30<\/li>\n<li><strong>Reserva de marcha:<\/strong> 80 horas<\/li>\n<li><strong>Caja:<\/strong> Acero inoxidable de 42 mm<\/li>\n<li><strong>Esfera:<\/strong> Azul satinado con \u00edndices de Super-LumiNova\u00ae<\/li>\n<li><strong>Cristal:<\/strong> Zafiro con tratamiento antirreflejos<\/li>\n<li><strong>Resistencia al agua:<\/strong> 10 bar (100 m)<\/li>\n<li><strong>Espiral:<\/strong> De Nivachron\u2122 antimagn\u00e9tica<\/li>\n<li><strong>Funciones:<\/strong> D\u00eda y fecha a las 3<\/li>\n<li><strong>Brazalete:<\/strong> Acero inoxidable con cierre desplegable<\/li>\n<\/ul>\n","protected":false},"excerpt":{"rendered":"<p>Un icono de la aviaci\u00f3n moderna que fusiona la precisi\u00f3n suiza y el esp\u00edritu de aventura, caracterizado por una esfera azul profundo y el legendario movimiento autom\u00e1tico H-30.<\/p>\n","protected":false},"featured_media":175159,"template":"","meta":{"_crdt_document":"","advanced_seo_description":"","jetpack_seo_html_title":"","jetpack_seo_noindex":false},"product_brand":[],"product_cat":[1915],"product_tag":[1387],"berocket_brand":[],"woo-feed-brand":[],"class_list":{"0":"post-175610","1":"product","2":"type-product","3":"status-publish","4":"has-post-thumbnail","6":"product_cat-hamilton","7":"product_tag-khaki","9":"first","10":"instock","11":"sale","12":"taxable","13":"shipping-taxable","14":"purchasable","15":"product-type-simple"},"bundled_by":[],"bundle_stock_status":"instock","bundle_stock_quantity":1,"bundle_virtual":false,"bundle_layout":"","bundle_add_to_cart_form_location":"","bundle_editable_in_cart":false,"bundle_sold_individually_context":"","bundle_item_grouping":"","bundle_min_size":"","bundle_max_size":"","bundle_price":[],"bundled_items":[],"bundle_sell_ids":[],"group_of_quantity":0,"min_quantity":0,"max_quantity":"","exclude_order_quantity_value_rules":"no","exclude_category_quantity_rules":"no","combine_variations":"no","jetpack_sharing_enabled":true,"jetpack_likes_enabled":true,"_links":{"self":[{"href":"https:\/\/watchdeluxe.it\/es\/wp-json\/wp\/v2\/product\/175610","targetHints":{"allow":["GET"]}}],"collection":[{"href":"https:\/\/watchdeluxe.it\/es\/wp-json\/wp\/v2\/product"}],"about":[{"href":"https:\/\/watchdeluxe.it\/es\/wp-json\/wp\/v2\/types\/product"}],"wp:featuredmedia":[{"embeddable":true,"href":"https:\/\/watchdeluxe.it\/es\/wp-json\/wp\/v2\/media\/175159"}],"wp:attachment":[{"href":"https:\/\/watchdeluxe.it\/es\/wp-json\/wp\/v2\/media?parent=175610"}],"wp:term":[{"taxonomy":"product_brand","embeddable":true,"href":"https:\/\/watchdeluxe.it\/es\/wp-json\/wp\/v2\/product_brand?post=175610"},{"taxonomy":"product_cat","embeddable":true,"href":"https:\/\/watchdeluxe.it\/es\/wp-json\/wp\/v2\/product_cat?post=175610"},{"taxonomy":"product_tag","embeddable":true,"href":"https:\/\/watchdeluxe.it\/es\/wp-json\/wp\/v2\/product_tag?post=175610"},{"taxonomy":"berocket_brand","embeddable":true,"href":"https:\/\/watchdeluxe.it\/es\/wp-json\/wp\/v2\/berocket_brand?post=175610"},{"taxonomy":"woo-feed-brand","embeddable":true,"href":"https:\/\/watchdeluxe.it\/es\/wp-json\/wp\/v2\/woo-feed-brand?post=175610"}],"curies":[{"name":"wp","href":"https:\/\/api.w.org\/{rel}","templated":true}]}}