{"id":175465,"date":"2026-04-14T17:57:54","date_gmt":"2026-04-14T15:57:54","guid":{"rendered":"https:\/\/watchdeluxe.it\/prodotto\/hamilton-jazzmaster-open-heart-auto-36-mm-ref-h32215142\/"},"modified":"2026-04-14T17:57:54","modified_gmt":"2026-04-14T15:57:54","slug":"hamilton-jazzmaster-open-heart-auto-36-mm-ref-h32215142","status":"publish","type":"product","link":"https:\/\/watchdeluxe.it\/es\/prodotto\/hamilton-jazzmaster-open-heart-auto-36-mm-ref-h32215142\/","title":{"rendered":"Hamilton Jazzmaster Open Heart Auto 36 mm ref. H32215142"},"content":{"rendered":"<p>Hamilton Jazzmaster Open Heart Auto 36 mm ref. H32215142<\/p>\n<ul>\n<li><strong>Referencia:<\/strong> H32215142<\/li>\n<li><strong>Colecci\u00f3n:<\/strong> Jazzmaster<\/li>\n<li><strong>Movimiento:<\/strong> Autom\u00e1tico calibre H-10<\/li>\n<li><strong>Reserva de marcha:<\/strong> 80 horas<\/li>\n<li><strong>Material de la caja:<\/strong> Acero inoxidable<\/li>\n<li><strong>Di\u00e1metro:<\/strong> 36 mm<\/li>\n<li><strong>Esfera:<\/strong> Azul noche con dise\u00f1o Open Heart<\/li>\n<li><strong>Cristal:<\/strong> Zafiro con tratamiento antirreflejos<\/li>\n<li><strong>Resistencia al agua:<\/strong> 5 bar (50 m)<\/li>\n<li><strong>Caracter\u00edstica especial:<\/strong> Espiral de Nivachron\u2122 contra los campos magn\u00e9ticos<\/li>\n<\/ul>\n","protected":false},"excerpt":{"rendered":"<p>Un reloj de refinada elegancia que celebra el arte de la relojer\u00eda suiza, revelando el latido de su coraz\u00f3n mec\u00e1nico a trav\u00e9s de un dise\u00f1o Open Heart sofisticado y contempor\u00e1neo.<\/p>\n","protected":false},"featured_media":175221,"template":"","meta":{"_crdt_document":"","advanced_seo_description":"","jetpack_seo_html_title":"","jetpack_seo_noindex":false},"product_brand":[],"product_cat":[1915],"product_tag":[1394],"berocket_brand":[],"woo-feed-brand":[],"class_list":{"0":"post-175465","1":"product","2":"type-product","3":"status-publish","4":"has-post-thumbnail","6":"product_cat-hamilton","7":"product_tag-jazzmaster","9":"first","10":"instock","11":"sale","12":"taxable","13":"shipping-taxable","14":"purchasable","15":"product-type-simple"},"bundled_by":[],"bundle_stock_status":"instock","bundle_stock_quantity":1,"bundle_virtual":false,"bundle_layout":"","bundle_add_to_cart_form_location":"","bundle_editable_in_cart":false,"bundle_sold_individually_context":"","bundle_item_grouping":"","bundle_min_size":"","bundle_max_size":"","bundle_price":[],"bundled_items":[],"bundle_sell_ids":[],"group_of_quantity":0,"min_quantity":0,"max_quantity":"","exclude_order_quantity_value_rules":"no","exclude_category_quantity_rules":"no","combine_variations":"no","jetpack_sharing_enabled":true,"jetpack_likes_enabled":true,"_links":{"self":[{"href":"https:\/\/watchdeluxe.it\/es\/wp-json\/wp\/v2\/product\/175465","targetHints":{"allow":["GET"]}}],"collection":[{"href":"https:\/\/watchdeluxe.it\/es\/wp-json\/wp\/v2\/product"}],"about":[{"href":"https:\/\/watchdeluxe.it\/es\/wp-json\/wp\/v2\/types\/product"}],"wp:featuredmedia":[{"embeddable":true,"href":"https:\/\/watchdeluxe.it\/es\/wp-json\/wp\/v2\/media\/175221"}],"wp:attachment":[{"href":"https:\/\/watchdeluxe.it\/es\/wp-json\/wp\/v2\/media?parent=175465"}],"wp:term":[{"taxonomy":"product_brand","embeddable":true,"href":"https:\/\/watchdeluxe.it\/es\/wp-json\/wp\/v2\/product_brand?post=175465"},{"taxonomy":"product_cat","embeddable":true,"href":"https:\/\/watchdeluxe.it\/es\/wp-json\/wp\/v2\/product_cat?post=175465"},{"taxonomy":"product_tag","embeddable":true,"href":"https:\/\/watchdeluxe.it\/es\/wp-json\/wp\/v2\/product_tag?post=175465"},{"taxonomy":"berocket_brand","embeddable":true,"href":"https:\/\/watchdeluxe.it\/es\/wp-json\/wp\/v2\/berocket_brand?post=175465"},{"taxonomy":"woo-feed-brand","embeddable":true,"href":"https:\/\/watchdeluxe.it\/es\/wp-json\/wp\/v2\/woo-feed-brand?post=175465"}],"curies":[{"name":"wp","href":"https:\/\/api.w.org\/{rel}","templated":true}]}}