{"id":175446,"date":"2026-04-14T17:59:17","date_gmt":"2026-04-14T15:59:17","guid":{"rendered":"https:\/\/watchdeluxe.it\/prodotto\/hamilton-jazzmaster-lady-quartz-ref-h32111190\/"},"modified":"2026-04-14T17:59:17","modified_gmt":"2026-04-14T15:59:17","slug":"hamilton-jazzmaster-lady-quartz-ref-h32111190","status":"publish","type":"product","link":"https:\/\/watchdeluxe.it\/es\/prodotto\/hamilton-jazzmaster-lady-quartz-ref-h32111190\/","title":{"rendered":"Hamilton jazzmaster lady quartz ref. H32111190"},"content":{"rendered":"<p>Hamilton jazzmaster lady quartz ref. H32111190<\/p>\n<ul>\n<li><strong>Referencia:<\/strong> H32111190<\/li>\n<li><strong>Colecci\u00f3n:<\/strong> Jazzmaster<\/li>\n<li><strong>Movimiento:<\/strong> Cuarzo (Calibre F03.105)<\/li>\n<li><strong>Material de la caja:<\/strong> Acero inoxidable<\/li>\n<li><strong>Di\u00e1metro de caja:<\/strong> 26 mm<\/li>\n<li><strong>Esfera:<\/strong> N\u00e1car con 5 diamantes engastados<\/li>\n<li><strong>Cristal:<\/strong> Zafiro antiara\u00f1azos con tratamiento antirreflejos<\/li>\n<li><strong>Resistencia al agua:<\/strong> 5 bar (50 m)<\/li>\n<li><strong>Correa:<\/strong> Acero inoxidable con sistema Easy Click<\/li>\n<li><strong>Grosor:<\/strong> 7,85 mm<\/li>\n<\/ul>\n","protected":false},"excerpt":{"rendered":"<p>Una joya de precisi\u00f3n suiza que fusiona el brillo et\u00e9reo del n\u00e1car con la brillantez de diamantes seleccionados, para una elegancia atemporal en la mu\u00f1eca femenina.<\/p>\n","protected":false},"featured_media":175223,"template":"","meta":{"_crdt_document":"","advanced_seo_description":"","jetpack_seo_html_title":"","jetpack_seo_noindex":false},"product_brand":[],"product_cat":[1915],"product_tag":[],"berocket_brand":[],"woo-feed-brand":[],"class_list":{"0":"post-175446","1":"product","2":"type-product","3":"status-publish","4":"has-post-thumbnail","6":"product_cat-hamilton","8":"first","9":"instock","10":"sale","11":"taxable","12":"shipping-taxable","13":"purchasable","14":"product-type-simple"},"bundled_by":[],"bundle_stock_status":"instock","bundle_stock_quantity":1,"bundle_virtual":false,"bundle_layout":"","bundle_add_to_cart_form_location":"","bundle_editable_in_cart":false,"bundle_sold_individually_context":"","bundle_item_grouping":"","bundle_min_size":"","bundle_max_size":"","bundle_price":[],"bundled_items":[],"bundle_sell_ids":[],"group_of_quantity":0,"min_quantity":0,"max_quantity":"","exclude_order_quantity_value_rules":"no","exclude_category_quantity_rules":"no","combine_variations":"no","jetpack_sharing_enabled":true,"jetpack_likes_enabled":true,"_links":{"self":[{"href":"https:\/\/watchdeluxe.it\/es\/wp-json\/wp\/v2\/product\/175446","targetHints":{"allow":["GET"]}}],"collection":[{"href":"https:\/\/watchdeluxe.it\/es\/wp-json\/wp\/v2\/product"}],"about":[{"href":"https:\/\/watchdeluxe.it\/es\/wp-json\/wp\/v2\/types\/product"}],"wp:featuredmedia":[{"embeddable":true,"href":"https:\/\/watchdeluxe.it\/es\/wp-json\/wp\/v2\/media\/175223"}],"wp:attachment":[{"href":"https:\/\/watchdeluxe.it\/es\/wp-json\/wp\/v2\/media?parent=175446"}],"wp:term":[{"taxonomy":"product_brand","embeddable":true,"href":"https:\/\/watchdeluxe.it\/es\/wp-json\/wp\/v2\/product_brand?post=175446"},{"taxonomy":"product_cat","embeddable":true,"href":"https:\/\/watchdeluxe.it\/es\/wp-json\/wp\/v2\/product_cat?post=175446"},{"taxonomy":"product_tag","embeddable":true,"href":"https:\/\/watchdeluxe.it\/es\/wp-json\/wp\/v2\/product_tag?post=175446"},{"taxonomy":"berocket_brand","embeddable":true,"href":"https:\/\/watchdeluxe.it\/es\/wp-json\/wp\/v2\/berocket_brand?post=175446"},{"taxonomy":"woo-feed-brand","embeddable":true,"href":"https:\/\/watchdeluxe.it\/es\/wp-json\/wp\/v2\/woo-feed-brand?post=175446"}],"curies":[{"name":"wp","href":"https:\/\/api.w.org\/{rel}","templated":true}]}}