{"id":175445,"date":"2026-04-14T18:01:10","date_gmt":"2026-04-14T16:01:10","guid":{"rendered":"https:\/\/watchdeluxe.it\/prodotto\/hamilton-jazzmaster-lady-quartz-ref-h32111140\/"},"modified":"2026-04-14T18:01:10","modified_gmt":"2026-04-14T16:01:10","slug":"hamilton-jazzmaster-lady-quartz-ref-h32111140","status":"publish","type":"product","link":"https:\/\/watchdeluxe.it\/es\/prodotto\/hamilton-jazzmaster-lady-quartz-ref-h32111140\/","title":{"rendered":"Hamilton jazzmaster lady quartz ref. H32111140"},"content":{"rendered":"<p>Hamilton jazzmaster lady quartz ref. H32111140<\/p>\n<ul>\n<li><strong>Referencia:<\/strong> H32111140<\/li>\n<li><strong>Colecci\u00f3n:<\/strong> Jazzmaster<\/li>\n<li><strong>Movimiento:<\/strong> Cuarzo (Swiss Made)<\/li>\n<li><strong>Calibre:<\/strong> F03.105<\/li>\n<li><strong>Tama\u00f1o de la caja:<\/strong> 26 mm<\/li>\n<li><strong>Material de la caja:<\/strong> Acero inoxidable<\/li>\n<li><strong>Cristal:<\/strong> Zafiro antiara\u00f1azos<\/li>\n<li><strong>Resistencia al agua:<\/strong> 5 bar (50 m)<\/li>\n<li><strong>Detalles de la esfera:<\/strong> Azul con 5 diamantes engastados<\/li>\n<li><strong>Brazalete:<\/strong> Acero inoxidable de cinco eslabones<\/li>\n<\/ul>\n","protected":false},"excerpt":{"rendered":"<p>Sinfon\u00eda de elegancia y precisi\u00f3n, el Hamilton Jazzmaster Lady Quartz cautiva con su esfera azul noche adornada con diamantes y un dise\u00f1o suizo atemporal.<\/p>\n","protected":false},"featured_media":175225,"template":"","meta":{"_crdt_document":"","advanced_seo_description":"","jetpack_seo_html_title":"","jetpack_seo_noindex":false},"product_brand":[],"product_cat":[1915],"product_tag":[1394],"berocket_brand":[],"woo-feed-brand":[],"class_list":{"0":"post-175445","1":"product","2":"type-product","3":"status-publish","4":"has-post-thumbnail","6":"product_cat-hamilton","7":"product_tag-jazzmaster","9":"first","10":"instock","11":"taxable","12":"shipping-taxable","13":"purchasable","14":"product-type-simple"},"bundled_by":[],"bundle_stock_status":"instock","bundle_stock_quantity":1,"bundle_virtual":false,"bundle_layout":"","bundle_add_to_cart_form_location":"","bundle_editable_in_cart":false,"bundle_sold_individually_context":"","bundle_item_grouping":"","bundle_min_size":"","bundle_max_size":"","bundle_price":[],"bundled_items":[],"bundle_sell_ids":[],"group_of_quantity":0,"min_quantity":0,"max_quantity":"","exclude_order_quantity_value_rules":"no","exclude_category_quantity_rules":"no","combine_variations":"no","jetpack_sharing_enabled":true,"jetpack_likes_enabled":true,"_links":{"self":[{"href":"https:\/\/watchdeluxe.it\/es\/wp-json\/wp\/v2\/product\/175445","targetHints":{"allow":["GET"]}}],"collection":[{"href":"https:\/\/watchdeluxe.it\/es\/wp-json\/wp\/v2\/product"}],"about":[{"href":"https:\/\/watchdeluxe.it\/es\/wp-json\/wp\/v2\/types\/product"}],"wp:featuredmedia":[{"embeddable":true,"href":"https:\/\/watchdeluxe.it\/es\/wp-json\/wp\/v2\/media\/175225"}],"wp:attachment":[{"href":"https:\/\/watchdeluxe.it\/es\/wp-json\/wp\/v2\/media?parent=175445"}],"wp:term":[{"taxonomy":"product_brand","embeddable":true,"href":"https:\/\/watchdeluxe.it\/es\/wp-json\/wp\/v2\/product_brand?post=175445"},{"taxonomy":"product_cat","embeddable":true,"href":"https:\/\/watchdeluxe.it\/es\/wp-json\/wp\/v2\/product_cat?post=175445"},{"taxonomy":"product_tag","embeddable":true,"href":"https:\/\/watchdeluxe.it\/es\/wp-json\/wp\/v2\/product_tag?post=175445"},{"taxonomy":"berocket_brand","embeddable":true,"href":"https:\/\/watchdeluxe.it\/es\/wp-json\/wp\/v2\/berocket_brand?post=175445"},{"taxonomy":"woo-feed-brand","embeddable":true,"href":"https:\/\/watchdeluxe.it\/es\/wp-json\/wp\/v2\/woo-feed-brand?post=175445"}],"curies":[{"name":"wp","href":"https:\/\/api.w.org\/{rel}","templated":true}]}}