{"id":175331,"date":"2026-04-14T16:08:48","date_gmt":"2026-04-14T14:08:48","guid":{"rendered":"https:\/\/watchdeluxe.it\/prodotto\/hamilton-khaki-aviation-pilot-pioneer-mechanical-chrono-ref-h76409530\/"},"modified":"2026-04-14T16:08:48","modified_gmt":"2026-04-14T14:08:48","slug":"hamilton-khaki-aviation-pilot-pioneer-mechanical-chrono-ref-h76409530","status":"publish","type":"product","link":"https:\/\/watchdeluxe.it\/es\/prodotto\/hamilton-khaki-aviation-pilot-pioneer-mechanical-chrono-ref-h76409530\/","title":{"rendered":"Hamilton Khaki Aviation Pilot Pioneer Mechanical Chrono ref. H76409530"},"content":{"rendered":"<p>Hamilton Khaki Aviation Pilot Pioneer Mechanical Chrono ref. H76409530<\/p>\n<ul>\n<li><strong>Movimiento:<\/strong> Mec\u00e1nico de cuerda manual calibre H-50<\/li>\n<li><strong>Reserva de marcha:<\/strong> 80 horas de autonom\u00eda<\/li>\n<li><strong>Material de la caja:<\/strong> Acero inoxidable<\/li>\n<li><strong>Dimensiones de la caja:<\/strong> 36 mm x 33 mm<\/li>\n<li><strong>Cristal:<\/strong> Mineral box-shaped con tratamiento antirreflejos<\/li>\n<li><strong>Esfera:<\/strong> Negra con textura granulada de inspiraci\u00f3n vintage<\/li>\n<li><strong>Correa:<\/strong> Piel de becerro marr\u00f3n con hebilla de pasador<\/li>\n<li><strong>Estanqueidad:<\/strong> 10 bar (100 m \/ 145 psi)<\/li>\n<li><strong>Anchura de asas:<\/strong> 18 mm<\/li>\n<li><strong>Caracter\u00edsticas:<\/strong> Reinterpretaci\u00f3n fiel del modelo militar RAF de 1973<\/li>\n<\/ul>\n","protected":false},"excerpt":{"rendered":"<p>Un aut\u00e9ntico tributo a la historia de la aviaci\u00f3n militar brit\u00e1nica, que combina el esp\u00edritu vintage de los a\u00f1os 70 con un calibre mec\u00e1nico moderno de reserva de marcha excepcional.<\/p>\n","protected":false},"featured_media":175135,"template":"","meta":{"_crdt_document":"","advanced_seo_description":"","jetpack_seo_html_title":"","jetpack_seo_noindex":false},"product_brand":[],"product_cat":[1915],"product_tag":[1387],"berocket_brand":[],"woo-feed-brand":[],"class_list":{"0":"post-175331","1":"product","2":"type-product","3":"status-publish","4":"has-post-thumbnail","6":"product_cat-hamilton","7":"product_tag-khaki","9":"first","10":"instock","11":"sale","12":"taxable","13":"shipping-taxable","14":"purchasable","15":"product-type-simple"},"bundled_by":[],"bundle_stock_status":"instock","bundle_stock_quantity":1,"bundle_virtual":false,"bundle_layout":"","bundle_add_to_cart_form_location":"","bundle_editable_in_cart":false,"bundle_sold_individually_context":"","bundle_item_grouping":"","bundle_min_size":"","bundle_max_size":"","bundle_price":[],"bundled_items":[],"bundle_sell_ids":[],"group_of_quantity":0,"min_quantity":0,"max_quantity":"","exclude_order_quantity_value_rules":"no","exclude_category_quantity_rules":"no","combine_variations":"no","jetpack_sharing_enabled":true,"jetpack_likes_enabled":true,"_links":{"self":[{"href":"https:\/\/watchdeluxe.it\/es\/wp-json\/wp\/v2\/product\/175331","targetHints":{"allow":["GET"]}}],"collection":[{"href":"https:\/\/watchdeluxe.it\/es\/wp-json\/wp\/v2\/product"}],"about":[{"href":"https:\/\/watchdeluxe.it\/es\/wp-json\/wp\/v2\/types\/product"}],"wp:featuredmedia":[{"embeddable":true,"href":"https:\/\/watchdeluxe.it\/es\/wp-json\/wp\/v2\/media\/175135"}],"wp:attachment":[{"href":"https:\/\/watchdeluxe.it\/es\/wp-json\/wp\/v2\/media?parent=175331"}],"wp:term":[{"taxonomy":"product_brand","embeddable":true,"href":"https:\/\/watchdeluxe.it\/es\/wp-json\/wp\/v2\/product_brand?post=175331"},{"taxonomy":"product_cat","embeddable":true,"href":"https:\/\/watchdeluxe.it\/es\/wp-json\/wp\/v2\/product_cat?post=175331"},{"taxonomy":"product_tag","embeddable":true,"href":"https:\/\/watchdeluxe.it\/es\/wp-json\/wp\/v2\/product_tag?post=175331"},{"taxonomy":"berocket_brand","embeddable":true,"href":"https:\/\/watchdeluxe.it\/es\/wp-json\/wp\/v2\/berocket_brand?post=175331"},{"taxonomy":"woo-feed-brand","embeddable":true,"href":"https:\/\/watchdeluxe.it\/es\/wp-json\/wp\/v2\/woo-feed-brand?post=175331"}],"curies":[{"name":"wp","href":"https:\/\/api.w.org\/{rel}","templated":true}]}}