{"id":175270,"date":"2026-04-14T15:51:05","date_gmt":"2026-04-14T13:51:05","guid":{"rendered":"https:\/\/watchdeluxe.it\/prodotto\/hamilton-khaki-navy-frogman-ref-h77815130\/"},"modified":"2026-04-14T15:51:05","modified_gmt":"2026-04-14T13:51:05","slug":"hamilton-khaki-navy-frogman-ref-h77815130","status":"publish","type":"product","link":"https:\/\/watchdeluxe.it\/es\/prodotto\/hamilton-khaki-navy-frogman-ref-h77815130\/","title":{"rendered":"Hamilton khaki navy frogman ref. H77815130"},"content":{"rendered":"<p>Hamilton khaki navy frogman ref. H77815130<\/p>\n<ul>\n<li><strong>Referencia:<\/strong> H77815130<\/li>\n<li><strong>Movimiento:<\/strong> Autom\u00e1tico calibre H-10<\/li>\n<li><strong>Reserva de marcha:<\/strong> 80 horas<\/li>\n<li><strong>Caja:<\/strong> Acero inoxidable de 46 mm<\/li>\n<li><strong>Cristal:<\/strong> Zafiro con tratamiento antirreflejos<\/li>\n<li><strong>Impermeabilidad:<\/strong> 30 bar (300 m)<\/li>\n<li><strong>Espiral:<\/strong> Nivachron\u2122 para una elevada resistencia a los campos magn\u00e9ticos<\/li>\n<li><strong>Brazalete:<\/strong> Acero inoxidable con cierre desplegable y cierre de seguridad<\/li>\n<li><strong>Esfera:<\/strong> Negra con \u00edndices y agujas recubiertos en Super-LumiNova\u00ae<\/li>\n<li><strong>Funciones Especiales:<\/strong> Dise\u00f1o exclusivo del puente protector de corona y bisel giratorio unidireccional<\/li>\n<\/ul>\n","protected":false},"excerpt":{"rendered":"<p>El Hamilton Khaki Navy Frogman Auto H77815130 es un icono de ingenier\u00eda submarina, dise\u00f1ado para ofrecer robustez y precisi\u00f3n extremas en las profundidades del oc\u00e9ano.<\/p>\n","protected":false},"featured_media":175121,"template":"","meta":{"_crdt_document":"","advanced_seo_description":"","jetpack_seo_html_title":"","jetpack_seo_noindex":false},"product_brand":[],"product_cat":[1915],"product_tag":[1387],"berocket_brand":[],"woo-feed-brand":[],"class_list":{"0":"post-175270","1":"product","2":"type-product","3":"status-publish","4":"has-post-thumbnail","6":"product_cat-hamilton","7":"product_tag-khaki","9":"first","10":"instock","11":"sale","12":"taxable","13":"shipping-taxable","14":"purchasable","15":"product-type-simple"},"bundled_by":[],"bundle_stock_status":"instock","bundle_stock_quantity":1,"bundle_virtual":false,"bundle_layout":"","bundle_add_to_cart_form_location":"","bundle_editable_in_cart":false,"bundle_sold_individually_context":"","bundle_item_grouping":"","bundle_min_size":"","bundle_max_size":"","bundle_price":[],"bundled_items":[],"bundle_sell_ids":[],"group_of_quantity":0,"min_quantity":0,"max_quantity":"","exclude_order_quantity_value_rules":"no","exclude_category_quantity_rules":"no","combine_variations":"no","jetpack_sharing_enabled":true,"jetpack_likes_enabled":true,"_links":{"self":[{"href":"https:\/\/watchdeluxe.it\/es\/wp-json\/wp\/v2\/product\/175270","targetHints":{"allow":["GET"]}}],"collection":[{"href":"https:\/\/watchdeluxe.it\/es\/wp-json\/wp\/v2\/product"}],"about":[{"href":"https:\/\/watchdeluxe.it\/es\/wp-json\/wp\/v2\/types\/product"}],"wp:featuredmedia":[{"embeddable":true,"href":"https:\/\/watchdeluxe.it\/es\/wp-json\/wp\/v2\/media\/175121"}],"wp:attachment":[{"href":"https:\/\/watchdeluxe.it\/es\/wp-json\/wp\/v2\/media?parent=175270"}],"wp:term":[{"taxonomy":"product_brand","embeddable":true,"href":"https:\/\/watchdeluxe.it\/es\/wp-json\/wp\/v2\/product_brand?post=175270"},{"taxonomy":"product_cat","embeddable":true,"href":"https:\/\/watchdeluxe.it\/es\/wp-json\/wp\/v2\/product_cat?post=175270"},{"taxonomy":"product_tag","embeddable":true,"href":"https:\/\/watchdeluxe.it\/es\/wp-json\/wp\/v2\/product_tag?post=175270"},{"taxonomy":"berocket_brand","embeddable":true,"href":"https:\/\/watchdeluxe.it\/es\/wp-json\/wp\/v2\/berocket_brand?post=175270"},{"taxonomy":"woo-feed-brand","embeddable":true,"href":"https:\/\/watchdeluxe.it\/es\/wp-json\/wp\/v2\/woo-feed-brand?post=175270"}],"curies":[{"name":"wp","href":"https:\/\/api.w.org\/{rel}","templated":true}]}}