{"id":175269,"date":"2026-04-14T15:53:08","date_gmt":"2026-04-14T13:53:08","guid":{"rendered":"https:\/\/watchdeluxe.it\/prodotto\/hamilton-khaki-aviation-x-wind-day-date-ref-h77755133\/"},"modified":"2026-04-14T15:53:08","modified_gmt":"2026-04-14T13:53:08","slug":"hamilton-khaki-aviation-x-wind-day-date-ref-h77755133","status":"publish","type":"product","link":"https:\/\/watchdeluxe.it\/es\/prodotto\/hamilton-khaki-aviation-x-wind-day-date-ref-h77755133\/","title":{"rendered":"Hamilton khaki aviation x-wind day date ref. H77755133"},"content":{"rendered":"<p>Hamilton khaki aviation x-wind day date ref. H77755133<\/p>\n<ul>\n<li><strong>Colecci\u00f3n:<\/strong> Khaki Aviation<\/li>\n<li><strong>Referencia:<\/strong> H77755133<\/li>\n<li><strong>Movimiento:<\/strong> Carga autom\u00e1tica Calibre H-30<\/li>\n<li><strong>Reserva de marcha:<\/strong> 80 horas<\/li>\n<li><strong>Material de la caja:<\/strong> Acero inoxidable<\/li>\n<li><strong>Di\u00e1metro:<\/strong> 45 mm<\/li>\n<li><strong>Cristal:<\/strong> Zafiro con tratamiento antirreflejos<\/li>\n<li><strong>Hermeticidad:<\/strong> 10 bar (100 m)<\/li>\n<li><strong>Funciones Especiales:<\/strong> Ventanilla D\u00eda y Fecha posicionada a las 9<\/li>\n<li><strong>Esfera:<\/strong> Negra con \u00edndices num\u00e9ricos Super-LumiNova\u00ae<\/li>\n<\/ul>\n","protected":false},"excerpt":{"rendered":"<p>El Hamilton Khaki Aviation X-Wind Day Date Auto es una obra maestra del dise\u00f1o aeron\u00e1utico, que combina una imponente caja de 45 mm con la precisi\u00f3n de un movimiento autom\u00e1tico suizo de excelencia. Un reloj audaz, creado para quienes aman la aventura y no aceptan compromisos en funcionalidad. <\/p>\n","protected":false},"featured_media":175123,"template":"","meta":{"_crdt_document":"","advanced_seo_description":"","jetpack_seo_html_title":"","jetpack_seo_noindex":false},"product_brand":[],"product_cat":[1915],"product_tag":[1387],"berocket_brand":[],"woo-feed-brand":[],"class_list":{"0":"post-175269","1":"product","2":"type-product","3":"status-publish","4":"has-post-thumbnail","6":"product_cat-hamilton","7":"product_tag-khaki","9":"first","10":"instock","11":"sale","12":"taxable","13":"shipping-taxable","14":"purchasable","15":"product-type-simple"},"bundled_by":[],"bundle_stock_status":"instock","bundle_stock_quantity":1,"bundle_virtual":false,"bundle_layout":"","bundle_add_to_cart_form_location":"","bundle_editable_in_cart":false,"bundle_sold_individually_context":"","bundle_item_grouping":"","bundle_min_size":"","bundle_max_size":"","bundle_price":[],"bundled_items":[],"bundle_sell_ids":[],"group_of_quantity":0,"min_quantity":0,"max_quantity":"","exclude_order_quantity_value_rules":"no","exclude_category_quantity_rules":"no","combine_variations":"no","jetpack_sharing_enabled":true,"jetpack_likes_enabled":true,"_links":{"self":[{"href":"https:\/\/watchdeluxe.it\/es\/wp-json\/wp\/v2\/product\/175269","targetHints":{"allow":["GET"]}}],"collection":[{"href":"https:\/\/watchdeluxe.it\/es\/wp-json\/wp\/v2\/product"}],"about":[{"href":"https:\/\/watchdeluxe.it\/es\/wp-json\/wp\/v2\/types\/product"}],"wp:featuredmedia":[{"embeddable":true,"href":"https:\/\/watchdeluxe.it\/es\/wp-json\/wp\/v2\/media\/175123"}],"wp:attachment":[{"href":"https:\/\/watchdeluxe.it\/es\/wp-json\/wp\/v2\/media?parent=175269"}],"wp:term":[{"taxonomy":"product_brand","embeddable":true,"href":"https:\/\/watchdeluxe.it\/es\/wp-json\/wp\/v2\/product_brand?post=175269"},{"taxonomy":"product_cat","embeddable":true,"href":"https:\/\/watchdeluxe.it\/es\/wp-json\/wp\/v2\/product_cat?post=175269"},{"taxonomy":"product_tag","embeddable":true,"href":"https:\/\/watchdeluxe.it\/es\/wp-json\/wp\/v2\/product_tag?post=175269"},{"taxonomy":"berocket_brand","embeddable":true,"href":"https:\/\/watchdeluxe.it\/es\/wp-json\/wp\/v2\/berocket_brand?post=175269"},{"taxonomy":"woo-feed-brand","embeddable":true,"href":"https:\/\/watchdeluxe.it\/es\/wp-json\/wp\/v2\/woo-feed-brand?post=175269"}],"curies":[{"name":"wp","href":"https:\/\/api.w.org\/{rel}","templated":true}]}}