{"id":175092,"date":"2026-04-14T15:26:36","date_gmt":"2026-04-14T13:26:36","guid":{"rendered":"https:\/\/watchdeluxe.it\/prodotto\/hamilton-khaki-scuba-navy-ref-h82231150\/"},"modified":"2026-04-14T15:26:36","modified_gmt":"2026-04-14T13:26:36","slug":"hamilton-khaki-scuba-navy-ref-h82231150","status":"publish","type":"product","link":"https:\/\/watchdeluxe.it\/es\/prodotto\/hamilton-khaki-scuba-navy-ref-h82231150\/","title":{"rendered":"Hamilton Khaki Scuba Navy ref. H82231150"},"content":{"rendered":"<p>Hamilton Khaki Scuba Navy ref. H82231150<\/p>\n<ul>\n<li><strong>Referencia:<\/strong> H82231150<\/li>\n<li><strong>Colecci\u00f3n:<\/strong> Khaki Navy<\/li>\n<li><strong>Movimiento:<\/strong> De cuarzo (Calibre F06.105)<\/li>\n<li><strong>Material de la caja:<\/strong> Acero inoxidable<\/li>\n<li><strong>Di\u00e1metro de la caja:<\/strong> 37 mm<\/li>\n<li><strong>Cristal:<\/strong> Zafiro con tratamiento antirreflejos<\/li>\n<li><strong>Resistencia al agua:<\/strong> 10 bar (100 metros)<\/li>\n<li><strong>Corona:<\/strong> Tornillo<\/li>\n<li><strong>Bisel:<\/strong> Giratorio unidireccional azul<\/li>\n<li><strong>Brazalete:<\/strong> Acero inoxidable (asa 18 mm)<\/li>\n<li><strong>Funciones especiales:<\/strong> Indicador EOL (End of Life)<\/li>\n<\/ul>\n","protected":false},"excerpt":{"rendered":"<p>Un icono de precisi\u00f3n n\u00e1utica en formato compacto, donde el dise\u00f1o deportivo se une a la excelencia del movimiento suizo para un estilo atemporal.<\/p>\n","protected":false},"featured_media":175068,"template":"","meta":{"_crdt_document":"","advanced_seo_description":"","jetpack_seo_html_title":"","jetpack_seo_noindex":false},"product_brand":[],"product_cat":[1915],"product_tag":[],"berocket_brand":[],"woo-feed-brand":[],"class_list":{"0":"post-175092","1":"product","2":"type-product","3":"status-publish","4":"has-post-thumbnail","6":"product_cat-hamilton","8":"first","9":"instock","10":"sale","11":"taxable","12":"shipping-taxable","13":"purchasable","14":"product-type-simple"},"bundled_by":[],"bundle_stock_status":"instock","bundle_stock_quantity":1,"bundle_virtual":false,"bundle_layout":"","bundle_add_to_cart_form_location":"","bundle_editable_in_cart":false,"bundle_sold_individually_context":"","bundle_item_grouping":"","bundle_min_size":"","bundle_max_size":"","bundle_price":[],"bundled_items":[],"bundle_sell_ids":[],"group_of_quantity":0,"min_quantity":0,"max_quantity":"","exclude_order_quantity_value_rules":"no","exclude_category_quantity_rules":"no","combine_variations":"no","jetpack_sharing_enabled":true,"jetpack_likes_enabled":true,"_links":{"self":[{"href":"https:\/\/watchdeluxe.it\/es\/wp-json\/wp\/v2\/product\/175092","targetHints":{"allow":["GET"]}}],"collection":[{"href":"https:\/\/watchdeluxe.it\/es\/wp-json\/wp\/v2\/product"}],"about":[{"href":"https:\/\/watchdeluxe.it\/es\/wp-json\/wp\/v2\/types\/product"}],"wp:featuredmedia":[{"embeddable":true,"href":"https:\/\/watchdeluxe.it\/es\/wp-json\/wp\/v2\/media\/175068"}],"wp:attachment":[{"href":"https:\/\/watchdeluxe.it\/es\/wp-json\/wp\/v2\/media?parent=175092"}],"wp:term":[{"taxonomy":"product_brand","embeddable":true,"href":"https:\/\/watchdeluxe.it\/es\/wp-json\/wp\/v2\/product_brand?post=175092"},{"taxonomy":"product_cat","embeddable":true,"href":"https:\/\/watchdeluxe.it\/es\/wp-json\/wp\/v2\/product_cat?post=175092"},{"taxonomy":"product_tag","embeddable":true,"href":"https:\/\/watchdeluxe.it\/es\/wp-json\/wp\/v2\/product_tag?post=175092"},{"taxonomy":"berocket_brand","embeddable":true,"href":"https:\/\/watchdeluxe.it\/es\/wp-json\/wp\/v2\/berocket_brand?post=175092"},{"taxonomy":"woo-feed-brand","embeddable":true,"href":"https:\/\/watchdeluxe.it\/es\/wp-json\/wp\/v2\/woo-feed-brand?post=175092"}],"curies":[{"name":"wp","href":"https:\/\/api.w.org\/{rel}","templated":true}]}}