{"id":175032,"date":"2026-04-14T15:14:40","date_gmt":"2026-04-14T13:14:40","guid":{"rendered":"https:\/\/watchdeluxe.it\/prodotto\/hamilton-jazzmaster-open-heart-40mm-auto-h32675501\/"},"modified":"2026-04-14T15:14:40","modified_gmt":"2026-04-14T13:14:40","slug":"hamilton-jazzmaster-open-heart-40mm-auto-h32675501","status":"publish","type":"product","link":"https:\/\/watchdeluxe.it\/es\/prodotto\/hamilton-jazzmaster-open-heart-40mm-auto-h32675501\/","title":{"rendered":"Hamilton jazzmaster open heart 40mm auto H32675501"},"content":{"rendered":"<p>Hamilton jazzmaster open heart 40mm auto H32675501<\/p>\n<ul>\n<li><strong>Colecci\u00f3n:<\/strong> Jazzmaster<\/li>\n<li><strong>Movimiento:<\/strong> Autom\u00e1tico calibre H-10<\/li>\n<li><strong>Reserva de marcha:<\/strong> 80 horas<\/li>\n<li><strong>Material de la caja:<\/strong> Acero inoxidable<\/li>\n<li><strong>Di\u00e1metro de la caja:<\/strong> 40 mm<\/li>\n<li><strong>Cristal:<\/strong> Zafiro con tratamiento antirreflejos<\/li>\n<li><strong>Esfera:<\/strong> Champ\u00e1n con dise\u00f1o Open Heart<\/li>\n<li><strong>Correa:<\/strong> Piel de becerro marr\u00f3n<\/li>\n<li><strong>Impermeabilidad:<\/strong> 5 bar (50 m)<\/li>\n<li><strong>Tecnolog\u00eda:<\/strong> Espiral en Nivachron\u2122 antimagn\u00e9tica<\/li>\n<\/ul>\n","protected":false},"excerpt":{"rendered":"<p>El Hamilton Jazzmaster Open Heart 40mm encarna la fusi\u00f3n perfecta entre elegancia cl\u00e1sica y maestr\u00eda t\u00e9cnica, desvelando el alma mec\u00e1nica suiza a trav\u00e9s de un dise\u00f1o audaz y refinado.<\/p>\n","protected":false},"featured_media":175030,"template":"","meta":{"_crdt_document":"","advanced_seo_description":"","jetpack_seo_html_title":"","jetpack_seo_noindex":false},"product_brand":[],"product_cat":[1915],"product_tag":[1394],"berocket_brand":[],"woo-feed-brand":[],"class_list":{"0":"post-175032","1":"product","2":"type-product","3":"status-publish","4":"has-post-thumbnail","6":"product_cat-hamilton","7":"product_tag-jazzmaster","9":"first","10":"instock","11":"sale","12":"taxable","13":"shipping-taxable","14":"purchasable","15":"product-type-simple"},"bundled_by":[],"bundle_stock_status":"instock","bundle_stock_quantity":1,"bundle_virtual":false,"bundle_layout":"","bundle_add_to_cart_form_location":"","bundle_editable_in_cart":false,"bundle_sold_individually_context":"","bundle_item_grouping":"","bundle_min_size":"","bundle_max_size":"","bundle_price":[],"bundled_items":[],"bundle_sell_ids":[],"group_of_quantity":0,"min_quantity":0,"max_quantity":"","exclude_order_quantity_value_rules":"no","exclude_category_quantity_rules":"no","combine_variations":"no","jetpack_sharing_enabled":true,"jetpack_likes_enabled":true,"_links":{"self":[{"href":"https:\/\/watchdeluxe.it\/es\/wp-json\/wp\/v2\/product\/175032","targetHints":{"allow":["GET"]}}],"collection":[{"href":"https:\/\/watchdeluxe.it\/es\/wp-json\/wp\/v2\/product"}],"about":[{"href":"https:\/\/watchdeluxe.it\/es\/wp-json\/wp\/v2\/types\/product"}],"wp:featuredmedia":[{"embeddable":true,"href":"https:\/\/watchdeluxe.it\/es\/wp-json\/wp\/v2\/media\/175030"}],"wp:attachment":[{"href":"https:\/\/watchdeluxe.it\/es\/wp-json\/wp\/v2\/media?parent=175032"}],"wp:term":[{"taxonomy":"product_brand","embeddable":true,"href":"https:\/\/watchdeluxe.it\/es\/wp-json\/wp\/v2\/product_brand?post=175032"},{"taxonomy":"product_cat","embeddable":true,"href":"https:\/\/watchdeluxe.it\/es\/wp-json\/wp\/v2\/product_cat?post=175032"},{"taxonomy":"product_tag","embeddable":true,"href":"https:\/\/watchdeluxe.it\/es\/wp-json\/wp\/v2\/product_tag?post=175032"},{"taxonomy":"berocket_brand","embeddable":true,"href":"https:\/\/watchdeluxe.it\/es\/wp-json\/wp\/v2\/berocket_brand?post=175032"},{"taxonomy":"woo-feed-brand","embeddable":true,"href":"https:\/\/watchdeluxe.it\/es\/wp-json\/wp\/v2\/woo-feed-brand?post=175032"}],"curies":[{"name":"wp","href":"https:\/\/api.w.org\/{rel}","templated":true}]}}