{"id":174924,"date":"2026-04-14T14:48:42","date_gmt":"2026-04-14T12:48:42","guid":{"rendered":"https:\/\/watchdeluxe.it\/prodotto\/glashutte-original-senator-ref-1-36-04-01-02-30\/"},"modified":"2026-04-14T14:48:42","modified_gmt":"2026-04-14T12:48:42","slug":"glashutte-original-senator-ref-1-36-04-01-02-30","status":"publish","type":"product","link":"https:\/\/watchdeluxe.it\/es\/prodotto\/glashutte-original-senator-ref-1-36-04-01-02-30\/","title":{"rendered":"Glashutte original senator ref. 1-36-04-01-02-30"},"content":{"rendered":"<p>Glashutte glash\u00fctte original senator ref. 1-36-04-01-02-30<\/p>\n<ul>\n<li><strong>Movimiento:<\/strong> Calibre de manufactura 36-04 autom\u00e1tico de alta precisi\u00f3n<\/li>\n<li><strong>Reserva de marcha:<\/strong> Excepcional autonom\u00eda de aproximadamente 100 horas<\/li>\n<li><strong>Caja:<\/strong> Acero inoxidable de 40 mm con grosor de 12,2 mm<\/li>\n<li><strong>Esfera:<\/strong> Plata graneada con n\u00fameros romanos y minuter\u00eda chemin de fer<\/li>\n<li><strong>Complicaciones:<\/strong> Fecha Panor\u00e1mica Glash\u00fctte e indicador artesanal de fases lunares<\/li>\n<li><strong>Cristal:<\/strong> Cristal de zafiro en frontal y fondo con tratamiento antirreflejos<\/li>\n<li><strong>Mec\u00e1nica:<\/strong> Espiral del volante en silicio y regulaci\u00f3n de cuello de cisne<\/li>\n<li><strong>Acabados:<\/strong> Platina de tres cuartos y rotor esqueletizado con masa en oro de 21 kt<\/li>\n<li><strong>Correa:<\/strong> Piel de caim\u00e1n de Luisiana de alta calidad en color negro<\/li>\n<li><strong>Impermeabilidad:<\/strong> Testado para resistir hasta una presi\u00f3n de 5 bar<\/li>\n<\/ul>\n","protected":false},"excerpt":{"rendered":"<p>La excelencia de la relojer\u00eda sajona se expresa en un dise\u00f1o atemporal, donde la precisi\u00f3n del Calibre 36 se encuentra con el encanto de las fases lunares y la ic\u00f3nica Fecha Panor\u00e1mica.<\/p>\n","protected":false},"featured_media":174900,"template":"","meta":{"_crdt_document":"","advanced_seo_description":"","jetpack_seo_html_title":"","jetpack_seo_noindex":false},"product_brand":[],"product_cat":[3919],"product_tag":[2554],"berocket_brand":[],"woo-feed-brand":[],"class_list":{"0":"post-174924","1":"product","2":"type-product","3":"status-publish","4":"has-post-thumbnail","6":"product_cat-glashutte-original-es","7":"product_tag-senador","9":"first","10":"instock","11":"sale","12":"taxable","13":"shipping-taxable","14":"purchasable","15":"product-type-simple"},"bundled_by":[],"bundle_stock_status":"instock","bundle_stock_quantity":1,"bundle_virtual":false,"bundle_layout":"","bundle_add_to_cart_form_location":"","bundle_editable_in_cart":false,"bundle_sold_individually_context":"","bundle_item_grouping":"","bundle_min_size":"","bundle_max_size":"","bundle_price":[],"bundled_items":[],"bundle_sell_ids":[],"group_of_quantity":0,"min_quantity":0,"max_quantity":"","exclude_order_quantity_value_rules":"no","exclude_category_quantity_rules":"no","combine_variations":"no","exclude_global_add_ons":[],"addons":[],"jetpack_sharing_enabled":true,"jetpack_likes_enabled":true,"_links":{"self":[{"href":"https:\/\/watchdeluxe.it\/es\/wp-json\/wp\/v2\/product\/174924","targetHints":{"allow":["GET"]}}],"collection":[{"href":"https:\/\/watchdeluxe.it\/es\/wp-json\/wp\/v2\/product"}],"about":[{"href":"https:\/\/watchdeluxe.it\/es\/wp-json\/wp\/v2\/types\/product"}],"wp:featuredmedia":[{"embeddable":true,"href":"https:\/\/watchdeluxe.it\/es\/wp-json\/wp\/v2\/media\/174900"}],"wp:attachment":[{"href":"https:\/\/watchdeluxe.it\/es\/wp-json\/wp\/v2\/media?parent=174924"}],"wp:term":[{"taxonomy":"product_brand","embeddable":true,"href":"https:\/\/watchdeluxe.it\/es\/wp-json\/wp\/v2\/product_brand?post=174924"},{"taxonomy":"product_cat","embeddable":true,"href":"https:\/\/watchdeluxe.it\/es\/wp-json\/wp\/v2\/product_cat?post=174924"},{"taxonomy":"product_tag","embeddable":true,"href":"https:\/\/watchdeluxe.it\/es\/wp-json\/wp\/v2\/product_tag?post=174924"},{"taxonomy":"berocket_brand","embeddable":true,"href":"https:\/\/watchdeluxe.it\/es\/wp-json\/wp\/v2\/berocket_brand?post=174924"},{"taxonomy":"woo-feed-brand","embeddable":true,"href":"https:\/\/watchdeluxe.it\/es\/wp-json\/wp\/v2\/woo-feed-brand?post=174924"}],"curies":[{"name":"wp","href":"https:\/\/api.w.org\/{rel}","templated":true}]}}