{"id":174909,"date":"2026-04-14T14:40:32","date_gmt":"2026-04-14T12:40:32","guid":{"rendered":"https:\/\/watchdeluxe.it\/prodotto\/glashutte-sixties-chronograph-annual-edition-ref-1-39-34-05-22-04\/"},"modified":"2026-04-14T14:40:32","modified_gmt":"2026-04-14T12:40:32","slug":"glashutte-sixties-chronograph-annual-edition-ref-1-39-34-05-22-04","status":"publish","type":"product","link":"https:\/\/watchdeluxe.it\/es\/prodotto\/glashutte-sixties-chronograph-annual-edition-ref-1-39-34-05-22-04\/","title":{"rendered":"Glashutte sixties chronograph annual edition ref. 1-39-34-05-22-04"},"content":{"rendered":"<p>Glashutte sixties chronograph annual edition ref. 1-39-34-05-22-04<\/p>\n<ul>\n<li><strong>Movimiento:<\/strong> Calibre de manufactura 39-34, mec\u00e1nico de carga autom\u00e1tica.<\/li>\n<li><strong>Caja:<\/strong> Acero inoxidable pulido, di\u00e1metro 42,00 mm y grosor 12,40 mm.<\/li>\n<li><strong>Esfera:<\/strong> Verde con efecto degradado y trama gofrada realizada con herramientas originales de los a\u00f1os 60.<\/li>\n<li><strong>Funciones:<\/strong> Horas, minutos, peque\u00f1os segundos, cron\u00f3grafo con parada de segundos y contador de 30 minutos.<\/li>\n<li><strong>Reserva de marcha:<\/strong> 38 horas (\u00b1 5%) con frecuencia de 28.800 alternancias\/hora.<\/li>\n<li><strong>Cristal:<\/strong> zafiro abombado con tratamiento antirreflejos en ambas caras.<\/li>\n<li><strong>Fondo:<\/strong> Cristal de zafiro de forma especial para admirar el rotor esqueletizado y los acabados del movimiento.<\/li>\n<li><strong>Detalles del Movimiento:<\/strong> Platina tres cuartos de Glash\u00fctte, regulaci\u00f3n microm\u00e9trica de cuello de cisne y masa oscilante en oro de 21 kt.<\/li>\n<li><strong>Correa:<\/strong> Piel de becerro nobuck marr\u00f3n-gris con hebilla de ardill\u00f3n en acero.<\/li>\n<li><strong>Impermeabilidad:<\/strong> Probada hasta 3 bar (30 metros).<\/li>\n<\/ul>\n","protected":false},"excerpt":{"rendered":"<p>Una obra maestra de la relojer\u00eda que captura la esencia vibrante de los a\u00f1os 60 a trav\u00e9s de una esfera verde esmeralda trabajada a mano y un dise\u00f1o vintage atemporal. <\/p>\n","protected":false},"featured_media":0,"template":"","meta":{"_crdt_document":"","advanced_seo_description":"","jetpack_seo_html_title":"","jetpack_seo_noindex":false},"product_brand":[],"product_cat":[3919],"product_tag":[3246],"berocket_brand":[],"woo-feed-brand":[],"class_list":{"0":"post-174909","1":"product","2":"type-product","3":"status-publish","5":"product_cat-glashutte-original-es","6":"product_tag-anos-sesenta","8":"first","9":"instock","10":"sale","11":"taxable","12":"shipping-taxable","13":"purchasable","14":"product-type-simple"},"bundled_by":[],"bundle_stock_status":"instock","bundle_stock_quantity":1,"bundle_virtual":false,"bundle_layout":"","bundle_add_to_cart_form_location":"","bundle_editable_in_cart":false,"bundle_sold_individually_context":"","bundle_item_grouping":"","bundle_min_size":"","bundle_max_size":"","bundle_price":[],"bundled_items":[],"bundle_sell_ids":[],"group_of_quantity":0,"min_quantity":0,"max_quantity":"","exclude_order_quantity_value_rules":"no","exclude_category_quantity_rules":"no","combine_variations":"no","exclude_global_add_ons":[],"addons":[],"jetpack_sharing_enabled":true,"jetpack_likes_enabled":true,"_links":{"self":[{"href":"https:\/\/watchdeluxe.it\/es\/wp-json\/wp\/v2\/product\/174909","targetHints":{"allow":["GET"]}}],"collection":[{"href":"https:\/\/watchdeluxe.it\/es\/wp-json\/wp\/v2\/product"}],"about":[{"href":"https:\/\/watchdeluxe.it\/es\/wp-json\/wp\/v2\/types\/product"}],"wp:attachment":[{"href":"https:\/\/watchdeluxe.it\/es\/wp-json\/wp\/v2\/media?parent=174909"}],"wp:term":[{"taxonomy":"product_brand","embeddable":true,"href":"https:\/\/watchdeluxe.it\/es\/wp-json\/wp\/v2\/product_brand?post=174909"},{"taxonomy":"product_cat","embeddable":true,"href":"https:\/\/watchdeluxe.it\/es\/wp-json\/wp\/v2\/product_cat?post=174909"},{"taxonomy":"product_tag","embeddable":true,"href":"https:\/\/watchdeluxe.it\/es\/wp-json\/wp\/v2\/product_tag?post=174909"},{"taxonomy":"berocket_brand","embeddable":true,"href":"https:\/\/watchdeluxe.it\/es\/wp-json\/wp\/v2\/berocket_brand?post=174909"},{"taxonomy":"woo-feed-brand","embeddable":true,"href":"https:\/\/watchdeluxe.it\/es\/wp-json\/wp\/v2\/woo-feed-brand?post=174909"}],"curies":[{"name":"wp","href":"https:\/\/api.w.org\/{rel}","templated":true}]}}