{"id":174081,"date":"2026-04-13T16:06:58","date_gmt":"2026-04-13T14:06:58","guid":{"rendered":"https:\/\/watchdeluxe.it\/prodotto\/breitling-navitimer-b01-cronografo-ref-ab0138241g1p1\/"},"modified":"2026-04-13T16:06:58","modified_gmt":"2026-04-13T14:06:58","slug":"breitling-navitimer-b01-cronografo-ref-ab0138241g1p1","status":"publish","type":"product","link":"https:\/\/watchdeluxe.it\/es\/prodotto\/breitling-navitimer-b01-cronografo-ref-ab0138241g1p1\/","title":{"rendered":"Breitling navitimer b01 cron\u00f3grafo ref. AB0138241G1P1"},"content":{"rendered":"<p>Breitling navitimer b01 cron\u00f3grafo ref. AB0138241G1P1<\/p>\n<ul>\n<li><strong>Movimiento:<\/strong> Calibre de manufactura Breitling 01 (autom\u00e1tico)<\/li>\n<li><strong>Reserva de marcha:<\/strong> Aprox. 70 horas<\/li>\n<li><strong>Material de la caja:<\/strong> Acero inoxidable de alta calidad<\/li>\n<li><strong>Di\u00e1metro:<\/strong> 43,0 mm<\/li>\n<li><strong>Esfera:<\/strong> Plateada con contadores cronogr\u00e1ficos negros en contraste<\/li>\n<li><strong>Cristal:<\/strong> Zafiro abombado, antirreflejos por ambas caras<\/li>\n<li><strong>Impermeabilidad:<\/strong> 3 bar (30 metros)<\/li>\n<li><strong>Correa:<\/strong> Piel de cocodrilo negra con cierre desplegable<\/li>\n<li><strong>Bisel:<\/strong> Giratorio bidireccional con regla de c\u00e1lculo<\/li>\n<li><strong>Certificaci\u00f3n:<\/strong> Cron\u00f3metro con certificaci\u00f3n oficial COSC<\/li>\n<\/ul>\n","protected":false},"excerpt":{"rendered":"<p>El icono de la aviaci\u00f3n renace en el Breitling Navitimer B01 43, una obra maestra de la mec\u00e1nica suiza que fusiona elegancia cl\u00e1sica y prestaciones profesionales.<\/p>\n","protected":false},"featured_media":174011,"template":"","meta":{"_crdt_document":"","advanced_seo_description":"","jetpack_seo_html_title":"","jetpack_seo_noindex":false},"product_brand":[],"product_cat":[1914],"product_tag":[3720],"berocket_brand":[],"woo-feed-brand":[],"class_list":{"0":"post-174081","1":"product","2":"type-product","3":"status-publish","4":"has-post-thumbnail","6":"product_cat-breitling","7":"product_tag-navitimer","9":"first","10":"instock","11":"sale","12":"taxable","13":"shipping-taxable","14":"purchasable","15":"product-type-simple"},"bundled_by":[],"bundle_stock_status":"instock","bundle_stock_quantity":1,"bundle_virtual":false,"bundle_layout":"","bundle_add_to_cart_form_location":"","bundle_editable_in_cart":false,"bundle_sold_individually_context":"","bundle_item_grouping":"","bundle_min_size":"","bundle_max_size":"","bundle_price":[],"bundled_items":[],"bundle_sell_ids":[],"group_of_quantity":0,"min_quantity":0,"max_quantity":"","exclude_order_quantity_value_rules":"no","exclude_category_quantity_rules":"no","combine_variations":"no","exclude_global_add_ons":[],"addons":[],"jetpack_sharing_enabled":true,"jetpack_likes_enabled":true,"_links":{"self":[{"href":"https:\/\/watchdeluxe.it\/es\/wp-json\/wp\/v2\/product\/174081","targetHints":{"allow":["GET"]}}],"collection":[{"href":"https:\/\/watchdeluxe.it\/es\/wp-json\/wp\/v2\/product"}],"about":[{"href":"https:\/\/watchdeluxe.it\/es\/wp-json\/wp\/v2\/types\/product"}],"wp:featuredmedia":[{"embeddable":true,"href":"https:\/\/watchdeluxe.it\/es\/wp-json\/wp\/v2\/media\/174011"}],"wp:attachment":[{"href":"https:\/\/watchdeluxe.it\/es\/wp-json\/wp\/v2\/media?parent=174081"}],"wp:term":[{"taxonomy":"product_brand","embeddable":true,"href":"https:\/\/watchdeluxe.it\/es\/wp-json\/wp\/v2\/product_brand?post=174081"},{"taxonomy":"product_cat","embeddable":true,"href":"https:\/\/watchdeluxe.it\/es\/wp-json\/wp\/v2\/product_cat?post=174081"},{"taxonomy":"product_tag","embeddable":true,"href":"https:\/\/watchdeluxe.it\/es\/wp-json\/wp\/v2\/product_tag?post=174081"},{"taxonomy":"berocket_brand","embeddable":true,"href":"https:\/\/watchdeluxe.it\/es\/wp-json\/wp\/v2\/berocket_brand?post=174081"},{"taxonomy":"woo-feed-brand","embeddable":true,"href":"https:\/\/watchdeluxe.it\/es\/wp-json\/wp\/v2\/woo-feed-brand?post=174081"}],"curies":[{"name":"wp","href":"https:\/\/api.w.org\/{rel}","templated":true}]}}