{"id":174041,"date":"2026-04-13T16:00:28","date_gmt":"2026-04-13T14:00:28","guid":{"rendered":"https:\/\/watchdeluxe.it\/prodotto\/breitling-premier-b01-cronografo-ref-ab0145221b1a1\/"},"modified":"2026-04-13T16:00:28","modified_gmt":"2026-04-13T14:00:28","slug":"breitling-premier-b01-cronografo-ref-ab0145221b1a1","status":"publish","type":"product","link":"https:\/\/watchdeluxe.it\/es\/prodotto\/breitling-premier-b01-cronografo-ref-ab0145221b1a1\/","title":{"rendered":"Breitling Premier B01 Cron\u00f3grafo ref. AB0145221B1A1"},"content":{"rendered":"<p>Breitling Premier B01 Cron\u00f3grafo ref. AB0145221B1A1<\/p>\n<ul>\n<li><strong>Movimiento:<\/strong> Calibre de manufactura Breitling 01 (Mec\u00e1nico de carga autom\u00e1tica)<\/li>\n<li><strong>Reserva de marcha:<\/strong> Aprox. 70 horas<\/li>\n<li><strong>Material de la caja:<\/strong> Acero inoxidable de 42 mm<\/li>\n<li><strong>Esfera:<\/strong> Negra con contadores cronogr\u00e1ficos en contraste y escala taquim\u00e9trica<\/li>\n<li><strong>Cristal:<\/strong> Zafiro abombado, antirreflejos por ambas caras<\/li>\n<li><strong>Hermeticidad:<\/strong> 100 metros (10 bar)<\/li>\n<li><strong>Fondo:<\/strong> Atornillado de cristal de zafiro transparente<\/li>\n<li><strong>Brazalete:<\/strong> Acero inoxidable de 7 hileras con cierre de mariposa<\/li>\n<li><strong>Cron\u00f3grafo:<\/strong> Cuartos de segundo y totalizador de 30 minutos<\/li>\n<li><strong>Certificaci\u00f3n:<\/strong> Cron\u00f3metro con certificaci\u00f3n oficial COSC<\/li>\n<\/ul>\n","protected":false},"excerpt":{"rendered":"<p>Un icono de elegancia atemporal que fusiona el esp\u00edritu refinado de los a\u00f1os 40 con la precisi\u00f3n mec\u00e1nica de vanguardia, definiendo el nuevo est\u00e1ndar del cron\u00f3grafo de lujo moderno.<\/p>\n","protected":false},"featured_media":174005,"template":"","meta":{"_crdt_document":"","advanced_seo_description":"","jetpack_seo_html_title":"","jetpack_seo_noindex":false},"product_brand":[],"product_cat":[1914],"product_tag":[4085],"berocket_brand":[],"woo-feed-brand":[],"class_list":{"0":"post-174041","1":"product","2":"type-product","3":"status-publish","4":"has-post-thumbnail","6":"product_cat-breitling","7":"product_tag-premier-2","9":"first","10":"instock","11":"sale","12":"taxable","13":"shipping-taxable","14":"purchasable","15":"product-type-simple"},"bundled_by":[],"bundle_stock_status":"instock","bundle_stock_quantity":1,"bundle_virtual":false,"bundle_layout":"","bundle_add_to_cart_form_location":"","bundle_editable_in_cart":false,"bundle_sold_individually_context":"","bundle_item_grouping":"","bundle_min_size":"","bundle_max_size":"","bundle_price":[],"bundled_items":[],"bundle_sell_ids":[],"group_of_quantity":0,"min_quantity":0,"max_quantity":"","exclude_order_quantity_value_rules":"no","exclude_category_quantity_rules":"no","combine_variations":"no","jetpack_sharing_enabled":true,"jetpack_likes_enabled":true,"_links":{"self":[{"href":"https:\/\/watchdeluxe.it\/es\/wp-json\/wp\/v2\/product\/174041","targetHints":{"allow":["GET"]}}],"collection":[{"href":"https:\/\/watchdeluxe.it\/es\/wp-json\/wp\/v2\/product"}],"about":[{"href":"https:\/\/watchdeluxe.it\/es\/wp-json\/wp\/v2\/types\/product"}],"wp:featuredmedia":[{"embeddable":true,"href":"https:\/\/watchdeluxe.it\/es\/wp-json\/wp\/v2\/media\/174005"}],"wp:attachment":[{"href":"https:\/\/watchdeluxe.it\/es\/wp-json\/wp\/v2\/media?parent=174041"}],"wp:term":[{"taxonomy":"product_brand","embeddable":true,"href":"https:\/\/watchdeluxe.it\/es\/wp-json\/wp\/v2\/product_brand?post=174041"},{"taxonomy":"product_cat","embeddable":true,"href":"https:\/\/watchdeluxe.it\/es\/wp-json\/wp\/v2\/product_cat?post=174041"},{"taxonomy":"product_tag","embeddable":true,"href":"https:\/\/watchdeluxe.it\/es\/wp-json\/wp\/v2\/product_tag?post=174041"},{"taxonomy":"berocket_brand","embeddable":true,"href":"https:\/\/watchdeluxe.it\/es\/wp-json\/wp\/v2\/berocket_brand?post=174041"},{"taxonomy":"woo-feed-brand","embeddable":true,"href":"https:\/\/watchdeluxe.it\/es\/wp-json\/wp\/v2\/woo-feed-brand?post=174041"}],"curies":[{"name":"wp","href":"https:\/\/api.w.org\/{rel}","templated":true}]}}