{"id":173720,"date":"2026-04-13T11:32:40","date_gmt":"2026-04-13T09:32:40","guid":{"rendered":"https:\/\/watchdeluxe.it\/prodotto\/hamilton-khaki-field-murph-ref-h70605731\/"},"modified":"2026-04-13T11:32:40","modified_gmt":"2026-04-13T09:32:40","slug":"hamilton-khaki-field-murph-ref-h70605731","status":"publish","type":"product","link":"https:\/\/watchdeluxe.it\/es\/prodotto\/hamilton-khaki-field-murph-ref-h70605731\/","title":{"rendered":"Hamilton khaki field murph ref. H70605731"},"content":{"rendered":"<p>Hamilton khaki field murph ref. H70605731<\/p>\n<ul>\n<li><strong>Referencia:<\/strong> H70605731<\/li>\n<li><strong>Movimiento:<\/strong> Autom\u00e1tico calibre H-10<\/li>\n<li><strong>Reserva de marcha:<\/strong> 80 horas<\/li>\n<li><strong>Caja:<\/strong> Acero inoxidable de 42 mm<\/li>\n<li><strong>Cristal:<\/strong> Zafiro con tratamiento antirreflejos<\/li>\n<li><strong>Correa:<\/strong> Piel negra con acabado mate<\/li>\n<li><strong>Impermeabilidad:<\/strong> 10 bar (100 m)<\/li>\n<li><strong>Caracter\u00edstica especial:<\/strong> C\u00f3digo Morse &#8216;Eureka&#8217; lacado en el segundero<\/li>\n<li><strong>Fondo de caja:<\/strong> Transparente con movimiento a la vista<\/li>\n<li><strong>Ancho entre asas:<\/strong> 22 mm<\/li>\n<\/ul>\n","protected":false},"excerpt":{"rendered":"<p>El legendario &#8216;Murph&#8217; de Interstellar: un icono cinematogr\u00e1fico que fusiona el dise\u00f1o militar cl\u00e1sico con la excelencia mec\u00e1nica suiza del calibre H-10.<\/p>\n","protected":false},"featured_media":173711,"template":"","meta":{"_crdt_document":"","advanced_seo_description":"","jetpack_seo_html_title":"","jetpack_seo_noindex":false},"product_brand":[],"product_cat":[1915],"product_tag":[],"berocket_brand":[],"woo-feed-brand":[],"class_list":{"0":"post-173720","1":"product","2":"type-product","3":"status-publish","4":"has-post-thumbnail","6":"product_cat-hamilton","8":"first","9":"instock","10":"sale","11":"taxable","12":"shipping-taxable","13":"purchasable","14":"product-type-simple"},"bundled_by":[],"bundle_stock_status":"instock","bundle_stock_quantity":1,"bundle_virtual":false,"bundle_layout":"","bundle_add_to_cart_form_location":"","bundle_editable_in_cart":false,"bundle_sold_individually_context":"","bundle_item_grouping":"","bundle_min_size":"","bundle_max_size":"","bundle_price":[],"bundled_items":[],"bundle_sell_ids":[],"group_of_quantity":0,"min_quantity":0,"max_quantity":"","exclude_order_quantity_value_rules":"no","exclude_category_quantity_rules":"no","combine_variations":"no","exclude_global_add_ons":[],"addons":[],"jetpack_sharing_enabled":true,"jetpack_likes_enabled":true,"_links":{"self":[{"href":"https:\/\/watchdeluxe.it\/es\/wp-json\/wp\/v2\/product\/173720","targetHints":{"allow":["GET"]}}],"collection":[{"href":"https:\/\/watchdeluxe.it\/es\/wp-json\/wp\/v2\/product"}],"about":[{"href":"https:\/\/watchdeluxe.it\/es\/wp-json\/wp\/v2\/types\/product"}],"wp:featuredmedia":[{"embeddable":true,"href":"https:\/\/watchdeluxe.it\/es\/wp-json\/wp\/v2\/media\/173711"}],"wp:attachment":[{"href":"https:\/\/watchdeluxe.it\/es\/wp-json\/wp\/v2\/media?parent=173720"}],"wp:term":[{"taxonomy":"product_brand","embeddable":true,"href":"https:\/\/watchdeluxe.it\/es\/wp-json\/wp\/v2\/product_brand?post=173720"},{"taxonomy":"product_cat","embeddable":true,"href":"https:\/\/watchdeluxe.it\/es\/wp-json\/wp\/v2\/product_cat?post=173720"},{"taxonomy":"product_tag","embeddable":true,"href":"https:\/\/watchdeluxe.it\/es\/wp-json\/wp\/v2\/product_tag?post=173720"},{"taxonomy":"berocket_brand","embeddable":true,"href":"https:\/\/watchdeluxe.it\/es\/wp-json\/wp\/v2\/berocket_brand?post=173720"},{"taxonomy":"woo-feed-brand","embeddable":true,"href":"https:\/\/watchdeluxe.it\/es\/wp-json\/wp\/v2\/woo-feed-brand?post=173720"}],"curies":[{"name":"wp","href":"https:\/\/api.w.org\/{rel}","templated":true}]}}