{"id":173681,"date":"2026-04-13T11:30:44","date_gmt":"2026-04-13T09:30:44","guid":{"rendered":"https:\/\/watchdeluxe.it\/prodotto\/hamilton-khaki-aviation-pilot-ref-h76215130\/"},"modified":"2026-04-13T11:30:44","modified_gmt":"2026-04-13T09:30:44","slug":"hamilton-khaki-aviation-pilot-ref-h76215130","status":"publish","type":"product","link":"https:\/\/watchdeluxe.it\/es\/prodotto\/hamilton-khaki-aviation-pilot-ref-h76215130\/","title":{"rendered":"Hamilton khaki aviation pilot ref. H76215130"},"content":{"rendered":"<p>Hamilton khaki aviation pilot ref. H76215130<\/p>\n<ul>\n<li><strong>Referencia:<\/strong> H76215130<\/li>\n<li><strong>Movimiento:<\/strong> Calibre autom\u00e1tico H-10<\/li>\n<li><strong>Reserva de marcha:<\/strong> 80 horas<\/li>\n<li><strong>Material de la caja:<\/strong> Acero inoxidable<\/li>\n<li><strong>Dimensiones:<\/strong> Di\u00e1metro 36 mm \/ Grosor 11,15 mm<\/li>\n<li><strong>Cristal:<\/strong> Zafiro con tratamiento antirreflejos<\/li>\n<li><strong>Tecnolog\u00eda:<\/strong> Espiral amagn\u00e9tica de Nivachron\u2122<\/li>\n<li><strong>Esfera:<\/strong> Negra con \u00edndices y agujas en Super-LumiNova\u00ae<\/li>\n<li><strong>Hermeticidad:<\/strong> 10 bar (100 m)<\/li>\n<li><strong>Brazalete:<\/strong> Acero inoxidable con sistema Easy Click<\/li>\n<li><strong>Fondo:<\/strong> Transparente (Exhibition case back)<\/li>\n<\/ul>\n","protected":false},"excerpt":{"rendered":"<p>El Hamilton Khaki Aviation Pilot Auto 36 mm es un refinado tributo al legado de la aviaci\u00f3n, que fusiona una est\u00e9tica de inspiraci\u00f3n militar con la excelencia de la mec\u00e1nica suiza contempor\u00e1nea.<\/p>\n","protected":false},"featured_media":174630,"template":"","meta":{"_crdt_document":"","advanced_seo_description":"","jetpack_seo_html_title":"","jetpack_seo_noindex":false},"product_brand":[],"product_cat":[1915],"product_tag":[1387],"berocket_brand":[],"woo-feed-brand":[],"class_list":{"0":"post-173681","1":"product","2":"type-product","3":"status-publish","4":"has-post-thumbnail","6":"product_cat-hamilton","7":"product_tag-khaki","9":"first","10":"instock","11":"sale","12":"taxable","13":"shipping-taxable","14":"purchasable","15":"product-type-simple"},"bundled_by":[],"bundle_stock_status":"instock","bundle_stock_quantity":1,"bundle_virtual":false,"bundle_layout":"","bundle_add_to_cart_form_location":"","bundle_editable_in_cart":false,"bundle_sold_individually_context":"","bundle_item_grouping":"","bundle_min_size":"","bundle_max_size":"","bundle_price":[],"bundled_items":[],"bundle_sell_ids":[],"group_of_quantity":0,"min_quantity":0,"max_quantity":"","exclude_order_quantity_value_rules":"no","exclude_category_quantity_rules":"no","combine_variations":"no","jetpack_sharing_enabled":true,"jetpack_likes_enabled":true,"_links":{"self":[{"href":"https:\/\/watchdeluxe.it\/es\/wp-json\/wp\/v2\/product\/173681","targetHints":{"allow":["GET"]}}],"collection":[{"href":"https:\/\/watchdeluxe.it\/es\/wp-json\/wp\/v2\/product"}],"about":[{"href":"https:\/\/watchdeluxe.it\/es\/wp-json\/wp\/v2\/types\/product"}],"wp:featuredmedia":[{"embeddable":true,"href":"https:\/\/watchdeluxe.it\/es\/wp-json\/wp\/v2\/media\/174630"}],"wp:attachment":[{"href":"https:\/\/watchdeluxe.it\/es\/wp-json\/wp\/v2\/media?parent=173681"}],"wp:term":[{"taxonomy":"product_brand","embeddable":true,"href":"https:\/\/watchdeluxe.it\/es\/wp-json\/wp\/v2\/product_brand?post=173681"},{"taxonomy":"product_cat","embeddable":true,"href":"https:\/\/watchdeluxe.it\/es\/wp-json\/wp\/v2\/product_cat?post=173681"},{"taxonomy":"product_tag","embeddable":true,"href":"https:\/\/watchdeluxe.it\/es\/wp-json\/wp\/v2\/product_tag?post=173681"},{"taxonomy":"berocket_brand","embeddable":true,"href":"https:\/\/watchdeluxe.it\/es\/wp-json\/wp\/v2\/berocket_brand?post=173681"},{"taxonomy":"woo-feed-brand","embeddable":true,"href":"https:\/\/watchdeluxe.it\/es\/wp-json\/wp\/v2\/woo-feed-brand?post=173681"}],"curies":[{"name":"wp","href":"https:\/\/api.w.org\/{rel}","templated":true}]}}