{"id":173656,"date":"2026-04-13T11:20:58","date_gmt":"2026-04-13T09:20:58","guid":{"rendered":"https:\/\/watchdeluxe.it\/prodotto\/nomos-tetra-ref-476\/"},"modified":"2026-04-13T11:20:58","modified_gmt":"2026-04-13T09:20:58","slug":"nomos-tetra-ref-476","status":"publish","type":"product","link":"https:\/\/watchdeluxe.it\/es\/prodotto\/nomos-tetra-ref-476\/","title":{"rendered":"Nomos Tetra ref. 476"},"content":{"rendered":"<p>Nomos Tetra ref. 476<\/p>\n<li><strong>Referencia:<\/strong> 476<\/li>\n<li><strong>Colecci\u00f3n:<\/strong> Tetra Rose<\/li>\n<li><strong>Movimiento:<\/strong> Calibre Alpha de manufactura de cuerda manual<\/li>\n<li><strong>Caja:<\/strong> Acero inoxidable en dos partes<\/li>\n<li><strong>Dimensiones:<\/strong> 29,5 mm x 29,5 mm (grosor 6,3 mm)<\/li>\n<li><strong>Fondo:<\/strong> Cristal de zafiro transparente<\/li>\n<li><strong>Esfera:<\/strong> Rosa galvanizado con peque\u00f1o segundero a las 6<\/li>\n<li><strong>Agujas:<\/strong> Rodiadas con segundero en amarillo ne\u00f3n<\/li>\n<li><strong>Cristal:<\/strong> Zafiro antirrayas<\/li>\n<li><strong>Correa:<\/strong> Piel de ante (velour) gris<\/li>\n<li><strong>Reserva de marcha:<\/strong> Hasta 43 horas<\/li>\n<\/ul>\n","protected":false},"excerpt":{"rendered":"<p>Un icono de dise\u00f1o geom\u00e9trico que fusiona audacia y feminidad: el NOMOS 476 Tetra Rose cautiva con su delicada esfera rosa y la pureza mec\u00e1nica del calibre Alpha.<\/p>\n","protected":false},"featured_media":173651,"template":"","meta":{"_crdt_document":"","advanced_seo_description":"","jetpack_seo_html_title":"","jetpack_seo_noindex":false},"product_brand":[],"product_cat":[2360],"product_tag":[],"berocket_brand":[],"woo-feed-brand":[],"class_list":{"0":"post-173656","1":"product","2":"type-product","3":"status-publish","4":"has-post-thumbnail","6":"product_cat-nomos-glashutte-es","8":"first","9":"instock","10":"sale","11":"taxable","12":"shipping-taxable","13":"purchasable","14":"product-type-simple"},"bundled_by":[],"bundle_stock_status":"instock","bundle_stock_quantity":1,"bundle_virtual":false,"bundle_layout":"","bundle_add_to_cart_form_location":"","bundle_editable_in_cart":false,"bundle_sold_individually_context":"","bundle_item_grouping":"","bundle_min_size":"","bundle_max_size":"","bundle_price":[],"bundled_items":[],"bundle_sell_ids":[],"group_of_quantity":0,"min_quantity":0,"max_quantity":"","exclude_order_quantity_value_rules":"no","exclude_category_quantity_rules":"no","combine_variations":"no","jetpack_sharing_enabled":true,"jetpack_likes_enabled":true,"_links":{"self":[{"href":"https:\/\/watchdeluxe.it\/es\/wp-json\/wp\/v2\/product\/173656","targetHints":{"allow":["GET"]}}],"collection":[{"href":"https:\/\/watchdeluxe.it\/es\/wp-json\/wp\/v2\/product"}],"about":[{"href":"https:\/\/watchdeluxe.it\/es\/wp-json\/wp\/v2\/types\/product"}],"wp:featuredmedia":[{"embeddable":true,"href":"https:\/\/watchdeluxe.it\/es\/wp-json\/wp\/v2\/media\/173651"}],"wp:attachment":[{"href":"https:\/\/watchdeluxe.it\/es\/wp-json\/wp\/v2\/media?parent=173656"}],"wp:term":[{"taxonomy":"product_brand","embeddable":true,"href":"https:\/\/watchdeluxe.it\/es\/wp-json\/wp\/v2\/product_brand?post=173656"},{"taxonomy":"product_cat","embeddable":true,"href":"https:\/\/watchdeluxe.it\/es\/wp-json\/wp\/v2\/product_cat?post=173656"},{"taxonomy":"product_tag","embeddable":true,"href":"https:\/\/watchdeluxe.it\/es\/wp-json\/wp\/v2\/product_tag?post=173656"},{"taxonomy":"berocket_brand","embeddable":true,"href":"https:\/\/watchdeluxe.it\/es\/wp-json\/wp\/v2\/berocket_brand?post=173656"},{"taxonomy":"woo-feed-brand","embeddable":true,"href":"https:\/\/watchdeluxe.it\/es\/wp-json\/wp\/v2\/woo-feed-brand?post=173656"}],"curies":[{"name":"wp","href":"https:\/\/api.w.org\/{rel}","templated":true}]}}