{"id":173613,"date":"2026-04-13T11:12:38","date_gmt":"2026-04-13T09:12:38","guid":{"rendered":"https:\/\/watchdeluxe.it\/prodotto\/nomos-tangente-33-ref-123\/"},"modified":"2026-04-13T11:12:38","modified_gmt":"2026-04-13T09:12:38","slug":"nomos-tangente-33-ref-123","status":"publish","type":"product","link":"https:\/\/watchdeluxe.it\/es\/prodotto\/nomos-tangente-33-ref-123\/","title":{"rendered":"Nomos Tangente 33 ref. 123"},"content":{"rendered":"<p>Nomos Tangente 33 ref. 123<\/p>\n<ul>\n<li><strong>Referencia:<\/strong> 123<\/li>\n<li><strong>Caja:<\/strong> Acero inoxidable, bipartita<\/li>\n<li><strong>Cristal:<\/strong> Cristal de zafiro antiara\u00f1azos<\/li>\n<li><strong>Fondo:<\/strong> Cristal de zafiro transparente<\/li>\n<li><strong>Di\u00e1metro:<\/strong> 32,8 mm<\/li>\n<li><strong>Grosor:<\/strong> 6,6 mm<\/li>\n<li><strong>Movimiento:<\/strong> Calibre Alpha de cuerda manual<\/li>\n<li><strong>Reserva de marcha:<\/strong> Aprox. 43 horas<\/li>\n<li><strong>Esfera:<\/strong> Galvanizada, blanco plateado<\/li>\n<li><strong>Correa:<\/strong> Piel de ante (velour) beige<\/li>\n<\/ul>\n","protected":false},"excerpt":{"rendered":"<p>La esencia del dise\u00f1o Bauhaus en un formato delicado: el Tangente 33 ref. 123 combina la pureza de las l\u00edneas de Glash\u00fctte con la belleza mec\u00e1nica del fondo visto. <\/p>\n","protected":false},"featured_media":173551,"template":"","meta":{"_crdt_document":"","advanced_seo_description":"","jetpack_seo_html_title":"","jetpack_seo_noindex":false},"product_brand":[],"product_cat":[5410],"product_tag":[3740],"berocket_brand":[],"woo-feed-brand":[],"class_list":{"0":"post-173613","1":"product","2":"type-product","3":"status-publish","4":"has-post-thumbnail","6":"product_cat-nomos","7":"product_tag-tangente-2","9":"first","10":"instock","11":"sale","12":"taxable","13":"shipping-taxable","14":"purchasable","15":"product-type-simple"},"bundled_by":[],"bundle_stock_status":"instock","bundle_stock_quantity":1,"bundle_virtual":false,"bundle_layout":"","bundle_add_to_cart_form_location":"","bundle_editable_in_cart":false,"bundle_sold_individually_context":"","bundle_item_grouping":"","bundle_min_size":"","bundle_max_size":"","bundle_price":[],"bundled_items":[],"bundle_sell_ids":[],"group_of_quantity":0,"min_quantity":0,"max_quantity":"","exclude_order_quantity_value_rules":"no","exclude_category_quantity_rules":"no","combine_variations":"no","exclude_global_add_ons":[],"addons":[],"jetpack_sharing_enabled":true,"jetpack_likes_enabled":true,"_links":{"self":[{"href":"https:\/\/watchdeluxe.it\/es\/wp-json\/wp\/v2\/product\/173613","targetHints":{"allow":["GET"]}}],"collection":[{"href":"https:\/\/watchdeluxe.it\/es\/wp-json\/wp\/v2\/product"}],"about":[{"href":"https:\/\/watchdeluxe.it\/es\/wp-json\/wp\/v2\/types\/product"}],"wp:featuredmedia":[{"embeddable":true,"href":"https:\/\/watchdeluxe.it\/es\/wp-json\/wp\/v2\/media\/173551"}],"wp:attachment":[{"href":"https:\/\/watchdeluxe.it\/es\/wp-json\/wp\/v2\/media?parent=173613"}],"wp:term":[{"taxonomy":"product_brand","embeddable":true,"href":"https:\/\/watchdeluxe.it\/es\/wp-json\/wp\/v2\/product_brand?post=173613"},{"taxonomy":"product_cat","embeddable":true,"href":"https:\/\/watchdeluxe.it\/es\/wp-json\/wp\/v2\/product_cat?post=173613"},{"taxonomy":"product_tag","embeddable":true,"href":"https:\/\/watchdeluxe.it\/es\/wp-json\/wp\/v2\/product_tag?post=173613"},{"taxonomy":"berocket_brand","embeddable":true,"href":"https:\/\/watchdeluxe.it\/es\/wp-json\/wp\/v2\/berocket_brand?post=173613"},{"taxonomy":"woo-feed-brand","embeddable":true,"href":"https:\/\/watchdeluxe.it\/es\/wp-json\/wp\/v2\/woo-feed-brand?post=173613"}],"curies":[{"name":"wp","href":"https:\/\/api.w.org\/{rel}","templated":true}]}}