{"id":172703,"date":"2026-04-10T18:35:20","date_gmt":"2026-04-10T16:35:20","guid":{"rendered":"https:\/\/watchdeluxe.it\/prodotto\/longines-hydroconquest-ref-l37794906\/"},"modified":"2026-04-10T18:35:20","modified_gmt":"2026-04-10T16:35:20","slug":"longines-hydroconquest-ref-l37794906","status":"publish","type":"product","link":"https:\/\/watchdeluxe.it\/es\/prodotto\/longines-hydroconquest-ref-l37794906\/","title":{"rendered":"Longines hydroconquest ref. L37794906"},"content":{"rendered":"<p>Longines hydroconquest ref. L37794906<\/p>\n<ul>\n<li><strong>Colecci\u00f3n:<\/strong> HydroConquest<\/li>\n<li><strong>Movimiento:<\/strong> Mec\u00e1nico de carga autom\u00e1tica, calibre exclusivo L888<\/li>\n<li><strong>Reserva de marcha:<\/strong> Aproximadamente 72 horas<\/li>\n<li><strong>Caja:<\/strong> Acero inoxidable con di\u00e1metro de 39 mm<\/li>\n<li><strong>Bisel:<\/strong> Giratorio unidireccional en cer\u00e1mica azul<\/li>\n<li><strong>Esfera:<\/strong> Negra lacada brillante con \u00edndices y agujas en Swiss Super-LumiNova\u00ae<\/li>\n<li><strong>Cristal:<\/strong> Zafiro resistente a los ara\u00f1azos con tratamiento antirreflejos multicapa en ambos lados<\/li>\n<li><strong>Impermeabilidad:<\/strong> Hasta 30 bar (300 metros)<\/li>\n<li><strong>Brazalete:<\/strong> Malla milanesa en acero con cierre desplegable de seguridad<\/li>\n<li><strong>Tecnolog\u00eda:<\/strong> Espiral del volante en silicio monocristalino para una resistencia magn\u00e9tica superior<\/li>\n<\/ul>\n","protected":false},"excerpt":{"rendered":"<p>La excelencia subacu\u00e1tica se encuentra con el dise\u00f1o contempor\u00e1neo en este exclusivo reloj que fusiona prestaciones t\u00e9cnicas y una est\u00e9tica refinada en malla milanesa.<\/p>\n","protected":false},"featured_media":172458,"template":"","meta":{"_crdt_document":"","advanced_seo_description":"","jetpack_seo_html_title":"","jetpack_seo_noindex":false},"product_brand":[],"product_cat":[1923],"product_tag":[3737],"berocket_brand":[],"woo-feed-brand":[],"class_list":{"0":"post-172703","1":"product","2":"type-product","3":"status-publish","4":"has-post-thumbnail","6":"product_cat-longines","7":"product_tag-hydroconquest-2","9":"first","10":"instock","11":"sale","12":"taxable","13":"shipping-taxable","14":"purchasable","15":"product-type-simple"},"bundled_by":[],"bundle_stock_status":"instock","bundle_stock_quantity":1,"bundle_virtual":false,"bundle_layout":"","bundle_add_to_cart_form_location":"","bundle_editable_in_cart":false,"bundle_sold_individually_context":"","bundle_item_grouping":"","bundle_min_size":"","bundle_max_size":"","bundle_price":[],"bundled_items":[],"bundle_sell_ids":[],"group_of_quantity":0,"min_quantity":0,"max_quantity":"","exclude_order_quantity_value_rules":"no","exclude_category_quantity_rules":"no","combine_variations":"no","jetpack_sharing_enabled":true,"jetpack_likes_enabled":true,"_links":{"self":[{"href":"https:\/\/watchdeluxe.it\/es\/wp-json\/wp\/v2\/product\/172703","targetHints":{"allow":["GET"]}}],"collection":[{"href":"https:\/\/watchdeluxe.it\/es\/wp-json\/wp\/v2\/product"}],"about":[{"href":"https:\/\/watchdeluxe.it\/es\/wp-json\/wp\/v2\/types\/product"}],"wp:featuredmedia":[{"embeddable":true,"href":"https:\/\/watchdeluxe.it\/es\/wp-json\/wp\/v2\/media\/172458"}],"wp:attachment":[{"href":"https:\/\/watchdeluxe.it\/es\/wp-json\/wp\/v2\/media?parent=172703"}],"wp:term":[{"taxonomy":"product_brand","embeddable":true,"href":"https:\/\/watchdeluxe.it\/es\/wp-json\/wp\/v2\/product_brand?post=172703"},{"taxonomy":"product_cat","embeddable":true,"href":"https:\/\/watchdeluxe.it\/es\/wp-json\/wp\/v2\/product_cat?post=172703"},{"taxonomy":"product_tag","embeddable":true,"href":"https:\/\/watchdeluxe.it\/es\/wp-json\/wp\/v2\/product_tag?post=172703"},{"taxonomy":"berocket_brand","embeddable":true,"href":"https:\/\/watchdeluxe.it\/es\/wp-json\/wp\/v2\/berocket_brand?post=172703"},{"taxonomy":"woo-feed-brand","embeddable":true,"href":"https:\/\/watchdeluxe.it\/es\/wp-json\/wp\/v2\/woo-feed-brand?post=172703"}],"curies":[{"name":"wp","href":"https:\/\/api.w.org\/{rel}","templated":true}]}}