{"id":172518,"date":"2026-04-10T18:26:32","date_gmt":"2026-04-10T16:26:32","guid":{"rendered":"https:\/\/watchdeluxe.it\/prodotto\/longines-hydroconquest-ref-l37884566\/"},"modified":"2026-04-10T18:26:32","modified_gmt":"2026-04-10T16:26:32","slug":"longines-hydroconquest-ref-l37884566","status":"publish","type":"product","link":"https:\/\/watchdeluxe.it\/es\/prodotto\/longines-hydroconquest-ref-l37884566\/","title":{"rendered":"Longines hydroconquest ref. L37884566"},"content":{"rendered":"<p>Longines hydroconquest ref. L37884566\n<\/p>\n<ul>\n<li><strong>Caja:<\/strong> Acero inoxidable con bisel de cer\u00e1mica negra giratorio unidireccional<\/li>\n<li><strong>Cristal:<\/strong> Zafiro resistente a los ara\u00f1azos con tratamiento antirreflejos multicapa en ambos lados<\/li>\n<li><strong>Dimensiones:<\/strong> Di\u00e1metro de 41,00 mm<\/li>\n<li><strong>Impermeabilidad:<\/strong> Resistente al agua hasta 30 bar (300 metros)<\/li>\n<li><strong>Movimiento:<\/strong> Mec\u00e1nico de carga autom\u00e1tica, calibre L688 con rueda de pilares<\/li>\n<li><strong>Funciones:<\/strong> Horas, minutos, peque\u00f1os segundos a las 9 y fecha<\/li>\n<li><strong>Cron\u00f3grafo:<\/strong> Aguja central de 60 segundos, contador de 30 minutos y 12 horas<\/li>\n<li><strong>Esfera:<\/strong> Negra con rayos de sol con \u00edndices y n\u00fameros \u00e1rabes aplicados<\/li>\n<li><strong>Agujas:<\/strong> Plateadas pulidas con tratamiento Swiss Super-LumiNova\u00ae<\/li>\n<li><strong>Brazalete:<\/strong> Acero inoxidable con cierre desplegable de doble seguridad<\/li>\n<\/ul>\n","protected":false},"excerpt":{"rendered":"<p>La excelencia submarina se encuentra con la precisi\u00f3n cronogr\u00e1fica en un reloj nacido para dominar las profundidades con elegancia. Un icono de rendimiento y estilo atemporal, firmado por Longines. <\/p>\n","protected":false},"featured_media":172420,"template":"","meta":{"_crdt_document":"","advanced_seo_description":"","jetpack_seo_html_title":"","jetpack_seo_noindex":false},"product_brand":[],"product_cat":[2187],"product_tag":[2980],"berocket_brand":[],"woo-feed-brand":[],"class_list":{"0":"post-172518","1":"product","2":"type-product","3":"status-publish","4":"has-post-thumbnail","6":"product_cat-longines-es","7":"product_tag-hydroconquest-es","9":"first","10":"instock","11":"sale","12":"taxable","13":"shipping-taxable","14":"purchasable","15":"product-type-simple"},"bundled_by":[],"bundle_stock_status":"instock","bundle_stock_quantity":1,"bundle_virtual":false,"bundle_layout":"","bundle_add_to_cart_form_location":"","bundle_editable_in_cart":false,"bundle_sold_individually_context":"","bundle_item_grouping":"","bundle_min_size":"","bundle_max_size":"","bundle_price":[],"bundled_items":[],"bundle_sell_ids":[],"group_of_quantity":0,"min_quantity":0,"max_quantity":"","exclude_order_quantity_value_rules":"no","exclude_category_quantity_rules":"no","combine_variations":"no","exclude_global_add_ons":[],"addons":[],"jetpack_sharing_enabled":true,"jetpack_likes_enabled":true,"_links":{"self":[{"href":"https:\/\/watchdeluxe.it\/es\/wp-json\/wp\/v2\/product\/172518","targetHints":{"allow":["GET"]}}],"collection":[{"href":"https:\/\/watchdeluxe.it\/es\/wp-json\/wp\/v2\/product"}],"about":[{"href":"https:\/\/watchdeluxe.it\/es\/wp-json\/wp\/v2\/types\/product"}],"wp:featuredmedia":[{"embeddable":true,"href":"https:\/\/watchdeluxe.it\/es\/wp-json\/wp\/v2\/media\/172420"}],"wp:attachment":[{"href":"https:\/\/watchdeluxe.it\/es\/wp-json\/wp\/v2\/media?parent=172518"}],"wp:term":[{"taxonomy":"product_brand","embeddable":true,"href":"https:\/\/watchdeluxe.it\/es\/wp-json\/wp\/v2\/product_brand?post=172518"},{"taxonomy":"product_cat","embeddable":true,"href":"https:\/\/watchdeluxe.it\/es\/wp-json\/wp\/v2\/product_cat?post=172518"},{"taxonomy":"product_tag","embeddable":true,"href":"https:\/\/watchdeluxe.it\/es\/wp-json\/wp\/v2\/product_tag?post=172518"},{"taxonomy":"berocket_brand","embeddable":true,"href":"https:\/\/watchdeluxe.it\/es\/wp-json\/wp\/v2\/berocket_brand?post=172518"},{"taxonomy":"woo-feed-brand","embeddable":true,"href":"https:\/\/watchdeluxe.it\/es\/wp-json\/wp\/v2\/woo-feed-brand?post=172518"}],"curies":[{"name":"wp","href":"https:\/\/api.w.org\/{rel}","templated":true}]}}