{"id":168342,"date":"2026-04-10T15:30:55","date_gmt":"2026-04-10T13:30:55","guid":{"rendered":"https:\/\/watchdeluxe.it\/prodotto\/iwc-portugues-oro-rosa-calendario-perpetuo-ref-iw344202\/"},"modified":"2026-04-10T15:30:55","modified_gmt":"2026-04-10T13:30:55","slug":"iwc-portugues-oro-rosa-calendario-perpetuo-ref-iw344202","status":"publish","type":"product","link":"https:\/\/watchdeluxe.it\/es\/prodotto\/iwc-portugues-oro-rosa-calendario-perpetuo-ref-iw344202\/","title":{"rendered":"Iwc portugu\u00e9s oro rosa calendario perpetuo ref. IW344202"},"content":{"rendered":"<p>Iwc portugu\u00e9s oro rosa calendario perpetuo ref. IW344202<\/p>\n<ul>\n<li><strong>Material de la caja:<\/strong> Oro de 18 quilates 5N Armor Gold\u00ae<\/li>\n<li><strong>Di\u00e1metro:<\/strong> 42,4 mm<\/li>\n<li><strong>Movimiento:<\/strong> Calibre 82650 de manufactura IWC<\/li>\n<li><strong>Reserva de marcha:<\/strong> 60 horas<\/li>\n<li><strong>Complicaciones:<\/strong> Calendario perpetuo con fecha, d\u00eda, mes, a\u00f1o bisiesto y fases lunares<\/li>\n<li><strong>Sistema de carga:<\/strong> Autom\u00e1tico Pellaton con componentes de cer\u00e1mica antidesgaste<\/li>\n<li><strong>Cristal:<\/strong> Cristal de zafiro abombado, antirreflectante en ambos lados<\/li>\n<li><strong>Fondo:<\/strong> Transparente de cristal de zafiro<\/li>\n<li><strong>Correa:<\/strong> Piel de caim\u00e1n marr\u00f3n de Santoni<\/li>\n<li><strong>Estanqueidad:<\/strong> 3 bar<\/li>\n<\/ul>\n","protected":false},"excerpt":{"rendered":"<p>El ep\u00edtome del refinamiento t\u00e9cnico: un calendario perpetuo alojado en una preciosa caja de oro de 18 quilates que define los nuevos est\u00e1ndares de la alta relojer\u00eda.<\/p>\n","protected":false},"featured_media":167864,"template":"","meta":{"_crdt_document":"","advanced_seo_description":"","jetpack_seo_html_title":"","jetpack_seo_noindex":false},"product_brand":[],"product_cat":[1918],"product_tag":[3716],"berocket_brand":[],"woo-feed-brand":[],"class_list":{"0":"post-168342","1":"product","2":"type-product","3":"status-publish","4":"has-post-thumbnail","6":"product_cat-iwc","7":"product_tag-portoghese-2","9":"first","10":"instock","11":"sale","12":"taxable","13":"shipping-taxable","14":"purchasable","15":"product-type-simple"},"bundled_by":[],"bundle_stock_status":"instock","bundle_stock_quantity":1,"bundle_virtual":false,"bundle_layout":"","bundle_add_to_cart_form_location":"","bundle_editable_in_cart":false,"bundle_sold_individually_context":"","bundle_item_grouping":"","bundle_min_size":"","bundle_max_size":"","bundle_price":[],"bundled_items":[],"bundle_sell_ids":[],"group_of_quantity":0,"min_quantity":0,"max_quantity":"","exclude_order_quantity_value_rules":"no","exclude_category_quantity_rules":"no","combine_variations":"no","exclude_global_add_ons":[],"addons":[],"jetpack_sharing_enabled":true,"jetpack_likes_enabled":true,"_links":{"self":[{"href":"https:\/\/watchdeluxe.it\/es\/wp-json\/wp\/v2\/product\/168342","targetHints":{"allow":["GET"]}}],"collection":[{"href":"https:\/\/watchdeluxe.it\/es\/wp-json\/wp\/v2\/product"}],"about":[{"href":"https:\/\/watchdeluxe.it\/es\/wp-json\/wp\/v2\/types\/product"}],"wp:featuredmedia":[{"embeddable":true,"href":"https:\/\/watchdeluxe.it\/es\/wp-json\/wp\/v2\/media\/167864"}],"wp:attachment":[{"href":"https:\/\/watchdeluxe.it\/es\/wp-json\/wp\/v2\/media?parent=168342"}],"wp:term":[{"taxonomy":"product_brand","embeddable":true,"href":"https:\/\/watchdeluxe.it\/es\/wp-json\/wp\/v2\/product_brand?post=168342"},{"taxonomy":"product_cat","embeddable":true,"href":"https:\/\/watchdeluxe.it\/es\/wp-json\/wp\/v2\/product_cat?post=168342"},{"taxonomy":"product_tag","embeddable":true,"href":"https:\/\/watchdeluxe.it\/es\/wp-json\/wp\/v2\/product_tag?post=168342"},{"taxonomy":"berocket_brand","embeddable":true,"href":"https:\/\/watchdeluxe.it\/es\/wp-json\/wp\/v2\/berocket_brand?post=168342"},{"taxonomy":"woo-feed-brand","embeddable":true,"href":"https:\/\/watchdeluxe.it\/es\/wp-json\/wp\/v2\/woo-feed-brand?post=168342"}],"curies":[{"name":"wp","href":"https:\/\/api.w.org\/{rel}","templated":true}]}}