{"id":168202,"date":"2026-04-10T15:04:07","date_gmt":"2026-04-10T13:04:07","guid":{"rendered":"https:\/\/watchdeluxe.it\/prodotto\/longines-la-grande-classique-ref-l49184942\/"},"modified":"2026-04-10T15:04:07","modified_gmt":"2026-04-10T13:04:07","slug":"longines-la-grande-classique-ref-l49184942","status":"publish","type":"product","link":"https:\/\/watchdeluxe.it\/es\/prodotto\/longines-la-grande-classique-ref-l49184942\/","title":{"rendered":"Longines La Grande Classique ref. L49184942"},"content":{"rendered":"<p>Longines La Grande Classique ref. L49184942<\/p>\n<li><strong>Colecci\u00f3n:<\/strong> La Grande Classique de Longines<\/li>\n<li><strong>Material de la caja:<\/strong> Acero inoxidable<\/li>\n<li><strong>Di\u00e1metro:<\/strong> 38,00 mm<\/li>\n<li><strong>Cristal:<\/strong> Zafiro antiara\u00f1azos<\/li>\n<li><strong>Movimiento:<\/strong> Mec\u00e1nico de carga autom\u00e1tica<\/li>\n<li><strong>Calibre:<\/strong> L591 (28.800 alternancias por hora)<\/li>\n<li><strong>Reserva de marcha:<\/strong> Aprox. 45 horas<\/li>\n<li><strong>Esfera:<\/strong> Azul efecto rayos de sol con n\u00fameros romanos pintados<\/li>\n<li><strong>Correa:<\/strong> Piel de alig\u00e1tor azul con hebilla<\/li>\n<li><strong>Impermeabilidad:<\/strong> 3 bar (30 metros)<\/li>\n<\/ul>\n","protected":false},"excerpt":{"rendered":"<p>La encarnaci\u00f3n de la elegancia atemporal: un perfil ultrafino que alberga la excelencia mec\u00e1nica suiza en una est\u00e9tica azul magn\u00e9tica.<\/p>\n","protected":false},"featured_media":167832,"template":"","meta":{"_crdt_document":"","advanced_seo_description":"","jetpack_seo_html_title":"","jetpack_seo_noindex":false},"product_brand":[],"product_cat":[1923],"product_tag":[1533],"berocket_brand":[],"woo-feed-brand":[],"class_list":{"0":"post-168202","1":"product","2":"type-product","3":"status-publish","4":"has-post-thumbnail","6":"product_cat-longines","7":"product_tag-le-grand-classique","9":"first","10":"instock","11":"sale","12":"taxable","13":"shipping-taxable","14":"purchasable","15":"product-type-simple"},"bundled_by":[],"bundle_stock_status":"instock","bundle_stock_quantity":1,"bundle_virtual":false,"bundle_layout":"","bundle_add_to_cart_form_location":"","bundle_editable_in_cart":false,"bundle_sold_individually_context":"","bundle_item_grouping":"","bundle_min_size":"","bundle_max_size":"","bundle_price":[],"bundled_items":[],"bundle_sell_ids":[],"group_of_quantity":0,"min_quantity":0,"max_quantity":"","exclude_order_quantity_value_rules":"no","exclude_category_quantity_rules":"no","combine_variations":"no","jetpack_sharing_enabled":true,"jetpack_likes_enabled":true,"_links":{"self":[{"href":"https:\/\/watchdeluxe.it\/es\/wp-json\/wp\/v2\/product\/168202","targetHints":{"allow":["GET"]}}],"collection":[{"href":"https:\/\/watchdeluxe.it\/es\/wp-json\/wp\/v2\/product"}],"about":[{"href":"https:\/\/watchdeluxe.it\/es\/wp-json\/wp\/v2\/types\/product"}],"wp:featuredmedia":[{"embeddable":true,"href":"https:\/\/watchdeluxe.it\/es\/wp-json\/wp\/v2\/media\/167832"}],"wp:attachment":[{"href":"https:\/\/watchdeluxe.it\/es\/wp-json\/wp\/v2\/media?parent=168202"}],"wp:term":[{"taxonomy":"product_brand","embeddable":true,"href":"https:\/\/watchdeluxe.it\/es\/wp-json\/wp\/v2\/product_brand?post=168202"},{"taxonomy":"product_cat","embeddable":true,"href":"https:\/\/watchdeluxe.it\/es\/wp-json\/wp\/v2\/product_cat?post=168202"},{"taxonomy":"product_tag","embeddable":true,"href":"https:\/\/watchdeluxe.it\/es\/wp-json\/wp\/v2\/product_tag?post=168202"},{"taxonomy":"berocket_brand","embeddable":true,"href":"https:\/\/watchdeluxe.it\/es\/wp-json\/wp\/v2\/berocket_brand?post=168202"},{"taxonomy":"woo-feed-brand","embeddable":true,"href":"https:\/\/watchdeluxe.it\/es\/wp-json\/wp\/v2\/woo-feed-brand?post=168202"}],"curies":[{"name":"wp","href":"https:\/\/api.w.org\/{rel}","templated":true}]}}