{"id":168165,"date":"2026-04-10T14:57:24","date_gmt":"2026-04-10T12:57:24","guid":{"rendered":"https:\/\/watchdeluxe.it\/prodotto\/mido-commander-ref-m0214311106102\/"},"modified":"2026-04-10T14:57:24","modified_gmt":"2026-04-10T12:57:24","slug":"mido-commander-ref-m0214311106102","status":"publish","type":"product","link":"https:\/\/watchdeluxe.it\/es\/prodotto\/mido-commander-ref-m0214311106102\/","title":{"rendered":"Mido commander ref. M0214311106102"},"content":{"rendered":"<p>Mido commander ref. M0214311106102<\/p>\n<ul>\n<li><strong>Movimiento:<\/strong> Autom\u00e1tico Mido Calibre 80 (base ETA C07.621) certificado COSC<\/li>\n<li><strong>Reserva de marcha:<\/strong> Hasta 80 h<\/li>\n<li><strong>Material de la Caja:<\/strong> Acero inoxidable 316L<\/li>\n<li><strong>Di\u00e1metro:<\/strong> 40 mm<\/li>\n<li><strong>Esfera:<\/strong> Antracita con acabado satinado de rayos de sol<\/li>\n<li><strong>Cristal:<\/strong> Zafiro facetado y antiara\u00f1azos<\/li>\n<li><strong>Impermeabilidad:<\/strong> 5 bar (50 metros \/ 165 pies)<\/li>\n<li><strong>Funciones:<\/strong> D\u00eda y Fecha (Day-Date) y Cron\u00f3metro certificado<\/li>\n<li><strong>Edici\u00f3n Limitada:<\/strong> 1889 ejemplares (inspirada en el a\u00f1o de inauguraci\u00f3n de la Torre Eiffel)<\/li>\n<li><strong>Brazalete:<\/strong> Acero inoxidable con cierre desplegable<\/li>\n<\/ul>\n","protected":false},"excerpt":{"rendered":"<p>Una obra maestra de precisi\u00f3n arquitect\u00f3nica inspirada en la Torre Eiffel, el MIDO Commander Chronometer fusiona el prestigio de la certificaci\u00f3n COSC con una reserva de marcha de 80 horas.<\/p>\n","protected":false},"featured_media":167828,"template":"","meta":{"_crdt_document":"","advanced_seo_description":"","jetpack_seo_html_title":"","jetpack_seo_noindex":false},"product_brand":[],"product_cat":[1922],"product_tag":[3727],"berocket_brand":[],"woo-feed-brand":[],"class_list":{"0":"post-168165","1":"product","2":"type-product","3":"status-publish","4":"has-post-thumbnail","6":"product_cat-mido","7":"product_tag-commander-2","9":"first","10":"instock","11":"sale","12":"taxable","13":"shipping-taxable","14":"purchasable","15":"product-type-simple"},"bundled_by":[],"bundle_stock_status":"instock","bundle_stock_quantity":1,"bundle_virtual":false,"bundle_layout":"","bundle_add_to_cart_form_location":"","bundle_editable_in_cart":false,"bundle_sold_individually_context":"","bundle_item_grouping":"","bundle_min_size":"","bundle_max_size":"","bundle_price":[],"bundled_items":[],"bundle_sell_ids":[],"group_of_quantity":0,"min_quantity":0,"max_quantity":"","exclude_order_quantity_value_rules":"no","exclude_category_quantity_rules":"no","combine_variations":"no","jetpack_sharing_enabled":true,"jetpack_likes_enabled":true,"_links":{"self":[{"href":"https:\/\/watchdeluxe.it\/es\/wp-json\/wp\/v2\/product\/168165","targetHints":{"allow":["GET"]}}],"collection":[{"href":"https:\/\/watchdeluxe.it\/es\/wp-json\/wp\/v2\/product"}],"about":[{"href":"https:\/\/watchdeluxe.it\/es\/wp-json\/wp\/v2\/types\/product"}],"wp:featuredmedia":[{"embeddable":true,"href":"https:\/\/watchdeluxe.it\/es\/wp-json\/wp\/v2\/media\/167828"}],"wp:attachment":[{"href":"https:\/\/watchdeluxe.it\/es\/wp-json\/wp\/v2\/media?parent=168165"}],"wp:term":[{"taxonomy":"product_brand","embeddable":true,"href":"https:\/\/watchdeluxe.it\/es\/wp-json\/wp\/v2\/product_brand?post=168165"},{"taxonomy":"product_cat","embeddable":true,"href":"https:\/\/watchdeluxe.it\/es\/wp-json\/wp\/v2\/product_cat?post=168165"},{"taxonomy":"product_tag","embeddable":true,"href":"https:\/\/watchdeluxe.it\/es\/wp-json\/wp\/v2\/product_tag?post=168165"},{"taxonomy":"berocket_brand","embeddable":true,"href":"https:\/\/watchdeluxe.it\/es\/wp-json\/wp\/v2\/berocket_brand?post=168165"},{"taxonomy":"woo-feed-brand","embeddable":true,"href":"https:\/\/watchdeluxe.it\/es\/wp-json\/wp\/v2\/woo-feed-brand?post=168165"}],"curies":[{"name":"wp","href":"https:\/\/api.w.org\/{rel}","templated":true}]}}