{"id":168088,"date":"2026-04-10T14:43:27","date_gmt":"2026-04-10T12:43:27","guid":{"rendered":"https:\/\/watchdeluxe.it\/prodotto\/mido-rainflower-ref-m0432073701900\/"},"modified":"2026-04-10T14:43:27","modified_gmt":"2026-04-10T12:43:27","slug":"mido-rainflower-ref-m0432073701900","status":"publish","type":"product","link":"https:\/\/watchdeluxe.it\/es\/prodotto\/mido-rainflower-ref-m0432073701900\/","title":{"rendered":"Mido rainflower ref. M0432073701900"},"content":{"rendered":"<p>Mido rainflower ref. M0432073701900<\/p>\n<ul>\n<li><strong>Colecci\u00f3n:<\/strong> Ocean Star 36,5<\/li>\n<li><strong>Movimiento:<\/strong> Autom\u00e1tico Mido Calibre 80 (base ETA C07.611)<\/li>\n<li><strong>Reserva de marcha:<\/strong> Hasta 80 h<\/li>\n<li><strong>Material de la Caja:<\/strong> Acero inoxidable con tratamiento PVD oro rosa<\/li>\n<li><strong>Esfera:<\/strong> N\u00e1car blanco engalanada con 11 diamantes (0,051 ct)<\/li>\n<li><strong>Bisel:<\/strong> Giratorio unidireccional con anillo de cer\u00e1mica negra de alta tecnolog\u00eda<\/li>\n<li><strong>Cristal:<\/strong> Cristal de zafiro con tratamiento antirreflejos en ambas caras<\/li>\n<li><strong>Impermeabilidad:<\/strong> 20 bar (200 m \/ 660 ft) con corona y fondo atornillados<\/li>\n<li><strong>Tecnolog\u00eda:<\/strong> Espiral en Nivachron\u2122 antimagn\u00e9tica para una precisi\u00f3n superior<\/li>\n<li><strong>Correa:<\/strong> Caucho negro con acabado texturizado y cierre de hebilla<\/li>\n<\/ul>\n","protected":false},"excerpt":{"rendered":"<p>El MIDO Ocean Star 36,5 fusiona la elegancia del n\u00e1car y el brillo de los diamantes con la robustez de un diver profesional, creando un reloj de fascinaci\u00f3n magn\u00e9tica y atemporal.<\/p>\n","protected":false},"featured_media":167818,"template":"","meta":{"_crdt_document":"","advanced_seo_description":"","jetpack_seo_html_title":"","jetpack_seo_noindex":false},"product_brand":[],"product_cat":[1922],"product_tag":[4734],"berocket_brand":[],"woo-feed-brand":[],"class_list":{"0":"post-168088","1":"product","2":"type-product","3":"status-publish","4":"has-post-thumbnail","6":"product_cat-mido","7":"product_tag-rainflower-2","9":"first","10":"instock","11":"sale","12":"taxable","13":"shipping-taxable","14":"purchasable","15":"product-type-simple"},"bundled_by":[],"bundle_stock_status":"instock","bundle_stock_quantity":1,"bundle_virtual":false,"bundle_layout":"","bundle_add_to_cart_form_location":"","bundle_editable_in_cart":false,"bundle_sold_individually_context":"","bundle_item_grouping":"","bundle_min_size":"","bundle_max_size":"","bundle_price":[],"bundled_items":[],"bundle_sell_ids":[],"group_of_quantity":0,"min_quantity":0,"max_quantity":"","exclude_order_quantity_value_rules":"no","exclude_category_quantity_rules":"no","combine_variations":"no","exclude_global_add_ons":[],"addons":[],"jetpack_sharing_enabled":true,"jetpack_likes_enabled":true,"_links":{"self":[{"href":"https:\/\/watchdeluxe.it\/es\/wp-json\/wp\/v2\/product\/168088","targetHints":{"allow":["GET"]}}],"collection":[{"href":"https:\/\/watchdeluxe.it\/es\/wp-json\/wp\/v2\/product"}],"about":[{"href":"https:\/\/watchdeluxe.it\/es\/wp-json\/wp\/v2\/types\/product"}],"wp:featuredmedia":[{"embeddable":true,"href":"https:\/\/watchdeluxe.it\/es\/wp-json\/wp\/v2\/media\/167818"}],"wp:attachment":[{"href":"https:\/\/watchdeluxe.it\/es\/wp-json\/wp\/v2\/media?parent=168088"}],"wp:term":[{"taxonomy":"product_brand","embeddable":true,"href":"https:\/\/watchdeluxe.it\/es\/wp-json\/wp\/v2\/product_brand?post=168088"},{"taxonomy":"product_cat","embeddable":true,"href":"https:\/\/watchdeluxe.it\/es\/wp-json\/wp\/v2\/product_cat?post=168088"},{"taxonomy":"product_tag","embeddable":true,"href":"https:\/\/watchdeluxe.it\/es\/wp-json\/wp\/v2\/product_tag?post=168088"},{"taxonomy":"berocket_brand","embeddable":true,"href":"https:\/\/watchdeluxe.it\/es\/wp-json\/wp\/v2\/berocket_brand?post=168088"},{"taxonomy":"woo-feed-brand","embeddable":true,"href":"https:\/\/watchdeluxe.it\/es\/wp-json\/wp\/v2\/woo-feed-brand?post=168088"}],"curies":[{"name":"wp","href":"https:\/\/api.w.org\/{rel}","templated":true}]}}